{"id":5022,"date":"2024-01-15T18:18:55","date_gmt":"2024-01-16T00:18:55","guid":{"rendered":"https:\/\/etnografia.inah.gob.mx\/?page_id=5022"},"modified":"2024-01-16T15:03:36","modified_gmt":"2024-01-16T21:03:36","slug":"seminario-memoria-territorio-y-violencia","status":"publish","type":"page","link":"https:\/\/etnografia.inah.gob.mx\/?page_id=5022","title":{"rendered":"Seminario Memoria, Territorio y violencia"},"content":{"rendered":"<div data-colibri-id=\"5022-c1\" class=\"style-2173 style-local-5022-c1 position-relative\">\n  <!---->\n  <div data-colibri-component=\"section\" data-colibri-id=\"5022-c2\" id=\"custom\" class=\"h-section h-section-global-spacing d-flex align-items-lg-center align-items-md-center align-items-center style-2174 style-local-5022-c2 position-relative\">\n    <!---->\n    <!---->\n    <div class=\"h-section-grid-container h-section-boxed-container\">\n      <!---->\n      <div data-colibri-id=\"5022-c3\" class=\"h-row-container gutters-row-lg-2 gutters-row-md-2 gutters-row-0 gutters-row-v-lg-2 gutters-row-v-md-2 gutters-row-v-2 style-2180 style-local-5022-c3 position-relative\">\n        <!---->\n        <div class=\"h-row justify-content-lg-center justify-content-md-center justify-content-center align-items-lg-stretch align-items-md-stretch align-items-stretch gutters-col-lg-2 gutters-col-md-2 gutters-col-0 gutters-col-v-lg-2 gutters-col-v-md-2 gutters-col-v-2\">\n          <!---->\n          <div class=\"h-column h-column-container d-flex h-col-lg-auto h-col-md-auto h-col-auto style-2181-outer style-local-5022-c4-outer\">\n            <div data-colibri-id=\"5022-c4\" class=\"d-flex h-flex-basis h-column__inner h-px-lg-2 h-px-md-2 h-px-2 v-inner-lg-2 v-inner-md-2 v-inner-2 style-2181 style-local-5022-c4 position-relative\">\n              <!---->\n              <!---->\n              <div class=\"w-100 h-y-container h-column__content h-column__v-align flex-basis-100 align-self-lg-start align-self-md-start align-self-start\">\n                <!---->\n                <div data-colibri-id=\"5022-c5\" class=\"h-text h-text-component style-2182 style-local-5022-c5 position-relative h-element\">\n                  <!---->\n                  <!---->\n                  <div class=\"\">\n                    <p><strong style=\"font-family: Montserrat; color: rgb(0, 0, 0); font-weight: 700; font-size: 131%;\">\u201cMemorias autobiogr\u00e1fica y colectiva como procesos sociocognitivos. <\/strong><span style=\"font-family: Montserrat; color: rgb(0, 0, 0); font-weight: 700; font-size: 131%;\">Un estudio en dos comunidades de Guerrero\u201d<\/span>\n                      <span\n                        style=\"font-family: Montserrat; color: rgb(0, 0, 0); font-weight: 500; font-size: 131%;\">\n                        <br>\n                        <\/span>\n                    <\/p>\n                    <p><span style=\"font-family: Montserrat; color: rgb(0, 0, 0); font-weight: 500; font-size: 131%;\">El Programa Nacional de Etnograf\u00eda 2021-2023 (PRONE) del Instituto Nacional de Antropolog\u00eda e Historia (INAH) constituye un ejercicio institucional para reflexionar sobre la investigaci\u00f3n que se realiza con base en el m\u00e9todo etnogr\u00e1fico en M\u00e9xico, a partir de datos actuales de comunidades diversas. Por lo anterior, es importante considerar de manera formal cu\u00e1l es el tipo de relaci\u00f3n que se establece entre los equipos de investigaci\u00f3n y los sujetos, o bien, las sociedades con las que se trabaja en la soluci\u00f3n de un problema concreto o en la documentaci\u00f3n de un proyecto de investigaci\u00f3n. En este sentido, la \u00e9tica, en sus dimensiones de comportamiento y responsabilidad frente a comunidades marginalizadas, adquiere una gran relevancia.<\/span><\/p>\n                    <p><span style=\"font-family: Montserrat; color: rgb(0, 0, 0); font-weight: 500; font-size: 131%;\">Espec\u00edficamente, en el proyecto \u201cMemorias autobiogr\u00e1fica y colectiva como procesos sociocognitivos. Un estudio en dos comunidades de Guerrero\u201d (MAyC) se busca establecer la manera en la que discursiva y ling\u00fc\u00edsticamente se interconecta la identidad grupal, representada por la memoria colectiva, y las vivencias o reacciones que conforman la identidad individual, las cuales se reflejan en la memoria autobiogr\u00e1fica. Lo particular de la investigaci\u00f3n es que la informaci\u00f3n y los datos se recolectan en dos comunidades en las que la violencia ha estado presente por muchos a\u00f1os. En el caso de Uni\u00f3n de las Peras y La Lucerna (municipio de Malinaltepec, regi\u00f3n de la Monta\u00f1a) dicha violencia se manifiesta en la lucha por la defensa del territorio m\u00e8\u2019ph\u00e0\u00e0 ante la implantaci\u00f3n forzada de megaproyectos de extracci\u00f3n, como el de la miner\u00eda a cielo abierto. En el caso de Huehuet\u00e1n (municipio de Azoy\u00fa, regi\u00f3n de la Costa Chica) la violencia tiene dos vertientes; por un lado, una antigua y, por el otro lado, una reciente. En el primer caso, se<\/span><\/p>\n                    <p><span style=\"font-family: Montserrat; color: rgb(0, 0, 0); font-weight: 500; font-size: 131%;\"> trata de una violencia interna, mayormente matanzas entre familias, en tanto que en el segundo caso se alude a una violencia externa que surge de la relaci\u00f3n entre poblaci\u00f3n y autoridades municipales, principalmente, las cuales no le han brindado los servicios b\u00e1sicos a la poblaci\u00f3n. Esta situaci\u00f3n desde 2011 se ha intentado resolver mediante una lucha por la independencia de Azoy\u00fa y la conformaci\u00f3n del municipio de Huehuet\u00e1n.<\/span><\/p>\n                    <p><span style=\"font-family: Montserrat; color: rgb(0, 0, 0); font-weight: 500; font-size: 131%;\">En este marco se presenta una propuesta de un seminario en el que se tratar\u00e1n tem\u00e1ticas que se desprenden de la relaci\u00f3n entre territorio y violencia. El prop\u00f3sito de este planteamiento es doble; por un lado, dotar de los elementos te\u00f3ricos fundamentales para adentrarse en el estudio profundo de la violencia y el territorio, mientras que, por el otro lado, se analizar\u00e1, asimismo, la manera en la que estos conceptos propician las evocaciones propias de la identidad en la memoria colectiva, as\u00ed como las que configuran a un individuo a trav\u00e9s de la memoria autobiogr\u00e1fica.<\/span><\/p>\n                    <p><span style=\"font-family: Montserrat; color: rgb(0, 0, 0); font-weight: 500; font-size: 131%;\">El seminario constar\u00e1 de cuatro reuniones con una duraci\u00f3n de dos horas cada una y se efectuar\u00e1 a partir de noviembre de 2022 cada dos meses hasta mayo de 2023. Estar\u00eda abierto a los proyectos del Programa Nacional de Etnograf\u00eda, as\u00ed como a estudiantes e interesados en poblaciones afrodescendientes de la Costa Chica e ind\u00edgenas de la Monta\u00f1a. Se espera que de esta actividad surjan colaboraciones institucionales que permitan generar un grupo de trabajo sobre violencia y territorio.<br><\/span><\/p>\n                    <p><strong style=\"font-family: Montserrat; color: rgb(0, 0, 0); font-weight: 700; font-size: 131%;\">Objetivo<\/strong><\/p>\n                    <p><span style=\"font-family: Montserrat; color: rgb(0, 0, 0); font-weight: 500; font-size: 131%;\">Vincular te\u00f3ricamente el estudio del territorio y la violencia en M\u00e9xico para entender diferentes procesos sociales y formalizar la creaci\u00f3n de un grupo interinstitucional de trabajo.<br><\/span><\/p>\n                    <p><strong style=\"font-family: Montserrat; color: rgb(0, 0, 0); font-weight: 700; font-size: 131%;\">Esquema previsto<\/strong><span style=\"color: rgb(0, 0, 0); font-family: Montserrat; font-weight: 500;\"><br><\/span><\/p>\n                    <p><span style=\"font-family: Montserrat; color: rgb(0, 0, 0); font-weight: 500; font-size: 131%;\">\u25cf&nbsp;&nbsp;&nbsp;&nbsp;Cuatro sesiones, una cada dos meses.<\/span><\/p>\n                    <p><span style=\"font-family: Montserrat; color: rgb(0, 0, 0); font-weight: 500; font-size: 131%;\">\u25cf&nbsp;&nbsp;&nbsp;&nbsp;Las reuniones ser\u00e1n el \u00faltimo lunes del mes.<\/span><\/p>\n                    <p><span style=\"font-family: Montserrat; color: rgb(0, 0, 0); font-weight: 500; font-size: 131%;\"> \u25cf&nbsp;&nbsp;&nbsp;&nbsp;De 16:00 a 18:00 h (Centro de M\u00e9xico).<\/span><\/p>\n                    <p><span style=\"font-family: Montserrat; color: rgb(0, 0, 0); font-weight: 500; font-size: 131%;\">\u25cf&nbsp;&nbsp;&nbsp;&nbsp;Modalidad formativa.<\/span><\/p>\n                    <p><span style=\"font-weight: 500; color: rgb(0, 0, 0); font-size: 131%;\">\u25cf&nbsp;&nbsp;&nbsp;&nbsp;Se reserva un espacio para preguntas y respuestas.<\/span><span style=\"font-family: Montserrat; color: rgb(0, 0, 0); font-weight: 500; font-size: 131%;\"><br><\/span><\/p>\n                    <p><strong style=\"font-size: 131%; color: rgb(0, 0, 0); font-weight: 700; font-family: Montserrat;\">Contenido provisional<\/strong><span style=\"color: rgb(0, 0, 0); font-weight: 500; font-family: Montserrat;\"><br><\/span><\/p>\n                    <p><span style=\"font-family: Montserrat; color: rgb(0, 0, 0); font-weight: 500; font-size: 131%;\">Sesi\u00f3n 1: \u00bfC\u00f3mo se vincula el territorio y la violencia? Sesi\u00f3n te\u00f3rica. Concepciones del territorio. Tipos de violencia. Formas de estudio.<\/span><\/p>\n                    <p><span style=\"font-family: Montserrat; color: rgb(0, 0, 0); font-weight: 500; font-size: 131%;\">Sesi\u00f3n 2: Panorama en el sur de M\u00e9xico. Sesi\u00f3n emp\u00edrica. Casos en Oaxaca. <\/span><\/p>\n                    <p><span style=\"font-family: Montserrat; color: rgb(0, 0, 0); font-weight: 500; font-size: 131%;\">Sesi\u00f3n 3: Panorama en el norte de M\u00e9xico. Sesi\u00f3n emp\u00edrica. Casos en Sonora. <\/span><\/p>\n                    <p><span style=\"font-family: Montserrat; color: rgb(0, 0, 0); font-weight: 500; font-size: 131%;\">Sesi\u00f3n 4: Retos para la investigaci\u00f3n en el tema. Mesa de discusi\u00f3n.<br><\/span><\/p>\n                    <p><span style=\"font-family: Montserrat; color: rgb(0, 0, 0); font-weight: 500; font-size: 131%;\">Se proporcionar\u00e1 constancia de participaci\u00f3n y asistencia con valor curricular.<\/span><\/p>\n                  <\/div>\n                <\/div>\n              <\/div>\n            <\/div>\n          <\/div>\n        <\/div>\n      <\/div>\n    <\/div>\n  <\/div>\n  <div data-colibri-component=\"section\" data-colibri-id=\"5022-c10\" id=\"custom-2\" class=\"h-section h-section-global-spacing d-flex align-items-lg-center align-items-md-center align-items-center style-2187 style-local-5022-c10 position-relative\">\n    <!---->\n    <!---->\n    <div class=\"h-section-grid-container h-section-boxed-container\">\n      <!---->\n      <div data-colibri-id=\"5022-c11\" class=\"h-row-container gutters-row-lg-2 gutters-row-md-2 gutters-row-0 gutters-row-v-lg-2 gutters-row-v-md-2 gutters-row-v-2 style-2188 style-local-5022-c11 position-relative\">\n        <!---->\n        <div class=\"h-row justify-content-lg-center justify-content-md-center justify-content-center align-items-lg-stretch align-items-md-stretch align-items-stretch gutters-col-lg-2 gutters-col-md-2 gutters-col-0 gutters-col-v-lg-2 gutters-col-v-md-2 gutters-col-v-2\">\n          <!---->\n          <div class=\"h-column h-column-container d-flex h-col-lg-auto h-col-md-auto h-col-auto style-2189-outer style-local-5022-c12-outer\">\n            <div data-colibri-id=\"5022-c12\" class=\"d-flex h-flex-basis h-column__inner h-px-lg-2 h-px-md-2 h-px-2 v-inner-lg-2 v-inner-md-2 v-inner-2 style-2189 style-local-5022-c12 position-relative\">\n              <!---->\n              <!---->\n              <div class=\"w-100 h-y-container h-column__content h-column__v-align flex-basis-100 align-self-lg-start align-self-md-start align-self-start\">\n                <!---->\n                <div data-colibri-component=\"video\" data-colibri-id=\"5022-c14\" class=\"d-block h-video d-block h-video style-2191 style-local-5022-c14 position-relative h-element\">\n                  <!---->\n                  <!---->\n                  <div class=\"video-container position-relative\">\n                    <div class=\"h-global-transition-all ratio-inner\"><iframe src=https:\/\/www.youtube.com\/embed\/KR0pdjBFHpI?autoplay=0&#038;mute=0&#038;modestbranding=0&#038;rel=0&#038;enablejsapi=1&#038; class='h-video-main'  allowfullscreen><\/iframe><\/div>\n                  <\/div>\n                <\/div>\n              <\/div>\n            <\/div>\n          <\/div>\n          <div class=\"h-column h-column-container d-flex h-col-lg-auto h-col-md-auto h-col-auto style-2190-outer style-local-5022-c13-outer\">\n            <div data-colibri-id=\"5022-c13\" class=\"d-flex h-flex-basis h-column__inner h-px-lg-2 h-px-md-2 h-px-2 v-inner-lg-2 v-inner-md-2 v-inner-2 style-2190 style-local-5022-c13 position-relative\">\n              <!---->\n              <!---->\n              <div class=\"w-100 h-y-container h-column__content h-column__v-align flex-basis-100 align-self-lg-start align-self-md-start align-self-start\">\n                <!---->\n                <div data-colibri-component=\"video\" data-colibri-id=\"5022-c16\" class=\"d-block h-video d-block h-video style-2193 style-local-5022-c16 position-relative h-element\">\n                  <!---->\n                  <!---->\n                  <div class=\"video-container position-relative\">\n                    <div class=\"h-global-transition-all ratio-inner\"><iframe src=https:\/\/www.youtube.com\/embed\/pYOPEaJulOU?autoplay=0&#038;mute=0&#038;modestbranding=0&#038;rel=0&#038;enablejsapi=1&#038; class='h-video-main'  allowfullscreen><\/iframe><\/div>\n                  <\/div>\n                <\/div>\n              <\/div>\n            <\/div>\n          <\/div>\n        <\/div>\n      <\/div>\n    <\/div>\n  <\/div>\n<\/div>","protected":false},"excerpt":{"rendered":"<p>\u201cMemorias autobiogr\u00e1fica y colectiva como procesos sociocognitivos. Un estudio en dos comunidades de Guerrero\u201d El Programa Nacional de Etnograf\u00eda 2021-2023 (PRONE) del Instituto Nacional de Antropolog\u00eda e Historia (INAH) constituye un ejercicio institucional para reflexionar sobre la investigaci\u00f3n que se realiza con base en el m\u00e9todo etnogr\u00e1fico en M\u00e9xico, a partir de datos actuales de [&hellip;]<\/p>\n","protected":false},"author":1,"featured_media":0,"parent":0,"menu_order":0,"comment_status":"closed","ping_status":"closed","template":"page-templates\/full-width-page.php","meta":{"footnotes":""},"class_list":["post-5022","page","type-page","status-publish","hentry"],"_links":{"self":[{"href":"https:\/\/etnografia.inah.gob.mx\/index.php?rest_route=\/wp\/v2\/pages\/5022","targetHints":{"allow":["GET"]}}],"collection":[{"href":"https:\/\/etnografia.inah.gob.mx\/index.php?rest_route=\/wp\/v2\/pages"}],"about":[{"href":"https:\/\/etnografia.inah.gob.mx\/index.php?rest_route=\/wp\/v2\/types\/page"}],"author":[{"embeddable":true,"href":"https:\/\/etnografia.inah.gob.mx\/index.php?rest_route=\/wp\/v2\/users\/1"}],"replies":[{"embeddable":true,"href":"https:\/\/etnografia.inah.gob.mx\/index.php?rest_route=%2Fwp%2Fv2%2Fcomments&post=5022"}],"version-history":[{"count":5,"href":"https:\/\/etnografia.inah.gob.mx\/index.php?rest_route=\/wp\/v2\/pages\/5022\/revisions"}],"predecessor-version":[{"id":5056,"href":"https:\/\/etnografia.inah.gob.mx\/index.php?rest_route=\/wp\/v2\/pages\/5022\/revisions\/5056"}],"wp:attachment":[{"href":"https:\/\/etnografia.inah.gob.mx\/index.php?rest_route=%2Fwp%2Fv2%2Fmedia&parent=5022"}],"curies":[{"name":"wp","href":"https:\/\/api.w.org\/{rel}","templated":true}]}}