{"id":4901,"date":"2024-01-05T12:15:13","date_gmt":"2024-01-05T18:15:13","guid":{"rendered":"https:\/\/etnografia.inah.gob.mx\/?page_id=4901"},"modified":"2024-01-09T12:03:37","modified_gmt":"2024-01-09T18:03:37","slug":"seminario-reflexion-comunitaria-pueblos-de-la-sierra-de-las-cruces-y-montealto","status":"publish","type":"page","link":"https:\/\/etnografia.inah.gob.mx\/?page_id=4901","title":{"rendered":"Seminario Reflexi\u00f3n comunitaria pueblos de la Sierra de las Cruces y Montealto"},"content":{"rendered":"<div data-colibri-id=\"4901-c1\" class=\"style-2068 style-local-4901-c1 position-relative\">\n  <!---->\n  <div data-colibri-component=\"section\" data-colibri-id=\"4901-c2\" id=\"reusable-sections\" class=\"h-section h-section-global-spacing d-flex align-items-lg-center align-items-md-center align-items-center style-2069 style-local-4901-c2 position-relative\">\n    <!---->\n    <!---->\n    <div class=\"h-section-grid-container h-section-boxed-container\">\n      <!---->\n      <div data-colibri-id=\"4901-c3\" class=\"h-row-container gutters-row-lg-0 gutters-row-md-0 gutters-row-0 gutters-row-v-lg-0 gutters-row-v-md-0 gutters-row-v-0 style-2070 style-local-4901-c3 position-relative\">\n        <!---->\n        <div class=\"h-row justify-content-lg-center justify-content-md-center justify-content-center align-items-lg-stretch align-items-md-stretch align-items-stretch gutters-col-lg-0 gutters-col-md-0 gutters-col-0 gutters-col-v-lg-0 gutters-col-v-md-0 gutters-col-v-0\">\n          <!---->\n          <div class=\"h-column h-column-container d-flex h-col-lg-auto h-col-md-auto h-col-auto style-2071-outer style-local-4901-c4-outer\">\n            <div data-colibri-id=\"4901-c4\" class=\"d-flex h-flex-basis h-column__inner h-px-lg-0 h-px-md-0 h-px-0 v-inner-lg-0 v-inner-md-0 v-inner-0 style-2071 style-local-4901-c4 position-relative\">\n              <!---->\n              <!---->\n              <div class=\"w-100 h-y-container h-column__content h-column__v-align flex-basis-auto align-self-lg-center align-self-md-center align-self-center\">\n                <!---->\n                <div data-colibri-id=\"4901-c5\" class=\"h-text h-text-component style-2073 style-local-4901-c5 position-relative h-element\">\n                  <!---->\n                  <!---->\n                  <div class=\"\">\n                    <p><strong style=\"color: rgb(0, 0, 0); font-size: 131%; font-family: Montserrat; font-weight: 700;\">Objetivos del seminario <em>Reflexi\u00f3n comunitaria pueblos de la Sierra de las Cruces y Montealto<\/em><\/strong><\/p>\n                    <p><span style=\"color: rgb(0, 0, 0); font-size: 131%; font-family: Montserrat; font-weight: 500;\">Construir un espacio interdisciplinario, que propicie el intercambio e investigaciones sobre la regi\u00f3n conocida como la Sierra de las Cruces y Monte Alto; al mismo tiempo contribuir a la difusi\u00f3n de nuevos enfoques y a la formaci\u00f3n de nuevos investigadores<br><\/span><\/p>\n                    <p><strong style=\"color: rgb(0, 0, 0); font-size: 131%; font-family: Montserrat; font-weight: 700;\">Din\u00e1mica:<\/strong><\/p>\n                    <p><span style=\"color: rgb(0, 0, 0); font-size: 131%; font-family: Montserrat; font-weight: 500;\">En esta primera etapa del proyecto <\/span><em style=\"color: rgb(0, 0, 0); font-size: 131%; font-family: Montserrat; font-weight: 500;\">Oculto y a la vista de todos<\/em>\n                      <span\n                        style=\"color: rgb(0, 0, 0); font-size: 131%; font-family: Montserrat; font-weight: 500;\">, las sesiones del seminario <\/span><em style=\"color: rgb(0, 0, 0); font-size: 131%; font-family: Montserrat; font-weight: 500;\">Reflexi\u00f3n comunitaria Pueblos de la Sierra de las Cruces y Montealto <\/em><span style=\"color: rgb(0, 0, 0); font-size: 131%; font-family: Montserrat; font-weight: 500;\">se<\/span>\n                        <em\n                          style=\"color: rgb(0, 0, 0); font-size: 131%; font-family: Montserrat; font-weight: 500;\"> <\/em><span style=\"color: rgb(0, 0, 0); font-size: 131%; font-family: Montserrat; font-weight: 500;\">realizar\u00e1n de manera bimestral, el segundo jueves, en un horario de 11 a 14 horas. El seminario se plantea en un modo h\u00edbrido, de forma presencial (s\u00ed las condiciones lo permiten) y virtual en la plataforma zoom.<\/span><\/p>\n                    <p><strong style=\"color: rgb(0, 0, 0); font-size: 131%; font-family: Montserrat; font-weight: 700;\">Calendario de actividades seminario 2022<\/strong><\/p>\n                    <p><span style=\"color: rgb(0, 0, 0); font-size: 131%; font-family: Montserrat; font-weight: 500;\">19 de mayo &#8211; Percepci\u00f3n del territorio y memoria ritual<\/span><\/p>\n                    <p><span style=\"color: rgb(0, 0, 0); font-size: 131%; font-family: Montserrat; font-weight: 500;\">09 de junio &#8211; X\u00e4the Dehe (Bosque de agua). Video Documental (M\u00e9xico, 2022) <br> 03 de agosto &#8211;&nbsp;Petici\u00f3n de lluvia de la Sierra de Tepotzotl\u00e1n<\/span><\/p>\n                    <p><span style=\"color: rgb(0, 0, 0); font-size: 131%; font-family: Montserrat; font-weight: 500;\">&nbsp;<\/span><strong style=\"color: rgb(0, 0, 0); font-size: 131%; font-family: Montserrat; font-weight: 500;\">Calendario de actividades seminario 2023<\/strong><\/p>\n                    <p><span style=\"color: rgb(0, 0, 0); font-size: 131%; font-family: Montserrat; font-weight: 500;\">30 de marzo &#8211; La Virgen de los Remedios<\/span><\/p>\n                    <p><span style=\"color: rgb(0, 0, 0); font-size: 131%; font-family: Montserrat; font-weight: 500;\">11 de mayo &#8211;&nbsp;La din\u00e1mica inter\u00e9tnica en la zona baja de Villa del Carb\u00f3n<\/span><\/p>\n                    <p><span style=\"color: rgb(0, 0, 0); font-size: 131%; font-family: Montserrat; font-weight: 500;\">13 de julio &#8211; Divino Rostro en la Sierra Nevada<\/span><\/p>\n                    <p><span style=\"color: rgb(0, 0, 0); font-size: 131%; font-family: Montserrat; font-weight: 500;\">28 de septiembre &#8211; La cuenca de M\u00e9xico: Reflexiones desde la historia y la antropolog\u00eda clim\u00e1tica<\/span><\/p>\n                    <p><span style=\"color: rgb(0, 0, 0); font-size: 131%; font-family: Montserrat; font-weight: 500;\">09 de noviembre &#8211; La Sierra de las Cruces: lugares y senderos otom\u00edes en relaci\u00f3n con el paisaje celeste<\/span><\/p>\n                    <p><strong style=\"color: rgb(0, 0, 0); font-size: 131%; font-family: Montserrat; font-weight: 500;\">Informes y contacto: <\/strong>\n                      <a href=\"mailto:proyectocrucesymontealto@gmail.com\" style=\"color: rgb(0, 0, 0); font-size: 131%; font-family: Montserrat; font-weight: 500;\"><strong>proyectocrucesymontealto@gmail.com<\/strong><\/a>\n                    <\/p>\n                  <\/div>\n                <\/div>\n              <\/div>\n            <\/div>\n          <\/div>\n        <\/div>\n      <\/div>\n    <\/div>\n  <\/div>\n  <div data-colibri-component=\"section\" data-colibri-id=\"4901-c7\" id=\"custom\" class=\"h-section h-section-global-spacing d-flex align-items-lg-center align-items-md-center align-items-center style-2102 style-local-4901-c7 position-relative\">\n    <!---->\n    <!---->\n    <div class=\"h-section-grid-container h-section-boxed-container\">\n      <!---->\n      <div data-colibri-id=\"4901-c8\" class=\"h-row-container gutters-row-lg-2 gutters-row-md-2 gutters-row-0 gutters-row-v-lg-2 gutters-row-v-md-2 gutters-row-v-2 style-2117 style-local-4901-c8 position-relative\">\n        <!---->\n        <div class=\"h-row justify-content-lg-center justify-content-md-center justify-content-center align-items-lg-stretch align-items-md-stretch align-items-stretch gutters-col-lg-2 gutters-col-md-2 gutters-col-0 gutters-col-v-lg-2 gutters-col-v-md-2 gutters-col-v-2\">\n          <!---->\n          <div class=\"h-column h-column-container d-flex h-col-lg-12 h-col-md-12 h-col-12 style-2118-outer style-local-4901-c9-outer\">\n            <div data-colibri-id=\"4901-c9\" class=\"d-flex h-flex-basis h-column__inner h-px-lg-2 h-px-md-2 h-px-2 v-inner-lg-2 v-inner-md-2 v-inner-2 style-2118 style-local-4901-c9 position-relative\">\n              <!---->\n              <!---->\n              <div class=\"w-100 h-y-container h-column__content h-column__v-align flex-basis-100 align-self-lg-center align-self-md-center align-self-center\">\n                <!---->\n                <div data-colibri-id=\"4901-c10\" class=\"h-text h-text-component style-2119 style-local-4901-c10 position-relative h-element\">\n                  <!---->\n                  <!---->\n                  <div class=\"\">\n                    <p><span style=\"font-weight: 800; font-size: 139%; color: rgb(0, 0, 0); font-family: Montserrat;\">Transmisiones<\/span><\/p>\n                  <\/div>\n                <\/div>\n              <\/div>\n            <\/div>\n          <\/div>\n        <\/div>\n      <\/div>\n      <div data-colibri-id=\"4901-c11\" class=\"h-row-container gutters-row-lg-1 gutters-row-md-1 gutters-row-0 gutters-row-v-lg-1 gutters-row-v-md-1 gutters-row-v-1 style-2103 style-local-4901-c11 position-relative\">\n        <!---->\n        <div class=\"h-row justify-content-lg-center justify-content-md-center justify-content-center align-items-lg-stretch align-items-md-stretch align-items-stretch gutters-col-lg-1 gutters-col-md-1 gutters-col-0 gutters-col-v-lg-1 gutters-col-v-md-1 gutters-col-v-1\">\n          <!---->\n          <div class=\"h-column h-column-container d-flex h-col-lg-4 h-col-md-4 h-col-12 style-2104-outer style-local-4901-c12-outer\">\n            <div data-colibri-id=\"4901-c12\" class=\"d-flex h-flex-basis h-column__inner h-px-lg-1 h-px-md-1 h-px-1 v-inner-lg-1 v-inner-md-1 v-inner-1 style-2104 style-local-4901-c12 position-relative\">\n              <!---->\n              <!---->\n              <div class=\"w-100 h-y-container h-column__content h-column__v-align flex-basis-100 align-self-lg-start align-self-md-start align-self-start\">\n                <!---->\n                <div data-colibri-component=\"video\" data-colibri-id=\"4901-c13\" class=\"d-block h-video d-block h-video style-2107 style-local-4901-c13 position-relative h-element\">\n                  <!---->\n                  <!---->\n                  <div class=\"video-container position-relative\">\n                    <div class=\"h-global-transition-all ratio-inner\"><iframe src=https:\/\/www.youtube.com\/embed\/CJ6uOB3hU4E?autoplay=0&#038;mute=0&#038;modestbranding=0&#038;rel=0&#038;enablejsapi=1&#038; class='h-video-main'  allowfullscreen><\/iframe><\/div>\n                  <\/div>\n                <\/div>\n              <\/div>\n            <\/div>\n          <\/div>\n          <div class=\"h-column h-column-container d-flex h-col-lg-4 h-col-md-4 h-col-12 style-2105-outer style-local-4901-c15-outer\">\n            <div data-colibri-id=\"4901-c15\" class=\"d-flex h-flex-basis h-column__inner h-px-lg-1 h-px-md-1 h-px-1 v-inner-lg-1 v-inner-md-1 v-inner-1 style-2105 style-local-4901-c15 position-relative\">\n              <!---->\n              <!---->\n              <div class=\"w-100 h-y-container h-column__content h-column__v-align flex-basis-100 align-self-lg-start align-self-md-start align-self-start\">\n                <!---->\n                <div data-colibri-component=\"video\" data-colibri-id=\"4901-c16\" class=\"d-block h-video d-block h-video style-2109 style-local-4901-c16 position-relative h-element\">\n                  <!---->\n                  <!---->\n                  <div class=\"video-container position-relative\">\n                    <div class=\"h-global-transition-all ratio-inner\"><iframe src=https:\/\/www.youtube.com\/embed\/3L1HUH4NXhI?autoplay=0&#038;mute=0&#038;modestbranding=0&#038;rel=0&#038;enablejsapi=1&#038; class='h-video-main'  allowfullscreen><\/iframe><\/div>\n                  <\/div>\n                <\/div>\n              <\/div>\n            <\/div>\n          <\/div>\n          <div class=\"h-column h-column-container d-flex h-col-lg-4 h-col-md-4 h-col-12 style-2106-outer style-local-4901-c18-outer\">\n            <div data-colibri-id=\"4901-c18\" class=\"d-flex h-flex-basis h-column__inner h-px-lg-1 h-px-md-1 h-px-1 v-inner-lg-1 v-inner-md-1 v-inner-1 style-2106 style-local-4901-c18 position-relative\">\n              <!---->\n              <!---->\n              <div class=\"w-100 h-y-container h-column__content h-column__v-align flex-basis-100 align-self-lg-start align-self-md-start align-self-start\">\n                <!---->\n                <div data-colibri-component=\"video\" data-colibri-id=\"4901-c19\" class=\"d-block h-video d-block h-video style-2111 style-local-4901-c19 position-relative h-element\">\n                  <!---->\n                  <!---->\n                  <div class=\"video-container position-relative\">\n                    <div class=\"h-global-transition-all ratio-inner\"><iframe src=https:\/\/www.youtube.com\/embed\/ay8tsSdcfV0?autoplay=0&#038;mute=0&#038;modestbranding=0&#038;rel=0&#038;enablejsapi=1&#038; class='h-video-main'  allowfullscreen><\/iframe><\/div>\n                  <\/div>\n                <\/div>\n              <\/div>\n            <\/div>\n          <\/div>\n        <\/div>\n      <\/div>\n    <\/div>\n  <\/div>\n  <div data-colibri-component=\"section\" data-colibri-id=\"4901-c24\" id=\"custom\" class=\"h-section h-section-global-spacing d-flex align-items-lg-center align-items-md-center align-items-center style-2102 style-local-4901-c24 position-relative\">\n    <!---->\n    <!---->\n    <div class=\"h-section-grid-container h-section-boxed-container\">\n      <!---->\n      <div data-colibri-id=\"4901-c25\" class=\"h-row-container gutters-row-lg-1 gutters-row-md-1 gutters-row-0 gutters-row-v-lg-1 gutters-row-v-md-1 gutters-row-v-1 style-2103 style-local-4901-c25 position-relative\">\n        <!---->\n        <div class=\"h-row justify-content-lg-center justify-content-md-center justify-content-center align-items-lg-stretch align-items-md-stretch align-items-stretch gutters-col-lg-1 gutters-col-md-1 gutters-col-0 gutters-col-v-lg-1 gutters-col-v-md-1 gutters-col-v-1\">\n          <!---->\n          <div class=\"h-column h-column-container d-flex h-col-lg-4 h-col-md-4 h-col-12 style-2104-outer style-local-4901-c26-outer\">\n            <div data-colibri-id=\"4901-c26\" class=\"d-flex h-flex-basis h-column__inner h-px-lg-1 h-px-md-1 h-px-1 v-inner-lg-1 v-inner-md-1 v-inner-1 style-2104 style-local-4901-c26 position-relative\">\n              <!---->\n              <!---->\n              <div class=\"w-100 h-y-container h-column__content h-column__v-align flex-basis-100 align-self-lg-start align-self-md-start align-self-start\">\n                <!---->\n                <div data-colibri-component=\"video\" data-colibri-id=\"4901-c27\" class=\"d-block h-video d-block h-video style-2107 style-local-4901-c27 position-relative h-element\">\n                  <!---->\n                  <!---->\n                  <div class=\"video-container position-relative\">\n                    <div class=\"h-global-transition-all ratio-inner\"><iframe src=https:\/\/www.youtube.com\/embed\/uJ_5oqaeqME?autoplay=0&#038;mute=0&#038;modestbranding=0&#038;rel=0&#038;enablejsapi=1&#038; class='h-video-main'  allowfullscreen><\/iframe><\/div>\n                  <\/div>\n                <\/div>\n              <\/div>\n            <\/div>\n          <\/div>\n          <div class=\"h-column h-column-container d-flex h-col-lg-4 h-col-md-4 h-col-12 style-2105-outer style-local-4901-c29-outer\">\n            <div data-colibri-id=\"4901-c29\" class=\"d-flex h-flex-basis h-column__inner h-px-lg-1 h-px-md-1 h-px-1 v-inner-lg-1 v-inner-md-1 v-inner-1 style-2105 style-local-4901-c29 position-relative\">\n              <!---->\n              <!---->\n              <div class=\"w-100 h-y-container h-column__content h-column__v-align flex-basis-100 align-self-lg-start align-self-md-start align-self-start\">\n                <!---->\n                <div data-colibri-component=\"video\" data-colibri-id=\"4901-c30\" class=\"d-block h-video d-block h-video style-2109 style-local-4901-c30 position-relative h-element\">\n                  <!---->\n                  <!---->\n                  <div class=\"video-container position-relative\">\n                    <div class=\"h-global-transition-all ratio-inner\"><iframe src=https:\/\/www.youtube.com\/embed\/SGKQEJF-Dc8?autoplay=0&#038;mute=0&#038;modestbranding=0&#038;rel=0&#038;enablejsapi=1&#038; class='h-video-main'  allowfullscreen><\/iframe><\/div>\n                  <\/div>\n                <\/div>\n              <\/div>\n            <\/div>\n          <\/div>\n          <div class=\"h-column h-column-container d-flex h-col-lg-4 h-col-md-4 h-col-12 style-2106-outer style-local-4901-c32-outer\">\n            <div data-colibri-id=\"4901-c32\" class=\"d-flex h-flex-basis h-column__inner h-px-lg-1 h-px-md-1 h-px-1 v-inner-lg-1 v-inner-md-1 v-inner-1 style-2106 style-local-4901-c32 position-relative\">\n              <!---->\n              <!---->\n              <div class=\"w-100 h-y-container h-column__content h-column__v-align flex-basis-100 align-self-lg-start align-self-md-start align-self-start\">\n                <!---->\n                <div data-colibri-component=\"video\" data-colibri-id=\"4901-c33\" class=\"d-block h-video d-block h-video style-2111 style-local-4901-c33 position-relative h-element\">\n                  <!---->\n                  <!---->\n                  <div class=\"video-container position-relative\">\n                    <div class=\"h-global-transition-all ratio-inner\"><iframe src=https:\/\/www.youtube.com\/embed\/U1YKq9noqpw?autoplay=0&#038;mute=0&#038;modestbranding=0&#038;rel=0&#038;enablejsapi=1&#038; class='h-video-main'  allowfullscreen><\/iframe><\/div>\n                  <\/div>\n                <\/div>\n              <\/div>\n            <\/div>\n          <\/div>\n        <\/div>\n      <\/div>\n    <\/div>\n  <\/div>\n  <div data-colibri-component=\"section\" data-colibri-id=\"4901-c35\" id=\"custom\" class=\"h-section h-section-global-spacing d-flex align-items-lg-center align-items-md-center align-items-center style-2102 style-local-4901-c35 position-relative\">\n    <!---->\n    <!---->\n    <div class=\"h-section-grid-container h-section-boxed-container\">\n      <!---->\n      <div data-colibri-id=\"4901-c36\" class=\"h-row-container gutters-row-lg-1 gutters-row-md-1 gutters-row-0 gutters-row-v-lg-1 gutters-row-v-md-1 gutters-row-v-1 style-2103 style-local-4901-c36 position-relative\">\n        <!---->\n        <div class=\"h-row justify-content-lg-center justify-content-md-center justify-content-center align-items-lg-stretch align-items-md-stretch align-items-stretch gutters-col-lg-1 gutters-col-md-1 gutters-col-0 gutters-col-v-lg-1 gutters-col-v-md-1 gutters-col-v-1\">\n          <!---->\n          <div class=\"h-column h-column-container d-flex h-col-lg-4 h-col-md-4 h-col-12 style-2104-outer style-local-4901-c37-outer\">\n            <div data-colibri-id=\"4901-c37\" class=\"d-flex h-flex-basis h-column__inner h-px-lg-1 h-px-md-1 h-px-1 v-inner-lg-1 v-inner-md-1 v-inner-1 style-2104 style-local-4901-c37 position-relative\">\n              <!---->\n              <!---->\n              <div class=\"w-100 h-y-container h-column__content h-column__v-align flex-basis-100 align-self-lg-start align-self-md-start align-self-start\">\n                <!---->\n                <div data-colibri-component=\"video\" data-colibri-id=\"4901-c38\" class=\"d-block h-video d-block h-video style-2107 style-local-4901-c38 position-relative h-element\">\n                  <!---->\n                  <!---->\n                  <div class=\"video-container position-relative\">\n                    <div class=\"h-global-transition-all ratio-inner\"><iframe src=https:\/\/www.youtube.com\/embed\/USX0ZqYsrMU?autoplay=0&#038;mute=0&#038;modestbranding=0&#038;rel=0&#038;enablejsapi=1&#038; class='h-video-main'  allowfullscreen><\/iframe><\/div>\n                  <\/div>\n                <\/div>\n              <\/div>\n            <\/div>\n          <\/div>\n          <div class=\"h-column h-column-container d-flex h-col-lg-4 h-col-md-4 h-col-12 style-2105-outer style-local-4901-c40-outer\">\n            <div data-colibri-id=\"4901-c40\" class=\"d-flex h-flex-basis h-column__inner h-px-lg-1 h-px-md-1 h-px-1 v-inner-lg-1 v-inner-md-1 v-inner-1 style-2105 style-local-4901-c40 position-relative\">\n              <!---->\n              <!---->\n              <div class=\"w-100 h-y-container h-column__content h-column__v-align flex-basis-100 align-self-lg-start align-self-md-start align-self-start\">\n                <!---->\n                <div data-colibri-component=\"video\" data-colibri-id=\"4901-c41\" class=\"d-block h-video d-block h-video style-2109 style-local-4901-c41 position-relative h-element\">\n                  <!---->\n                  <!---->\n                  <div class=\"video-container position-relative\">\n                    <div class=\"h-global-transition-all ratio-inner\"><iframe src=https:\/\/www.youtube.com\/embed\/FB0EYaH-aXc?autoplay=0&#038;mute=0&#038;modestbranding=0&#038;rel=0&#038;enablejsapi=1&#038; class='h-video-main'  allowfullscreen><\/iframe><\/div>\n                  <\/div>\n                <\/div>\n              <\/div>\n            <\/div>\n          <\/div>\n        <\/div>\n      <\/div>\n    <\/div>\n  <\/div>\n<\/div>","protected":false},"excerpt":{"rendered":"<p>Objetivos del seminario Reflexi\u00f3n comunitaria pueblos de la Sierra de las Cruces y Montealto Construir un espacio interdisciplinario, que propicie el intercambio e investigaciones sobre la regi\u00f3n conocida como la Sierra de las Cruces y Monte Alto; al mismo tiempo contribuir a la difusi\u00f3n de nuevos enfoques y a la formaci\u00f3n de nuevos investigadores Din\u00e1mica: [&hellip;]<\/p>\n","protected":false},"author":1,"featured_media":0,"parent":0,"menu_order":0,"comment_status":"closed","ping_status":"closed","template":"page-templates\/full-width-page.php","meta":{"footnotes":""},"class_list":["post-4901","page","type-page","status-publish","hentry"],"_links":{"self":[{"href":"https:\/\/etnografia.inah.gob.mx\/index.php?rest_route=\/wp\/v2\/pages\/4901","targetHints":{"allow":["GET"]}}],"collection":[{"href":"https:\/\/etnografia.inah.gob.mx\/index.php?rest_route=\/wp\/v2\/pages"}],"about":[{"href":"https:\/\/etnografia.inah.gob.mx\/index.php?rest_route=\/wp\/v2\/types\/page"}],"author":[{"embeddable":true,"href":"https:\/\/etnografia.inah.gob.mx\/index.php?rest_route=\/wp\/v2\/users\/1"}],"replies":[{"embeddable":true,"href":"https:\/\/etnografia.inah.gob.mx\/index.php?rest_route=%2Fwp%2Fv2%2Fcomments&post=4901"}],"version-history":[{"count":4,"href":"https:\/\/etnografia.inah.gob.mx\/index.php?rest_route=\/wp\/v2\/pages\/4901\/revisions"}],"predecessor-version":[{"id":4936,"href":"https:\/\/etnografia.inah.gob.mx\/index.php?rest_route=\/wp\/v2\/pages\/4901\/revisions\/4936"}],"wp:attachment":[{"href":"https:\/\/etnografia.inah.gob.mx\/index.php?rest_route=%2Fwp%2Fv2%2Fmedia&parent=4901"}],"curies":[{"name":"wp","href":"https:\/\/api.w.org\/{rel}","templated":true}]}}