{"id":4848,"date":"2024-01-04T17:39:58","date_gmt":"2024-01-04T23:39:58","guid":{"rendered":"https:\/\/etnografia.inah.gob.mx\/?page_id=4848"},"modified":"2024-01-05T11:07:32","modified_gmt":"2024-01-05T17:07:32","slug":"seminario-etnografia-de-la-ceramica-de-la-huaxteca-y-el-totonacapan","status":"publish","type":"page","link":"https:\/\/etnografia.inah.gob.mx\/?page_id=4848","title":{"rendered":"Seminario Etnograf\u00eda de la Cer\u00e1mica de la Huaxteca y el Totonacapan"},"content":{"rendered":"<div data-colibri-id=\"4848-c1\" class=\"style-2050 style-local-4848-c1 position-relative\">\n  <!---->\n  <div data-colibri-component=\"section\" data-colibri-id=\"4848-c2\" id=\"custom\" class=\"h-section h-section-global-spacing d-flex align-items-lg-center align-items-md-center align-items-center style-2051 style-local-4848-c2 position-relative\">\n    <!---->\n    <!---->\n    <div class=\"h-section-grid-container h-section-boxed-container\">\n      <!---->\n      <div data-colibri-id=\"4848-c3\" class=\"h-row-container gutters-row-lg-2 gutters-row-md-2 gutters-row-0 gutters-row-v-lg-2 gutters-row-v-md-2 gutters-row-v-2 style-2065 style-local-4848-c3 position-relative\">\n        <!---->\n        <div class=\"h-row justify-content-lg-center justify-content-md-center justify-content-center align-items-lg-stretch align-items-md-stretch align-items-stretch gutters-col-lg-2 gutters-col-md-2 gutters-col-0 gutters-col-v-lg-2 gutters-col-v-md-2 gutters-col-v-2\">\n          <!---->\n          <div class=\"h-column h-column-container d-flex h-col-lg-auto h-col-md-auto h-col-auto style-2066-outer style-local-4848-c4-outer\">\n            <div data-colibri-id=\"4848-c4\" class=\"d-flex h-flex-basis h-column__inner h-px-lg-2 h-px-md-2 h-px-2 v-inner-lg-2 v-inner-md-2 v-inner-2 style-2066 style-local-4848-c4 position-relative\">\n              <!---->\n              <!---->\n              <div class=\"w-100 h-y-container h-column__content h-column__v-align flex-basis-100 align-self-lg-start align-self-md-start align-self-start\">\n                <!---->\n                <div data-colibri-id=\"4848-c10\" class=\"h-text h-text-component style-2067 style-local-4848-c10 position-relative h-element\">\n                  <!---->\n                  <!---->\n                  <div class=\"\">\n                    <p><span style=\"color: rgb(0, 0, 0); font-weight: 700; font-size: 131%;\">I.&nbsp;Introducci\u00f3n<\/span><\/p>\n                    <p><span style=\"color: rgb(0, 0, 0); font-weight: 500; font-size: 131%;\">Desarrollaremos investigaci\u00f3n etnogr\u00e1fica desde el proyecto de Etnograf\u00eda de la Cer\u00e1mica en La Huaxteca y el Totonacapan en el Programa Nacional de Etnograf\u00eda, desde una perspectiva interdisciplinaria desde los ejes de investigaci\u00f3n etnogr\u00e1fico, arqueol\u00f3gico y ling\u00fc\u00edstico. El trabajo te\u00f3rico y documental servir\u00e1 de base al desarrollo de las acciones fundamentales de trabajo de campo en las dos regiones seleccionadas para la investigaci\u00f3n:&nbsp;Misantla e Ixhuatl\u00e1n de Madero. Como parte de los trabajos realizaremos un seminario que nos permita adentrarnos en la problem\u00e1tica y en las regiones de estudio, as\u00ed como en la discusi\u00f3n y an\u00e1lisis de los avances de investigaci\u00f3n.<\/span><\/p>\n                    <p><span style=\"color: rgb(0, 0, 0); font-weight: 700; font-size: 131%;\">II. Objetivo. <\/span><\/p>\n                    <p><span style=\"color: rgb(0, 0, 0); font-weight: 500; font-size: 131%;\">Establecer un mecanismo (foro) de discusi\u00f3n y an\u00e1lisis de la problem\u00e1tica estudiada, para enriquecer los trabajos de investigaci\u00f3n te\u00f3ricos y de campo y ampliar la red de investigadores involucrados en el proyecto, as\u00ed sea desde una posici\u00f3n de apoyo y asesor\u00eda. <\/span><\/p>\n                    <p><span style=\"color: rgb(0, 0, 0); font-weight: 700; font-size: 131%;\">III. Mec\u00e1nica.<\/span><\/p>\n                    <p><span style=\"color: rgb(0, 0, 0); font-weight: 500; font-size: 131%;\">El seminario se realizar\u00e1 los \u00faltimos viernes de cada mes y constar\u00e1 de sesiones con investigadores invitados y sesiones de presentaci\u00f3n de trabajos de los integrantes del proyecto. Los profesores invitados har\u00e1n presentaciones de car\u00e1cter te\u00f3rico o de sus conocimientos particulares de la regi\u00f3n de estudio, los investigadores del proyecto presentar\u00e1n sus avances de trabajo.<\/span><\/p>\n                    <p><span style=\"color: rgb(0, 0, 0); font-weight: 500; font-size: 131%;\">El primer semestre de 2022 estar\u00e1 destinado al an\u00e1lisis de la problem\u00e1tica de la regi\u00f3n de Misantla y el segundo semestre a la regi\u00f3n de Ixhuatl\u00e1n de Madero, redefini\u00e9ndose la din\u00e1mica del seminario al finalizar el a\u00f1o 2022 para su periodo 2023.<\/span><\/p>\n                    <p><span style=\"color: rgb(0, 0, 0); font-weight: 500; font-size: 131%;\">IV. Profesores invitados propuestos como expositores.<\/span><\/p>\n                    <p><strong style=\"color: rgb(0, 0, 0); font-weight: 700; font-size: 131%;\">Regi\u00f3n de Misantla:<\/strong><\/p>\n                    <p><span style=\"color: rgb(0, 0, 0); font-weight: 500; font-size: 131%;\">Omar Ruiz Gordillo, Centro INAH Veracruz (arqueolog\u00eda)<\/span><\/p>\n                    <p><span style=\"color: rgb(0, 0, 0); font-weight: 500; font-size: 131%;\">Jeffrey&nbsp;Wilkerson, Instituto para la Ecolog\u00eda Cultural de los Tr\u00f3picos (arqueolog\u00eda)<\/span><\/p>\n                    <p><span style=\"color: rgb(0, 0, 0); font-weight: 500; font-size: 131%;\">Enrique Vez L\u00f3pez, Facultad de Idiomas, Universidad Veracruzana (ling\u00fc\u00edstica)<\/span><\/p>\n                    <p><span style=\"color: rgb(0, 0, 0); font-weight: 500; font-size: 131%;\">Hugo Garc\u00eda Valencia, Centro INAH Veracruz (etnograf\u00eda)<\/span><\/p>\n                    <p><span style=\"color: rgb(0, 0, 0); font-weight: 500; font-size: 131%;\">Pablo Valderrama Rouy Centro INAH Veracruz (etnograf\u00eda)<\/span><\/p>\n                    <p><strong style=\"color: rgb(0, 0, 0); font-weight: 700; font-size: 131%;\">Regi\u00f3n de Ixhuatl\u00e1n de Madero:<\/strong><\/p>\n                    <p><span style=\"color: rgb(0, 0, 0); font-weight: 500; font-size: 131%;\">Leopoldo Trejo Barrientos, Museo Nacional de Antropolog\u00eda INAH (etnograf\u00eda)<\/span><\/p>\n                    <p><span style=\"color: rgb(0, 0, 0); font-weight: 500; font-size: 131%;\">Andr\u00e9s Hasler, CIESAS Golfo. (ling\u00fc\u00edstica)<\/span><\/p>\n                    <p><span style=\"color: rgb(0, 0, 0); font-weight: 500; font-size: 131%;\">Arturo G\u00f3mez Mart\u00ednez, Museo Nacional de Antropolog\u00eda INAH (etnograf\u00eda)<\/span><\/p>\n                    <p><span style=\"color: rgb(0, 0, 0); font-weight: 500; font-size: 131%;\">Mar\u00eda Eugenia Maldonado Vite, Centro INAH Veracruz (arqueolog\u00eda)<br><\/span><\/p>\n                    <p><strong style=\"color: rgb(0, 0, 0); font-weight: 700; font-size: 131%;\">Aspectos te\u00f3ricos:<\/strong><\/p>\n                    <p><span style=\"color: rgb(0, 0, 0); font-weight: 500; font-size: 131%;\">Eduardo Williams, El Colegio de Michoac\u00e1n (etnoarqueolog\u00eda, estudios de cultura material)<\/span><\/p>\n                    <p><span style=\"color: rgb(0, 0, 0); font-weight: 500; font-size: 131%;\"><br><\/span><\/p>\n                    <p><span style=\"color: rgb(0, 0, 0); font-weight: 700; font-size: 131%;\">&nbsp;<\/span><strong style=\"color: rgb(0, 0, 0); font-weight: 700; font-size: 131%;\">Enero 2022<\/strong><\/p>\n                    <p><strong style=\"color: rgb(0, 0, 0); font-weight: 700; font-size: 131%;\">Daniel Nahmad, <\/strong><\/p>\n                    <p><strong style=\"color: rgb(0, 0, 0); font-weight: 700; font-size: 131%;\">Uriel Olvera <\/strong><\/p>\n                    <p><strong style=\"color: rgb(0, 0, 0); font-weight: 700; font-size: 131%;\">Minerva Meza<\/strong><\/p>\n                  <\/div>\n                <\/div>\n              <\/div>\n            <\/div>\n          <\/div>\n        <\/div>\n      <\/div>\n      <div data-colibri-id=\"4848-c6\" class=\"h-row-container gutters-row-lg-2 gutters-row-md-2 gutters-row-0 gutters-row-v-lg-2 gutters-row-v-md-2 gutters-row-v-2 style-2061 style-local-4848-c6 position-relative\">\n        <!---->\n        <div class=\"h-row justify-content-lg-center justify-content-md-center justify-content-center align-items-lg-stretch align-items-md-stretch align-items-stretch gutters-col-lg-2 gutters-col-md-2 gutters-col-0 gutters-col-v-lg-2 gutters-col-v-md-2 gutters-col-v-2\">\n          <!---->\n          <div class=\"h-column h-column-container d-flex h-col-lg-auto h-col-md-auto h-col-auto style-2062-outer style-local-4848-c7-outer\">\n            <div data-colibri-id=\"4848-c7\" class=\"d-flex h-flex-basis h-column__inner h-px-lg-2 h-px-md-2 h-px-2 v-inner-lg-2 v-inner-md-2 v-inner-2 style-2062 style-local-4848-c7 position-relative\">\n              <!---->\n              <!---->\n              <div class=\"w-100 h-y-container h-column__content h-column__v-align flex-basis-100 align-self-lg-start align-self-md-start align-self-start\">\n                <!---->\n                <div data-colibri-component=\"widget-area\" data-colibri-id=\"4848-c8\" class=\"h-widget-area style-2063 style-local-4848-c8 position-relative h-element\">\n                  <!---->\n                  <div class=\"widget-shortcode h-global-transition-all\"><div id=\"block-51\" class=\"widget widget_block\"><\/div><div id=\"block-55\" class=\"widget widget_block\"><iframe loading=\"lazy\" width=\"640\" height=\"480\" src=\"https:\/\/www.youtube.com\/embed\/videoseries?si=TOx8uHBPdewOQ5Z-&amp;list=PLMjBEEGSmdaDq7BgErOmVDUEg5XiHRHsR&amp;si=vfV-gjsqls52WqcK\" title=\"YouTube video player\" frameborder=\"0\" allow=\"accelerometer; autoplay; clipboard-write; encrypted-media; gyroscope; picture-in-picture; web-share\" allowfullscreen=\"\"><\/iframe><\/div><div id=\"block-57\" class=\"widget widget_block widget_text\">\n<p><\/p>\n<\/div><div id=\"block-56\" class=\"widget widget_block\"><\/div><\/div>\n                <\/div>\n                <div data-colibri-id=\"4848-c9\" class=\"h-text h-text-component style-2064 style-local-4848-c9 position-relative h-element\">\n                  <!---->\n                  <!---->\n                  <div class=\"\">\n                    <p><strong style=\"font-weight: 700; color: rgb(0, 0, 0); font-size: 16px; font-family: Montserrat;\">Para poder visualizar los videos de la lista de reproducci\u00f3n&nbsp;dar clic en la esquina superior derecha del recuadro y les aparecer\u00e1n todas las sesiones.<\/strong><\/p>\n                  <\/div>\n                <\/div>\n              <\/div>\n            <\/div>\n          <\/div>\n        <\/div>\n      <\/div>\n    <\/div>\n  <\/div>\n<\/div>","protected":false},"excerpt":{"rendered":"<p>I.&nbsp;Introducci\u00f3n Desarrollaremos investigaci\u00f3n etnogr\u00e1fica desde el proyecto de Etnograf\u00eda de la Cer\u00e1mica en La Huaxteca y el Totonacapan en el Programa Nacional de Etnograf\u00eda, desde una perspectiva interdisciplinaria desde los ejes de investigaci\u00f3n etnogr\u00e1fico, arqueol\u00f3gico y ling\u00fc\u00edstico. El trabajo te\u00f3rico y documental servir\u00e1 de base al desarrollo de las acciones fundamentales de trabajo de campo [&hellip;]<\/p>\n","protected":false},"author":1,"featured_media":0,"parent":0,"menu_order":0,"comment_status":"closed","ping_status":"closed","template":"page-templates\/full-width-page.php","meta":{"footnotes":""},"class_list":["post-4848","page","type-page","status-publish","hentry"],"_links":{"self":[{"href":"https:\/\/etnografia.inah.gob.mx\/index.php?rest_route=\/wp\/v2\/pages\/4848","targetHints":{"allow":["GET"]}}],"collection":[{"href":"https:\/\/etnografia.inah.gob.mx\/index.php?rest_route=\/wp\/v2\/pages"}],"about":[{"href":"https:\/\/etnografia.inah.gob.mx\/index.php?rest_route=\/wp\/v2\/types\/page"}],"author":[{"embeddable":true,"href":"https:\/\/etnografia.inah.gob.mx\/index.php?rest_route=\/wp\/v2\/users\/1"}],"replies":[{"embeddable":true,"href":"https:\/\/etnografia.inah.gob.mx\/index.php?rest_route=%2Fwp%2Fv2%2Fcomments&post=4848"}],"version-history":[{"count":4,"href":"https:\/\/etnografia.inah.gob.mx\/index.php?rest_route=\/wp\/v2\/pages\/4848\/revisions"}],"predecessor-version":[{"id":4888,"href":"https:\/\/etnografia.inah.gob.mx\/index.php?rest_route=\/wp\/v2\/pages\/4848\/revisions\/4888"}],"wp:attachment":[{"href":"https:\/\/etnografia.inah.gob.mx\/index.php?rest_route=%2Fwp%2Fv2%2Fmedia&parent=4848"}],"curies":[{"name":"wp","href":"https:\/\/api.w.org\/{rel}","templated":true}]}}