{"id":4683,"date":"2023-12-21T14:43:35","date_gmt":"2023-12-21T20:43:35","guid":{"rendered":"https:\/\/etnografia.inah.gob.mx\/?page_id=4683"},"modified":"2023-12-21T16:18:51","modified_gmt":"2023-12-21T22:18:51","slug":"congresos","status":"publish","type":"page","link":"https:\/\/etnografia.inah.gob.mx\/?page_id=4683","title":{"rendered":"Congresos"},"content":{"rendered":"<div data-colibri-id=\"4683-c1\" class=\"style-1872 style-local-4683-c1 position-relative\">\n  <!---->\n  <div data-colibri-component=\"section\" data-colibri-id=\"4683-c2\" id=\"custom\" class=\"h-section h-section-global-spacing d-flex align-items-lg-center align-items-md-center align-items-center style-1873 style-local-4683-c2 position-relative\">\n    <!---->\n    <!---->\n    <div class=\"h-section-grid-container h-section-boxed-container\">\n      <!---->\n      <div data-colibri-id=\"4683-c5\" class=\"h-row-container gutters-row-lg-2 gutters-row-md-2 gutters-row-0 gutters-row-v-lg-2 gutters-row-v-md-2 gutters-row-v-2 style-1876 style-local-4683-c5 position-relative\">\n        <!---->\n        <div class=\"h-row justify-content-lg-center justify-content-md-center justify-content-center align-items-lg-stretch align-items-md-stretch align-items-stretch gutters-col-lg-2 gutters-col-md-2 gutters-col-0 gutters-col-v-lg-2 gutters-col-v-md-2 gutters-col-v-2\">\n          <!---->\n          <div class=\"h-column h-column-container d-flex h-col-lg-auto h-col-md-auto h-col-auto style-1877-outer style-local-4683-c6-outer\">\n            <div data-colibri-id=\"4683-c6\" class=\"d-flex h-flex-basis h-column__inner h-px-lg-2 h-px-md-2 h-px-2 v-inner-lg-2 v-inner-md-2 v-inner-2 style-1877 style-local-4683-c6 position-relative\">\n              <!---->\n              <!---->\n              <div class=\"w-100 h-y-container h-column__content h-column__v-align flex-basis-100 align-self-lg-start align-self-md-start align-self-start\">\n                <!---->\n                <div data-colibri-id=\"4683-c7\" class=\"d-block style-1878 style-local-4683-c7 position-relative h-element\">\n                  <!---->\n                  <div class=\"h-image__frame-container-outer\">\n                    <a href=\"https:\/\/etnografia.inah.gob.mx\/?page_id=4507\" target=\"_blank\" h-use-smooth-scroll=\"true\" class=\"image-link\" rel=\"noopener\">\n                      <div class=\"h-image__frame-container\">\n                        <!---->\n                        <!---->\n                        <img loading=\"lazy\" decoding=\"async\" width=\"1920\" height=\"1080\" src=\"https:\/\/etnografia.inah.gob.mx\/wp-content\/uploads\/2023\/12\/1er-Congreso-PRONE-1.png\" class=\"wp-image-4701 style-1878-image style-local-4683-c7-image\" alt=\"\" srcset=\"https:\/\/etnografia.inah.gob.mx\/wp-content\/uploads\/2023\/12\/1er-Congreso-PRONE-1.png 1920w, https:\/\/etnografia.inah.gob.mx\/wp-content\/uploads\/2023\/12\/1er-Congreso-PRONE-1-300x169.png 300w, https:\/\/etnografia.inah.gob.mx\/wp-content\/uploads\/2023\/12\/1er-Congreso-PRONE-1-1024x576.png 1024w, https:\/\/etnografia.inah.gob.mx\/wp-content\/uploads\/2023\/12\/1er-Congreso-PRONE-1-768x432.png 768w, https:\/\/etnografia.inah.gob.mx\/wp-content\/uploads\/2023\/12\/1er-Congreso-PRONE-1-1536x864.png 1536w\" sizes=\"auto, (max-width: 1920px) 100vw, 1920px\" \/>\n                        <div class=\"h-image__frame h-hide-lg h-hide-md h-hide-sm style-1878-frameImage style-local-4683-c7-frameImage\"><\/div>\n                      <\/div>\n                    <\/a>\n                  <\/div>\n                <\/div>\n              <\/div>\n            <\/div>\n          <\/div>\n        <\/div>\n      <\/div>\n      <div data-colibri-id=\"4683-c20\" class=\"h-row-container gutters-row-lg-2 gutters-row-md-2 gutters-row-0 gutters-row-v-lg-2 gutters-row-v-md-2 gutters-row-v-2 style-1886 style-local-4683-c20 position-relative\">\n        <!---->\n        <div class=\"h-row justify-content-lg-center justify-content-md-center justify-content-center align-items-lg-stretch align-items-md-stretch align-items-stretch gutters-col-lg-2 gutters-col-md-2 gutters-col-0 gutters-col-v-lg-2 gutters-col-v-md-2 gutters-col-v-2\">\n          <!---->\n          <div class=\"h-column h-column-container d-flex h-col-lg-auto h-col-md-auto h-col-auto style-1887-outer style-local-4683-c21-outer\">\n            <div data-colibri-id=\"4683-c21\" class=\"d-flex h-flex-basis h-column__inner h-px-lg-2 h-px-md-2 h-px-2 v-inner-lg-2 v-inner-md-2 v-inner-2 style-1887 style-local-4683-c21 position-relative\">\n              <!---->\n              <!---->\n              <div class=\"w-100 h-y-container h-column__content h-column__v-align flex-basis-100 align-self-lg-start align-self-md-start align-self-start\">\n                <!---->\n                <div data-colibri-id=\"4683-c22\" class=\"h-x-container style-1879 style-local-4683-c22 position-relative h-element\">\n                  <!---->\n                  <div class=\"h-x-container-inner style-dynamic-4683-c22-group style-1879-spacing style-local-4683-c22-spacing\"><span class=\"h-button__outer style-1880-outer style-local-4683-c23-outer d-inline-flex h-element\"><a h-use-smooth-scroll=\"true\" href=\"https:\/\/etnografia.inah.gob.mx\/?page_id=4507\" target=\"_blank\" data-colibri-id=\"4683-c23\" class=\"d-flex w-100 align-items-center h-button justify-content-lg-center justify-content-md-center justify-content-center style-1880 style-local-4683-c23 position-relative\" rel=\"noopener\"><!----><!----> <span>M\u00e1s informaci\u00f3n<\/span><\/a>\n                    <\/span>\n                  <\/div>\n                <\/div>\n              <\/div>\n            <\/div>\n          <\/div>\n        <\/div>\n      <\/div>\n    <\/div>\n  <\/div>\n  <div data-colibri-component=\"section\" data-colibri-id=\"4683-c28\" id=\"custom\" class=\"h-section h-section-global-spacing d-flex align-items-lg-center align-items-md-center align-items-center style-1873 style-local-4683-c28 position-relative\">\n    <!---->\n    <!---->\n    <div class=\"h-section-grid-container h-section-boxed-container\">\n      <!---->\n      <div data-colibri-id=\"4683-c29\" class=\"h-row-container gutters-row-lg-2 gutters-row-md-2 gutters-row-0 gutters-row-v-lg-2 gutters-row-v-md-2 gutters-row-v-2 style-1876 style-local-4683-c29 position-relative\">\n        <!---->\n        <div class=\"h-row justify-content-lg-center justify-content-md-center justify-content-center align-items-lg-stretch align-items-md-stretch align-items-stretch gutters-col-lg-2 gutters-col-md-2 gutters-col-0 gutters-col-v-lg-2 gutters-col-v-md-2 gutters-col-v-2\">\n          <!---->\n          <div class=\"h-column h-column-container d-flex h-col-lg-auto h-col-md-auto h-col-auto style-1877-outer style-local-4683-c30-outer\">\n            <div data-colibri-id=\"4683-c30\" class=\"d-flex h-flex-basis h-column__inner h-px-lg-2 h-px-md-2 h-px-2 v-inner-lg-2 v-inner-md-2 v-inner-2 style-1877 style-local-4683-c30 position-relative\">\n              <!---->\n              <!---->\n              <div class=\"w-100 h-y-container h-column__content h-column__v-align flex-basis-100 align-self-lg-start align-self-md-start align-self-start\">\n                <!---->\n                <div data-colibri-id=\"4683-c31\" class=\"d-block style-1878 style-local-4683-c31 position-relative h-element\">\n                  <!---->\n                  <div class=\"h-image__frame-container-outer\">\n                    <a href=\"https:\/\/etnografia.inah.gob.mx\/?page_id=4607\" target=\"_blank\" h-use-smooth-scroll=\"true\" class=\"image-link\" rel=\"noopener\">\n                      <div class=\"h-image__frame-container\">\n                        <!---->\n                        <!---->\n                        <img loading=\"lazy\" decoding=\"async\" width=\"4000\" height=\"2250\" src=\"https:\/\/etnografia.inah.gob.mx\/wp-content\/uploads\/2023\/12\/Youtube_PRONE2.png\" class=\"wp-image-4709 style-1878-image style-local-4683-c31-image\" alt=\"\" srcset=\"https:\/\/etnografia.inah.gob.mx\/wp-content\/uploads\/2023\/12\/Youtube_PRONE2.png 4000w, https:\/\/etnografia.inah.gob.mx\/wp-content\/uploads\/2023\/12\/Youtube_PRONE2-300x169.png 300w, https:\/\/etnografia.inah.gob.mx\/wp-content\/uploads\/2023\/12\/Youtube_PRONE2-1024x576.png 1024w, https:\/\/etnografia.inah.gob.mx\/wp-content\/uploads\/2023\/12\/Youtube_PRONE2-768x432.png 768w, https:\/\/etnografia.inah.gob.mx\/wp-content\/uploads\/2023\/12\/Youtube_PRONE2-1536x864.png 1536w, https:\/\/etnografia.inah.gob.mx\/wp-content\/uploads\/2023\/12\/Youtube_PRONE2-2048x1152.png 2048w\" sizes=\"auto, (max-width: 4000px) 100vw, 4000px\" \/>\n                        <div class=\"h-image__frame h-hide-lg h-hide-md h-hide-sm style-1878-frameImage style-local-4683-c31-frameImage\"><\/div>\n                      <\/div>\n                    <\/a>\n                  <\/div>\n                <\/div>\n              <\/div>\n            <\/div>\n          <\/div>\n        <\/div>\n      <\/div>\n      <div data-colibri-id=\"4683-c32\" class=\"h-row-container gutters-row-lg-2 gutters-row-md-2 gutters-row-0 gutters-row-v-lg-2 gutters-row-v-md-2 gutters-row-v-2 style-1886 style-local-4683-c32 position-relative\">\n        <!---->\n        <div class=\"h-row justify-content-lg-center justify-content-md-center justify-content-center align-items-lg-stretch align-items-md-stretch align-items-stretch gutters-col-lg-2 gutters-col-md-2 gutters-col-0 gutters-col-v-lg-2 gutters-col-v-md-2 gutters-col-v-2\">\n          <!---->\n          <div class=\"h-column h-column-container d-flex h-col-lg-auto h-col-md-auto h-col-auto style-1887-outer style-local-4683-c33-outer\">\n            <div data-colibri-id=\"4683-c33\" class=\"d-flex h-flex-basis h-column__inner h-px-lg-2 h-px-md-2 h-px-2 v-inner-lg-2 v-inner-md-2 v-inner-2 style-1887 style-local-4683-c33 position-relative\">\n              <!---->\n              <!---->\n              <div class=\"w-100 h-y-container h-column__content h-column__v-align flex-basis-100 align-self-lg-start align-self-md-start align-self-start\">\n                <!---->\n                <div data-colibri-id=\"4683-c34\" class=\"h-x-container style-1879 style-local-4683-c34 position-relative h-element\">\n                  <!---->\n                  <div class=\"h-x-container-inner style-dynamic-4683-c34-group style-1879-spacing style-local-4683-c34-spacing\"><span class=\"h-button__outer style-1880-outer style-local-4683-c35-outer d-inline-flex h-element\"><a h-use-smooth-scroll=\"true\" href=\"https:\/\/etnografia.inah.gob.mx\/?page_id=4607\" target=\"_blank\" data-colibri-id=\"4683-c35\" class=\"d-flex w-100 align-items-center h-button justify-content-lg-center justify-content-md-center justify-content-center style-1880 style-local-4683-c35 position-relative\" rel=\"noopener\"><!----><!----> <span>M\u00e1s informaci\u00f3n<\/span><\/a>\n                    <\/span>\n                  <\/div>\n                <\/div>\n              <\/div>\n            <\/div>\n          <\/div>\n        <\/div>\n      <\/div>\n    <\/div>\n  <\/div>\n<\/div>","protected":false},"excerpt":{"rendered":"<p>M\u00e1s informaci\u00f3n M\u00e1s informaci\u00f3n<\/p>\n","protected":false},"author":1,"featured_media":0,"parent":0,"menu_order":0,"comment_status":"closed","ping_status":"closed","template":"page-templates\/full-width-page.php","meta":{"footnotes":""},"class_list":["post-4683","page","type-page","status-publish","hentry"],"_links":{"self":[{"href":"https:\/\/etnografia.inah.gob.mx\/index.php?rest_route=\/wp\/v2\/pages\/4683","targetHints":{"allow":["GET"]}}],"collection":[{"href":"https:\/\/etnografia.inah.gob.mx\/index.php?rest_route=\/wp\/v2\/pages"}],"about":[{"href":"https:\/\/etnografia.inah.gob.mx\/index.php?rest_route=\/wp\/v2\/types\/page"}],"author":[{"embeddable":true,"href":"https:\/\/etnografia.inah.gob.mx\/index.php?rest_route=\/wp\/v2\/users\/1"}],"replies":[{"embeddable":true,"href":"https:\/\/etnografia.inah.gob.mx\/index.php?rest_route=%2Fwp%2Fv2%2Fcomments&post=4683"}],"version-history":[{"count":3,"href":"https:\/\/etnografia.inah.gob.mx\/index.php?rest_route=\/wp\/v2\/pages\/4683\/revisions"}],"predecessor-version":[{"id":4711,"href":"https:\/\/etnografia.inah.gob.mx\/index.php?rest_route=\/wp\/v2\/pages\/4683\/revisions\/4711"}],"wp:attachment":[{"href":"https:\/\/etnografia.inah.gob.mx\/index.php?rest_route=%2Fwp%2Fv2%2Fmedia&parent=4683"}],"curies":[{"name":"wp","href":"https:\/\/api.w.org\/{rel}","templated":true}]}}