{"id":3833,"date":"2023-07-27T16:30:17","date_gmt":"2023-07-27T21:30:17","guid":{"rendered":"https:\/\/etnografia.inah.gob.mx\/?page_id=3833"},"modified":"2023-12-21T17:42:37","modified_gmt":"2023-12-21T23:42:37","slug":"coloquios","status":"publish","type":"page","link":"https:\/\/etnografia.inah.gob.mx\/?page_id=3833","title":{"rendered":"Coloquios"},"content":{"rendered":"<div data-colibri-id=\"3833-c1\" class=\"style-1901 style-local-3833-c1 position-relative\">\n  <!---->\n  <div data-colibri-component=\"section\" data-colibri-id=\"3833-c2\" id=\"custom\" class=\"h-section h-section-global-spacing d-flex align-items-lg-center align-items-md-center align-items-center style-1902 style-local-3833-c2 position-relative\">\n    <!---->\n    <!---->\n    <div class=\"h-section-grid-container h-section-boxed-container\">\n      <!---->\n      <div data-colibri-id=\"3833-c3\" class=\"h-row-container gutters-row-lg-2 gutters-row-md-2 gutters-row-0 gutters-row-v-lg-2 gutters-row-v-md-2 gutters-row-v-2 style-1905 style-local-3833-c3 position-relative\">\n        <!---->\n        <div class=\"h-row justify-content-lg-center justify-content-md-center justify-content-center align-items-lg-stretch align-items-md-stretch align-items-stretch gutters-col-lg-2 gutters-col-md-2 gutters-col-0 gutters-col-v-lg-2 gutters-col-v-md-2 gutters-col-v-2\">\n          <!---->\n          <div class=\"h-column h-column-container d-flex h-col-lg-auto h-col-md-auto h-col-auto style-1906-outer style-local-3833-c4-outer\">\n            <div data-colibri-id=\"3833-c4\" class=\"d-flex h-flex-basis h-column__inner h-px-lg-2 h-px-md-2 h-px-2 v-inner-lg-2 v-inner-md-2 v-inner-2 style-1906 style-local-3833-c4 position-relative\">\n              <!---->\n              <!---->\n              <div class=\"w-100 h-y-container h-column__content h-column__v-align flex-basis-100 align-self-lg-start align-self-md-start align-self-start\">\n                <!---->\n                <div data-colibri-id=\"3833-c5\" class=\"h-text h-text-component style-1907 style-local-3833-c5 position-relative h-element\">\n                  <!---->\n                  <!---->\n                  <div class=\"\">\n                    <p><strong style=\"font-family: Montserrat; font-weight: 700; color: rgb(0, 0, 0); font-size: 120%;\">Coloquio del Programa Nacional de Etnograf\u00eda (PRONE)<\/strong><\/p>\n                    <p><span style=\"font-family: Montserrat; font-weight: 500; color: rgb(0, 0, 0); font-size: 120%;\">El Coloquio del Programa Nacional de Etnograf\u00eda (PRONE). Este evento, organizado por la Coordinaci\u00f3n Nacional de Antropolog\u00eda en colaboraci\u00f3n con el Programa Nacional de Etnograf\u00eda, es un hito crucial para los investigadores en formaci\u00f3n (IF) que participan en proyectos del PRONE.<\/span><\/p>\n                    <p><strong style=\"font-family: Montserrat; font-weight: 700; color: rgb(0, 0, 0); font-size: 120%;\">Objetivo del Coloquio<\/strong><\/p>\n                    <p><span style=\"font-family: Montserrat; font-weight: 500; color: rgb(0, 0, 0); font-size: 120%;\">El principal prop\u00f3sito del coloquio es impulsar un espacio de di\u00e1logo y colaboraci\u00f3n entre los tesistas y los investigadores experimentados del PRONE. Este foro busca proporcionar un escenario donde los avances de investigaci\u00f3n puedan ser expuestos y comentados, brindando una valiosa retroalimentaci\u00f3n para el fortalecimiento acad\u00e9mico de los proyectos en curso.<\/span><\/p>\n                    <p><strong style=\"font-family: Montserrat; font-weight: 700; color: rgb(0, 0, 0); font-size: 120%;\">Duraci\u00f3n y Modalidad<\/strong><\/p>\n                    <p><span style=\"font-family: Montserrat; font-weight: 500; color: rgb(0, 0, 0); font-size: 120%;\">El Coloquio del PRONE se llev\u00f3 a cabo en tres sesiones, permitiendo concentrar la atenci\u00f3n en los proyectos presentados. La modalidad mixta garantiz\u00f3 la participaci\u00f3n tanto presencial como virtual, fomentando la inclusi\u00f3n y la accesibilidad para todos los involucrados.<\/span><\/p>\n                    <p><span style=\"font-family: Montserrat; font-weight: 700; color: rgb(0, 0, 0); font-size: 120%;\">Sesi\u00f3n del Coloquio 2022<\/span><\/p>\n                    <p><span style=\"font-family: Montserrat; font-weight: 500; color: rgb(0, 0, 0); font-size: 120%;\">\u25cf&nbsp;&nbsp;&nbsp;&nbsp;&nbsp;&nbsp;<\/span><em style=\"font-family: Montserrat; font-weight: 500; color: rgb(0, 0, 0); font-size: 120%;\">Sesi\u00f3n 1: Presentaci\u00f3n de Anteproyectos (Noviembre 2022)<\/em><\/p>\n                    <p><span style=\"font-family: Montserrat; font-weight: 500; color: rgb(0, 0, 0); font-size: 120%;\">En esta primera sesi\u00f3n, los participantes tuvieron la oportunidad de exponer sus anteproyectos, permitiendo una evaluaci\u00f3n exhaustiva por parte de los revisores. El intercambio de ideas enriqueci\u00f3 tanto a las presentaciones como en la revisi\u00f3n escrita, estableciendo una base s\u00f3lida para los siguientes pasos.<\/span><\/p>\n                    <p><span style=\"font-family: Montserrat; font-weight: 700; color: rgb(0, 0, 0); font-size: 120%;\">Sesiones del Coloquio 2023<\/span><\/p>\n                    <p><span style=\"font-family: Montserrat; font-weight: 500; color: rgb(0, 0, 0); font-size: 120%;\">\u25cf&nbsp;&nbsp;&nbsp;&nbsp;&nbsp;&nbsp;<\/span><em style=\"font-family: Montserrat; font-weight: 500; color: rgb(0, 0, 0); font-size: 120%;\">Sesi\u00f3n 2: Presentaci\u00f3n de Proyectos en Extenso (Noviembre 2023)<\/em><\/p>\n                    <p><span style=\"font-family: Montserrat; font-weight: 500; color: rgb(0, 0, 0); font-size: 120%;\">La segunda sesi\u00f3n, se centr\u00f3 en la presentaci\u00f3n de nuevos avances en los proyectos. Esta etapa permiti\u00f3 a los participantes mostrar los avances significativos logrados desde la sesi\u00f3n anterior, fomentando la sinergia y la colaboraci\u00f3n entre los diversos proyectos del PRONE.<\/span><\/p>\n                    <p><span style=\"font-family: Montserrat; font-weight: 500; color: rgb(0, 0, 0); font-size: 120%;\">\u25cf&nbsp;&nbsp;&nbsp;&nbsp;&nbsp;&nbsp;<\/span><em style=\"font-family: Montserrat; font-weight: 500; color: rgb(0, 0, 0); font-size: 120%;\">Sesi\u00f3n 3: Presentaci\u00f3n de Resultados y Avances de Sistematizaci\u00f3n (Abril 2023)<\/em><\/p>\n                    <p><span style=\"font-family: Montserrat; font-weight: 500; color: rgb(0, 0, 0); font-size: 120%;\">En abril de 2023, la tercera sesi\u00f3n se enfocar\u00e1 en los resultados sustantivos del trabajo de campo y los avances en la sistematizaci\u00f3n de la investigaci\u00f3n. Esta etapa culminante permitir\u00e1 una evaluaci\u00f3n profunda de los logros y desaf\u00edos encontrados, consolidando la contribuci\u00f3n \u00fanica de cada proyecto al panorama antropol\u00f3gico.<\/span><\/p>\n                    <p><span style=\"font-family: Montserrat; font-weight: 500; color: rgb(0, 0, 0); font-size: 120%;\">En resumen, el Coloquio del PRONE es una oportunidad para el intercambio de conocimientos, la construcci\u00f3n de redes acad\u00e9micas y el enriquecimiento mutuo.<\/span><\/p>\n                  <\/div>\n                <\/div>\n              <\/div>\n            <\/div>\n          <\/div>\n        <\/div>\n      <\/div>\n      <div data-colibri-id=\"3833-c6\" class=\"h-row-container gutters-row-lg-2 gutters-row-md-2 gutters-row-0 gutters-row-v-lg-2 gutters-row-v-md-2 gutters-row-v-2 style-1911 style-local-3833-c6 position-relative\">\n        <!---->\n        <div class=\"h-row justify-content-lg-center justify-content-md-center justify-content-center align-items-lg-stretch align-items-md-stretch align-items-stretch gutters-col-lg-2 gutters-col-md-2 gutters-col-0 gutters-col-v-lg-2 gutters-col-v-md-2 gutters-col-v-2\">\n          <!---->\n          <div class=\"h-column h-column-container d-flex h-col-lg-auto h-col-md-auto h-col-auto style-1912-outer style-local-3833-c7-outer\">\n            <div data-colibri-id=\"3833-c7\" class=\"d-flex h-flex-basis h-column__inner h-px-lg-2 h-px-md-2 h-px-2 v-inner-lg-2 v-inner-md-2 v-inner-2 style-1912 style-local-3833-c7 position-relative\">\n              <!---->\n              <!---->\n              <div class=\"w-100 h-y-container h-column__content h-column__v-align flex-basis-100 align-self-lg-start align-self-md-start align-self-start\">\n                <!---->\n                <div data-colibri-component=\"masonry\" data-colibri-id=\"3833-c8\" class=\"h-photo-gallery margin-none caption-displayTrue caption-vertical-align-top photo-gallery--with-hover-effect photo-gallery--with-hover-effect--fade-out style-1913 style-local-3833-c8 position-relative h-element\">\n                  <!---->\n                  <div class=\"h-global-transition-all\"><div id='colibri-3833-c8' class='gallery-wrapper'>    <style type=\"text\/css\">\n\n        @media (min-width: 1023px) {        #colibri-3833-c8        dl {\n            float: left;\n            width: 33.333333333333% !important;\n            max-width: 33.333333333333% !important;\n            min-width: 33.333333333333% !important;\n        }\n\n        #colibri-3833-c8        dl:nth-of-type(3n +1 ) {\n            clear: both;\n        }\n\n        }@media (min-width: 768px) and (max-width: 1023px) {        #colibri-3833-c8        dl {\n            float: left;\n            width: 33.333333333333% !important;\n            max-width: 33.333333333333% !important;\n            min-width: 33.333333333333% !important;\n        }\n\n        #colibri-3833-c8        dl:nth-of-type(3n +1 ) {\n            clear: both;\n        }\n\n        }@media (max-width: 767px) {        #colibri-3833-c8        dl {\n            float: left;\n            width: 33.333333333333% !important;\n            max-width: 33.333333333333% !important;\n            min-width: 33.333333333333% !important;\n        }\n\n        #colibri-3833-c8        dl:nth-of-type(3n +1 ) {\n            clear: both;\n        }\n\n        }\n        #colibri-3833-c8        .gallery-item {\n            position: relative;\n        }\n\n        \n    <\/style>\n    <div   class='colibri-3833-c8-dls-wrapper gallery-items-wrapper' ><dl class='gallery-item masonry-item'>\n\t\t\t<dt class='gallery-icon portrait'>\n\t\t\t\t<a data-fancybox=\"colibri-3833-c8-group\" href='https:\/\/etnografia.inah.gob.mx\/wp-content\/uploads\/2023\/12\/1er-Coloquio.png'><img loading=\"lazy\" decoding=\"async\"  width=\"2268\" height=\"3402\" src=\"https:\/\/etnografia.inah.gob.mx\/wp-content\/uploads\/2023\/12\/1er-Coloquio.png\"  class='colibri-3833-c8-image' alt=\"\" aria-describedby=\"gallery-1-4736\" srcset=\"https:\/\/etnografia.inah.gob.mx\/wp-content\/uploads\/2023\/12\/1er-Coloquio.png 2268w, https:\/\/etnografia.inah.gob.mx\/wp-content\/uploads\/2023\/12\/1er-Coloquio-200x300.png 200w, https:\/\/etnografia.inah.gob.mx\/wp-content\/uploads\/2023\/12\/1er-Coloquio-683x1024.png 683w, https:\/\/etnografia.inah.gob.mx\/wp-content\/uploads\/2023\/12\/1er-Coloquio-768x1152.png 768w, https:\/\/etnografia.inah.gob.mx\/wp-content\/uploads\/2023\/12\/1er-Coloquio-1024x1536.png 1024w, https:\/\/etnografia.inah.gob.mx\/wp-content\/uploads\/2023\/12\/1er-Coloquio-1365x2048.png 1365w\" sizes=\"auto, (max-width: 2268px) 100vw, 2268px\" \/><\/a>\n\t\t\t<\/dt>\n\t\t\t\t<div class=\"gallery-caption__wrapper\"><dd class='wp-caption-text gallery-caption' id='gallery-1-4736'>\n\t\t\t\t1er Coloquio de Investigadores (as) en formaci\u00f3n del Programa Nacional de Etnograf\u00eda (PRONE)\n\t\t\t\t<\/dd><\/div><\/dl><dl class='gallery-item masonry-item'>\n\t\t\t<dt class='gallery-icon portrait'>\n\t\t\t\t<a data-fancybox=\"colibri-3833-c8-group\" href='https:\/\/etnografia.inah.gob.mx\/wp-content\/uploads\/2023\/12\/2do-Coloquio.png'><img loading=\"lazy\" decoding=\"async\"  width=\"1920\" height=\"2400\" src=\"https:\/\/etnografia.inah.gob.mx\/wp-content\/uploads\/2023\/12\/2do-Coloquio.png\"  class='colibri-3833-c8-image' alt=\"\" aria-describedby=\"gallery-1-4735\" srcset=\"https:\/\/etnografia.inah.gob.mx\/wp-content\/uploads\/2023\/12\/2do-Coloquio.png 1920w, https:\/\/etnografia.inah.gob.mx\/wp-content\/uploads\/2023\/12\/2do-Coloquio-240x300.png 240w, https:\/\/etnografia.inah.gob.mx\/wp-content\/uploads\/2023\/12\/2do-Coloquio-819x1024.png 819w, https:\/\/etnografia.inah.gob.mx\/wp-content\/uploads\/2023\/12\/2do-Coloquio-768x960.png 768w, https:\/\/etnografia.inah.gob.mx\/wp-content\/uploads\/2023\/12\/2do-Coloquio-1229x1536.png 1229w, https:\/\/etnografia.inah.gob.mx\/wp-content\/uploads\/2023\/12\/2do-Coloquio-1638x2048.png 1638w\" sizes=\"auto, (max-width: 1920px) 100vw, 1920px\" \/><\/a>\n\t\t\t<\/dt>\n\t\t\t\t<div class=\"gallery-caption__wrapper\"><dd class='wp-caption-text gallery-caption' id='gallery-1-4735'>\n\t\t\t\t2do Coloquio de Investigadores (as) en formaci\u00f3n del Programa Nacional de Etnograf\u00eda (PRONE)\n\t\t\t\t<\/dd><\/div><\/dl><dl class='gallery-item masonry-item'>\n\t\t\t<dt class='gallery-icon portrait'>\n\t\t\t\t<a data-fancybox=\"colibri-3833-c8-group\" href='https:\/\/etnografia.inah.gob.mx\/wp-content\/uploads\/2023\/12\/3er-Coloquio.png'><img loading=\"lazy\" decoding=\"async\"  width=\"2000\" height=\"2500\" src=\"https:\/\/etnografia.inah.gob.mx\/wp-content\/uploads\/2023\/12\/3er-Coloquio.png\"  class='colibri-3833-c8-image' alt=\"\" aria-describedby=\"gallery-1-4737\" srcset=\"https:\/\/etnografia.inah.gob.mx\/wp-content\/uploads\/2023\/12\/3er-Coloquio.png 2000w, https:\/\/etnografia.inah.gob.mx\/wp-content\/uploads\/2023\/12\/3er-Coloquio-240x300.png 240w, https:\/\/etnografia.inah.gob.mx\/wp-content\/uploads\/2023\/12\/3er-Coloquio-819x1024.png 819w, https:\/\/etnografia.inah.gob.mx\/wp-content\/uploads\/2023\/12\/3er-Coloquio-768x960.png 768w, https:\/\/etnografia.inah.gob.mx\/wp-content\/uploads\/2023\/12\/3er-Coloquio-1229x1536.png 1229w, https:\/\/etnografia.inah.gob.mx\/wp-content\/uploads\/2023\/12\/3er-Coloquio-1638x2048.png 1638w\" sizes=\"auto, (max-width: 2000px) 100vw, 2000px\" \/><\/a>\n\t\t\t<\/dt>\n\t\t\t\t<div class=\"gallery-caption__wrapper\"><dd class='wp-caption-text gallery-caption' id='gallery-1-4737'>\n\t\t\t\t3er Coloquio de Investigadores (as) en formaci\u00f3n del Programa Nacional de Etnograf\u00eda (PRONE)\n\t\t\t\t<\/dd><\/div><\/dl>\n\t\t\t\n\t\t<\/div>\n<style>#colibri-3833-c8 .wp-caption-text.gallery-caption{display:none;}<\/style><\/div><\/div>\n                <\/div>\n              <\/div>\n            <\/div>\n          <\/div>\n        <\/div>\n      <\/div>\n    <\/div>\n  <\/div>\n  <div data-colibri-component=\"section\" data-colibri-id=\"3833-c13\" id=\"custom-2\" class=\"h-section h-section-global-spacing d-flex align-items-lg-center align-items-md-center align-items-center style-1918 style-local-3833-c13 position-relative\">\n    <!---->\n    <!---->\n    <div class=\"h-section-grid-container h-section-boxed-container\">\n      <!---->\n      <div data-colibri-id=\"3833-c14\" class=\"h-row-container gutters-row-lg-2 gutters-row-md-2 gutters-row-0 gutters-row-v-lg-2 gutters-row-v-md-2 gutters-row-v-2 style-1919 style-local-3833-c14 position-relative\">\n        <!---->\n        <div class=\"h-row justify-content-lg-center justify-content-md-center justify-content-center align-items-lg-stretch align-items-md-stretch align-items-stretch gutters-col-lg-2 gutters-col-md-2 gutters-col-0 gutters-col-v-lg-2 gutters-col-v-md-2 gutters-col-v-2\">\n          <!---->\n          <div class=\"h-column h-column-container d-flex h-col-lg-auto h-col-md-auto h-col-auto style-1920-outer style-local-3833-c15-outer\">\n            <div data-colibri-id=\"3833-c15\" class=\"d-flex h-flex-basis h-column__inner h-px-lg-2 h-px-md-2 h-px-2 v-inner-lg-2 v-inner-md-2 v-inner-2 style-1920 style-local-3833-c15 position-relative\">\n              <!---->\n              <!---->\n              <div class=\"w-100 h-y-container h-column__content h-column__v-align flex-basis-100 align-self-lg-start align-self-md-start align-self-start\">\n                <!---->\n                <div data-colibri-component=\"video\" data-colibri-id=\"3833-c17\" class=\"d-block h-video d-block h-video style-1922 style-local-3833-c17 position-relative h-element\">\n                  <!---->\n                  <!---->\n                  <div class=\"video-container position-relative\">\n                    <div class=\"h-global-transition-all ratio-inner\"><iframe src=https:\/\/www.youtube.com\/embed\/1ixZQmR4FHI?autoplay=0&#038;mute=0&#038;modestbranding=0&#038;rel=1&#038;enablejsapi=1&#038; class='h-video-main'  allowfullscreen><\/iframe><\/div>\n                  <\/div>\n                <\/div>\n              <\/div>\n            <\/div>\n          <\/div>\n          <div class=\"h-column h-column-container d-flex h-col-lg-auto h-col-md-auto h-col-auto style-1921-outer style-local-3833-c16-outer\">\n            <div data-colibri-id=\"3833-c16\" class=\"d-flex h-flex-basis h-column__inner h-px-lg-2 h-px-md-2 h-px-2 v-inner-lg-2 v-inner-md-2 v-inner-2 style-1921 style-local-3833-c16 position-relative\">\n              <!---->\n              <!---->\n              <div class=\"w-100 h-y-container h-column__content h-column__v-align flex-basis-100 align-self-lg-start align-self-md-start align-self-start\">\n                <!---->\n                <div data-colibri-component=\"video\" data-colibri-id=\"3833-c19\" class=\"d-block h-video d-block h-video style-1924 style-local-3833-c19 position-relative h-element\">\n                  <!---->\n                  <!---->\n                  <div class=\"video-container position-relative\">\n                    <div class=\"h-global-transition-all ratio-inner\"><iframe src=https:\/\/www.youtube.com\/embed\/gzdJvpKrDQo?autoplay=0&#038;mute=0&#038;modestbranding=0&#038;rel=1&#038;enablejsapi=1&#038; class='h-video-main'  allowfullscreen><\/iframe><\/div>\n                  <\/div>\n                <\/div>\n              <\/div>\n            <\/div>\n          <\/div>\n        <\/div>\n      <\/div>\n    <\/div>\n  <\/div>\n<\/div>","protected":false},"excerpt":{"rendered":"<p>Coloquio del Programa Nacional de Etnograf\u00eda (PRONE) El Coloquio del Programa Nacional de Etnograf\u00eda (PRONE). Este evento, organizado por la Coordinaci\u00f3n Nacional de Antropolog\u00eda en colaboraci\u00f3n con el Programa Nacional de Etnograf\u00eda, es un hito crucial para los investigadores en formaci\u00f3n (IF) que participan en proyectos del PRONE. Objetivo del Coloquio El principal prop\u00f3sito del [&hellip;]<\/p>\n","protected":false},"author":1,"featured_media":0,"parent":0,"menu_order":0,"comment_status":"closed","ping_status":"closed","template":"page-templates\/full-width-page.php","meta":{"footnotes":""},"class_list":["post-3833","page","type-page","status-publish","hentry"],"_links":{"self":[{"href":"https:\/\/etnografia.inah.gob.mx\/index.php?rest_route=\/wp\/v2\/pages\/3833","targetHints":{"allow":["GET"]}}],"collection":[{"href":"https:\/\/etnografia.inah.gob.mx\/index.php?rest_route=\/wp\/v2\/pages"}],"about":[{"href":"https:\/\/etnografia.inah.gob.mx\/index.php?rest_route=\/wp\/v2\/types\/page"}],"author":[{"embeddable":true,"href":"https:\/\/etnografia.inah.gob.mx\/index.php?rest_route=\/wp\/v2\/users\/1"}],"replies":[{"embeddable":true,"href":"https:\/\/etnografia.inah.gob.mx\/index.php?rest_route=%2Fwp%2Fv2%2Fcomments&post=3833"}],"version-history":[{"count":5,"href":"https:\/\/etnografia.inah.gob.mx\/index.php?rest_route=\/wp\/v2\/pages\/3833\/revisions"}],"predecessor-version":[{"id":4777,"href":"https:\/\/etnografia.inah.gob.mx\/index.php?rest_route=\/wp\/v2\/pages\/3833\/revisions\/4777"}],"wp:attachment":[{"href":"https:\/\/etnografia.inah.gob.mx\/index.php?rest_route=%2Fwp%2Fv2%2Fmedia&parent=3833"}],"curies":[{"name":"wp","href":"https:\/\/api.w.org\/{rel}","templated":true}]}}