{"id":3832,"date":"2023-07-27T16:30:17","date_gmt":"2023-07-27T21:30:17","guid":{"rendered":"https:\/\/etnografia.inah.gob.mx\/?page_id=3832"},"modified":"2023-12-21T16:45:30","modified_gmt":"2023-12-21T22:45:30","slug":"reuniones-nacionales","status":"publish","type":"page","link":"https:\/\/etnografia.inah.gob.mx\/?page_id=3832","title":{"rendered":"Reuniones Nacionales"},"content":{"rendered":"<div data-colibri-id=\"3832-c1\" class=\"style-1888 style-local-3832-c1 position-relative\">\n  <!---->\n  <div data-colibri-component=\"section\" data-colibri-id=\"3832-c5\" id=\"reusable-sections\" class=\"h-section h-section-global-spacing d-flex align-items-lg-center align-items-md-center align-items-center style-1892 style-local-3832-c5 position-relative\">\n    <!---->\n    <!---->\n    <div class=\"h-section-grid-container h-section-boxed-container\">\n      <!---->\n      <div data-colibri-id=\"3832-c6\" class=\"h-row-container gutters-row-lg-2 gutters-row-md-2 gutters-row-0 gutters-row-v-lg-2 gutters-row-v-md-2 gutters-row-v-2 style-1893 style-local-3832-c6 position-relative\">\n        <!---->\n        <div class=\"h-row justify-content-lg-center justify-content-md-center justify-content-center align-items-lg-stretch align-items-md-stretch align-items-stretch gutters-col-lg-2 gutters-col-md-2 gutters-col-0 gutters-col-v-lg-2 gutters-col-v-md-2 gutters-col-v-2\">\n          <!---->\n          <div class=\"h-column h-column-container d-flex h-col-lg-auto h-col-md-auto h-col-auto style-1894-outer style-local-3832-c7-outer\">\n            <div data-colibri-id=\"3832-c7\" class=\"d-flex h-flex-basis h-column__inner h-px-lg-2 h-px-md-2 h-px-2 v-inner-lg-2 v-inner-md-2 v-inner-2 style-1894 style-local-3832-c7 position-relative\">\n              <!---->\n              <!---->\n              <div class=\"w-100 h-y-container h-column__content h-column__v-align flex-basis-100 align-self-lg-start align-self-md-start align-self-start\">\n                <!---->\n                <div data-colibri-id=\"3832-c8\" class=\"h-text h-text-component style-1895 style-local-3832-c8 position-relative h-element\">\n                  <!---->\n                  <!---->\n                  <div class=\"\">\n                    <p><span style=\"font-size: 120%; color: rgb(0, 0, 0); font-weight: 500; font-family: Montserrat;\"> <\/span><\/p>\n                    <p><span style=\"font-weight: 500; color: rgb(0, 0, 0); font-size: 120%;\">31 de mayo del 2022<\/span><\/p>\n                    <p><strong style=\"font-weight: 700; color: rgb(0, 0, 0); font-size: 120%;\">Un recorrido por el PRONE 2022<\/strong><\/p>\n                    <p><span style=\"font-weight: 500; color: rgb(0, 0, 0); font-size: 120%;\">\u00a1Bienvenidos al Programa de Investigaci\u00f3n Nacional en Etnograf\u00eda (PRONE) 2022! <\/span><\/p>\n                    <p><span style=\"font-weight: 500; color: rgb(0, 0, 0); font-size: 120%;\">&nbsp;&nbsp;&nbsp;&nbsp;&nbsp;&nbsp;&nbsp;&nbsp;&nbsp;&nbsp;&nbsp;El objetivo fundamental de la Reuni\u00f3n Nacional 2022 fue realizar un vistazo al panorama actual del PRONE<\/span><\/p>\n                    <p><span style=\"font-weight: 500; color: rgb(0, 0, 0); font-size: 120%;\">&nbsp;&nbsp;&nbsp;&nbsp;&nbsp;&nbsp;&nbsp;&nbsp;&nbsp;&nbsp;&nbsp;La Dra. Paloma Bonfil S\u00e1nchez nos contextualiz\u00f3 en el presente del PRONE, ofreciendo una visi\u00f3n clara de los objetivos y desaf\u00edos que enfrentamos. Entre los puntos destacados se encontraba la revisi\u00f3n colectiva de los avances del programa, la presentaci\u00f3n del trabajo de la Coordinaci\u00f3n Nacional de Antropolog\u00eda (CNAN) a cargo de la Direcci\u00f3n de Fomento a la Investigaci\u00f3n (DFI), y el inicio del proceso de organizaci\u00f3n del pr\u00f3ximo Congreso Nacional del PRONE. A pesar de los desaf\u00edos, se subray\u00f3 el compromiso y los logros notables de los proyectos de investigaci\u00f3n.<\/span><\/p>\n                    <p><strong style=\"font-weight: 700; color: rgb(0, 0, 0); font-size: 120%;\">El plan de trabajo de la CNAN: Una hoja de ruta para el \u00e9xito<\/strong><\/p>\n                    <p><span style=\"font-weight: 500; color: rgb(0, 0, 0); font-size: 120%;\">&nbsp;&nbsp;&nbsp;&nbsp;&nbsp;&nbsp;&nbsp;&nbsp;&nbsp;&nbsp;&nbsp;La DFI comparti\u00f3 el detallado Plan de Trabajo de la CNAN, esbozando ocho aspectos interconectados que abarcan desde lo operativo hasta la investigaci\u00f3n acad\u00e9mica. La Dra. Ver\u00f3nica Vel\u00e1zquez Guerrero present\u00f3 un diagrama que resum\u00eda estos aspectos, destacando la compleja pero armoniosa interacci\u00f3n entre ellos.<\/span><\/p>\n                    <p><strong style=\"font-weight: 700; color: rgb(0, 0, 0); font-size: 120%;\">Lineamientos y decisiones: La ruta cr\u00edtica del PRONE<\/strong><\/p>\n                    <p><span style=\"font-weight: 500; color: rgb(0, 0, 0); font-size: 120%;\">&nbsp;&nbsp;&nbsp;&nbsp;&nbsp;&nbsp;&nbsp;&nbsp;&nbsp;&nbsp;&nbsp;La Mtra. Nashielly Naranjo desglos\u00f3 la crucial ruta cr\u00edtica para la instalaci\u00f3n de los lineamientos del PRONE. Desde la b\u00fasqueda de insumos hasta la revisi\u00f3n del Comit\u00e9 Acad\u00e9mico, este proceso es fundamental para regular la operaci\u00f3n y funcionamiento del programa, siendo la base para la convocatoria y la toma de decisiones.<\/span><\/p>\n                    <p><strong style=\"font-weight: 700; color: rgb(0, 0, 0); font-size: 120%;\">Difusi\u00f3n y divulgaci\u00f3n: Compartiendo nuestro conocimiento con el mundo<\/strong><\/p>\n                    <p><span style=\"font-weight: 500; color: rgb(0, 0, 0); font-size: 120%;\">&nbsp;&nbsp;&nbsp;&nbsp;&nbsp;&nbsp;&nbsp;&nbsp;&nbsp;&nbsp;&nbsp;La Dra. Ver\u00f3nica Vel\u00e1zquez nos llev\u00f3 a trav\u00e9s del Plan de Difusi\u00f3n y Divulgaci\u00f3n, que incluye la creaci\u00f3n de una p\u00e1gina web y una cartelera de actividades. Adem\u00e1s, se destac\u00f3 la colaboraci\u00f3n con la Subdirecci\u00f3n de Vinculaci\u00f3n y Extensi\u00f3n Acad\u00e9mica para difundir los seminarios de investigaci\u00f3n. La Antrop. Yeyetzin Moreno y La Ling. Estefan\u00eda Brito compartieron la ruta cr\u00edtica para la programaci\u00f3n de la p\u00e1gina web, invitando a todos los investigadores a contribuir y enriquecer este espacio en constante desarrollo.<\/span><\/p>\n                    <p><strong style=\"font-weight: 700; color: rgb(0, 0, 0); font-size: 120%;\">La Conexi\u00f3n Digital: Un puente hacia el conocimiento<\/strong><\/p>\n                    <p><span style=\"font-weight: 500; color: rgb(0, 0, 0); font-size: 120%;\">&nbsp;&nbsp;&nbsp;&nbsp;&nbsp;&nbsp;&nbsp;&nbsp;&nbsp;&nbsp;&nbsp;La Dra. Paloma Bonfil revel\u00f3 que la p\u00e1gina web del PRONE estar\u00e1 vinculada a la Coordinaci\u00f3n Nacional de Antropolog\u00eda y se integrar\u00e1 con la Mediateca del INAH. La Dra. Marina Alonso Bola\u00f1os subray\u00f3 la importancia de que los contenidos reflejen el actual programa, y la Dra. Ver\u00f3nica Vel\u00e1zquez resalt\u00f3 la necesidad de mantener la p\u00e1gina actualizada, ofreciendo la posibilidad de incluir nuevas fotograf\u00edas.<\/span><\/p>\n                    <p><strong style=\"font-weight: 700; color: rgb(0, 0, 0); font-size: 120%;\">Conclusiones y miras hacia el futuro<\/strong><\/p>\n                    <p><span style=\"font-weight: 500; color: rgb(0, 0, 0); font-size: 120%;\">&nbsp;&nbsp;&nbsp;&nbsp;&nbsp;&nbsp;&nbsp;&nbsp;&nbsp;&nbsp;&nbsp;En resumen, la Reuni\u00f3n Nacional del PRONE fue exitosa puesto que se revel\u00f3 el compromiso y los logros de los investigadores. Esta reuni\u00f3n represent\u00f3 uno de los primeros puntos de encuentro en donde pudieron discutir el trabajo generado en los proyectos y ejes de investigaci\u00f3n. Las investigaciones de los proyectos continuar\u00e1n de acuerdo a sus planes de trabajo y el pr\u00f3ximo encuentro est\u00e1 destinado a la entrega de resultados en el Primer Congreso Nacional del PRONE el cual ser\u00e1 realizado del 5 al 7 de octubre del 2022.<\/span><\/p>\n                  <\/div>\n                <\/div>\n                <div data-colibri-id=\"3832-c14\" class=\"d-block style-1900 style-local-3832-c14 position-relative h-element\">\n                  <!---->\n                  <div class=\"h-image__frame-container-outer\">\n                    <a href=\"https:\/\/etnografia.inah.gob.mx\/wp-content\/uploads\/2023\/12\/PROGRAMA-REUNION-NACIONAL.jpg\" data-fancybox=\"section-group-wK2Ht2TiKXi3BsBDdJtcjy\" h-use-smooth-scroll=\"true\" class=\"image-link\">\n                      <div class=\"h-image__frame-container\">\n                        <!---->\n                        <!---->\n                        <img loading=\"lazy\" decoding=\"async\" width=\"1280\" height=\"853\" src=\"https:\/\/etnografia.inah.gob.mx\/wp-content\/uploads\/2023\/12\/PROGRAMA-REUNION-NACIONAL.jpg\" class=\"wp-image-4717 style-1900-image style-local-3832-c14-image\" alt=\"\" srcset=\"https:\/\/etnografia.inah.gob.mx\/wp-content\/uploads\/2023\/12\/PROGRAMA-REUNION-NACIONAL.jpg 1280w, https:\/\/etnografia.inah.gob.mx\/wp-content\/uploads\/2023\/12\/PROGRAMA-REUNION-NACIONAL-300x200.jpg 300w, https:\/\/etnografia.inah.gob.mx\/wp-content\/uploads\/2023\/12\/PROGRAMA-REUNION-NACIONAL-1024x682.jpg 1024w, https:\/\/etnografia.inah.gob.mx\/wp-content\/uploads\/2023\/12\/PROGRAMA-REUNION-NACIONAL-768x512.jpg 768w\" sizes=\"auto, (max-width: 1280px) 100vw, 1280px\" \/>\n                        <div class=\"h-image__frame h-hide-lg h-hide-md h-hide-sm style-1900-frameImage style-local-3832-c14-frameImage\"><\/div>\n                      <\/div>\n                    <\/a>\n                  <\/div>\n                <\/div>\n              <\/div>\n            <\/div>\n          <\/div>\n        <\/div>\n      <\/div>\n    <\/div>\n  <\/div>\n<\/div>","protected":false},"excerpt":{"rendered":"<p>31 de mayo del 2022 Un recorrido por el PRONE 2022 \u00a1Bienvenidos al Programa de Investigaci\u00f3n Nacional en Etnograf\u00eda (PRONE) 2022! &nbsp;&nbsp;&nbsp;&nbsp;&nbsp;&nbsp;&nbsp;&nbsp;&nbsp;&nbsp;&nbsp;El objetivo fundamental de la Reuni\u00f3n Nacional 2022 fue realizar un vistazo al panorama actual del PRONE &nbsp;&nbsp;&nbsp;&nbsp;&nbsp;&nbsp;&nbsp;&nbsp;&nbsp;&nbsp;&nbsp;La Dra. Paloma Bonfil S\u00e1nchez nos contextualiz\u00f3 en el presente del PRONE, ofreciendo una visi\u00f3n clara de [&hellip;]<\/p>\n","protected":false},"author":1,"featured_media":0,"parent":0,"menu_order":0,"comment_status":"closed","ping_status":"closed","template":"page-templates\/full-width-page.php","meta":{"footnotes":""},"class_list":["post-3832","page","type-page","status-publish","hentry"],"_links":{"self":[{"href":"https:\/\/etnografia.inah.gob.mx\/index.php?rest_route=\/wp\/v2\/pages\/3832","targetHints":{"allow":["GET"]}}],"collection":[{"href":"https:\/\/etnografia.inah.gob.mx\/index.php?rest_route=\/wp\/v2\/pages"}],"about":[{"href":"https:\/\/etnografia.inah.gob.mx\/index.php?rest_route=\/wp\/v2\/types\/page"}],"author":[{"embeddable":true,"href":"https:\/\/etnografia.inah.gob.mx\/index.php?rest_route=\/wp\/v2\/users\/1"}],"replies":[{"embeddable":true,"href":"https:\/\/etnografia.inah.gob.mx\/index.php?rest_route=%2Fwp%2Fv2%2Fcomments&post=3832"}],"version-history":[{"count":3,"href":"https:\/\/etnografia.inah.gob.mx\/index.php?rest_route=\/wp\/v2\/pages\/3832\/revisions"}],"predecessor-version":[{"id":4727,"href":"https:\/\/etnografia.inah.gob.mx\/index.php?rest_route=\/wp\/v2\/pages\/3832\/revisions\/4727"}],"wp:attachment":[{"href":"https:\/\/etnografia.inah.gob.mx\/index.php?rest_route=%2Fwp%2Fv2%2Fmedia&parent=3832"}],"curies":[{"name":"wp","href":"https:\/\/api.w.org\/{rel}","templated":true}]}}