{"id":2603,"date":"2022-04-28T12:03:52","date_gmt":"2022-04-28T17:03:52","guid":{"rendered":"https:\/\/etnografia.convocatoriaprone.mx\/?page_id=2603"},"modified":"2022-05-11T14:28:28","modified_gmt":"2022-05-11T19:28:28","slug":"4-ensamblando-el-archivo-etnografico-digital-del-centro-inah-jalisco-una-propuesta-reflexiva-y-meta-etnografica","status":"publish","type":"page","link":"https:\/\/etnografia.inah.gob.mx\/?page_id=2603","title":{"rendered":"4. Ensamblando el Archivo Etnogr\u00e1fico Digital del Centro INAH Jalisco: una propuesta reflexiva y meta-etnogr\u00e1fica"},"content":{"rendered":"<div data-colibri-id=\"2603-c1\" class=\"style-1464 style-local-2603-c1 position-relative\">\n  <!---->\n  <div data-colibri-component=\"section\" data-colibri-id=\"2603-c2\" id=\"reusable-sections\" class=\"h-section h-section-global-spacing d-flex align-items-lg-center align-items-md-center align-items-center style-1465 style-local-2603-c2 position-relative\">\n    <!---->\n    <!---->\n    <div class=\"h-section-grid-container h-section-boxed-container\">\n      <!---->\n      <div data-colibri-id=\"2603-c3\" class=\"h-row-container gutters-row-lg-2 gutters-row-md-2 gutters-row-0 gutters-row-v-lg-2 gutters-row-v-md-2 gutters-row-v-2 style-1466 style-local-2603-c3 position-relative\">\n        <!---->\n        <div class=\"h-row justify-content-lg-center justify-content-md-center justify-content-center align-items-lg-stretch align-items-md-stretch align-items-stretch gutters-col-lg-2 gutters-col-md-2 gutters-col-0 gutters-col-v-lg-2 gutters-col-v-md-2 gutters-col-v-2\">\n          <!---->\n          <div class=\"h-column h-column-container d-flex h-col-lg-auto h-col-md-auto h-col-auto style-1467-outer style-local-2603-c4-outer\">\n            <div data-colibri-id=\"2603-c4\" class=\"d-flex h-flex-basis h-column__inner h-px-lg-2 h-px-md-2 h-px-2 v-inner-lg-2 v-inner-md-2 v-inner-2 style-1467 style-local-2603-c4 position-relative\">\n              <!---->\n              <!---->\n              <div class=\"w-100 h-y-container h-column__content h-column__v-align flex-basis-100 align-self-lg-start align-self-md-start align-self-start\">\n                <!---->\n                <div data-colibri-id=\"2603-c5\" data-aos=\"zoomIn\" class=\"h-text h-text-component style-1468 style-local-2603-c5 position-relative h-element\">\n                  <!---->\n                  <!---->\n                  <div class=\"\">\n                    <p><strong style=\"font-weight: 400; color: rgb(0, 0, 0); font-family: Montserrat, sans-serif; font-size: 98%;\">L\u00ednea de investigaci\u00f3n<em>: Diversidad cultural, identidad y memoria en el contexto de los problemas nacionales<\/em><\/strong><\/p>\n                    <p><strong style=\"font-weight: 400; color: rgb(0, 0, 0); font-family: Montserrat, sans-serif; font-size: 98%;\">Eje: <em>Patrimonios en riesgo y procesos de patrimonializaci\u00f3n<\/em><\/strong><\/p>\n                    <p><strong style=\"font-weight: 400; color: rgb(0, 0, 0); font-family: Montserrat, sans-serif; font-size: 98%;\">Nombre de proyecto: <em>Nuevas fronteras del arte\/ artesan\u00eda ind\u00edgena y el consumo cultural en la globalizaci\u00f3n<\/em><\/strong><\/p>\n                    <p><strong style=\"font-weight: 400; color: rgb(0, 0, 0); font-family: Montserrat, sans-serif; font-size: 98%;\">Palabras clave: <em>Arte ind\u00edgena, Consumo cultural, Artesan\u00eda y globalizaci\u00f3n, Zoque, Mayanse<\/em><\/strong><\/p>\n                    <p><strong style=\"font-weight: 400; color: rgb(0, 0, 0); font-family: Montserrat, sans-serif; font-size: 98%;\">Una etnograf\u00eda multisituada de los procesos de creaci\u00f3n art\u00edstica en la globalizaci\u00f3n como respuesta de los artistas ind\u00edgenas zoques y mayanses ante los patrones del consumo cultural propios de distintos sectores sociales con los que interact\u00faan, i.e. turistas, acad\u00e9micos, funcionarios gubernamentales, promotores culturales y comerciantes. A trav\u00e9s de una mirada multidiscipinaria se indaga el rol del arte\/ artesan\u00eda en sociedades ind\u00edgenas contempor\u00e1neas.<\/strong><\/p>\n                    <p><strong style=\"font-weight: 400; color: rgb(0, 0, 0); font-family: Montserrat, sans-serif; font-size: 98%;\">Responsable de proyecto<\/strong><\/p>\n                    <p><strong style=\"font-weight: 400; color: rgb(0, 0, 0); font-family: Montserrat, sans-serif; font-size: 98%;\">Marina Alonso Bola\u00f1os<\/strong><\/p>\n                    <p><strong style=\"font-weight: 400; color: rgb(0, 0, 0); font-family: Montserrat, sans-serif; font-size: 98%;\">marina_alonso@inah.gob.mx<\/strong><\/p>\n                    <p><strong style=\"font-weight: 400; color: rgb(0, 0, 0); font-family: Montserrat, sans-serif; font-size: 98%;\">Subdirecci\u00f3n de Fonoteca<\/strong><\/p>\n                    <p><strong style=\"font-weight: 400; color: rgb(0, 0, 0); font-family: Montserrat, sans-serif; font-size: 98%;\">Ferm\u00edn Ledesma Dom\u00ednguez<\/strong><\/p>\n                    <p><strong style=\"font-weight: 400; color: rgb(0, 0, 0); font-family: Montserrat, sans-serif; font-size: 98%;\">fer.ledesma.d@gmail.com<\/strong><\/p>\n                    <p><strong style=\"font-weight: 400; color: rgb(0, 0, 0); font-family: Montserrat, sans-serif; font-size: 98%;\">UAM<\/strong><\/p>\n                    <p><strong style=\"font-weight: 400; color: rgb(0, 0, 0); font-family: Montserrat, sans-serif; font-size: 98%;\">&nbsp;Rosalba Tadeo Castro<\/strong><\/p>\n                    <p><strong style=\"font-weight: 400; color: rgb(0, 0, 0); font-family: Montserrat, sans-serif; font-size: 98%;\">roxoxpepen@gmail.com<\/strong><\/p>\n                  <\/div>\n                <\/div>\n              <\/div>\n            <\/div>\n          <\/div>\n        <\/div>\n      <\/div>\n    <\/div>\n  <\/div>\n  <div data-colibri-component=\"section\" data-colibri-id=\"2603-c6\" id=\"reusable-sections-2\" class=\"h-section h-section-global-spacing d-flex align-items-lg-center align-items-md-center align-items-center style-1469 style-local-2603-c6 position-relative\">\n    <!---->\n    <!---->\n    <div class=\"h-section-grid-container h-section-boxed-container\">\n      <!---->\n      <div data-colibri-id=\"2603-c7\" class=\"h-row-container gutters-row-lg-2 gutters-row-md-2 gutters-row-0 gutters-row-v-lg-2 gutters-row-v-md-2 gutters-row-v-2 style-1470 style-local-2603-c7 position-relative\">\n        <!---->\n        <div class=\"h-row justify-content-lg-center justify-content-md-center justify-content-center align-items-lg-stretch align-items-md-stretch align-items-stretch gutters-col-lg-2 gutters-col-md-2 gutters-col-0 gutters-col-v-lg-2 gutters-col-v-md-2 gutters-col-v-2\">\n          <!---->\n          <div class=\"h-column h-column-container d-flex h-col-lg-auto h-col-md-auto h-col-auto style-1471-outer style-local-2603-c8-outer\">\n            <div data-colibri-id=\"2603-c8\" class=\"d-flex h-flex-basis h-column__inner h-px-lg-2 h-px-md-2 h-px-2 v-inner-lg-2 v-inner-md-2 v-inner-2 style-1471 style-local-2603-c8 position-relative\">\n              <!---->\n              <!---->\n              <div class=\"w-100 h-y-container h-column__content h-column__v-align flex-basis-100 align-self-lg-start align-self-md-start align-self-start\">\n                <!---->\n                <div data-colibri-component=\"masonry\" data-colibri-id=\"2603-c9\" class=\"h-photo-gallery margin-none caption-overImage full-width caption-vertical-align-bottom photo-gallery--with-hover-effect photo-gallery--with-hover-effect--glow style-1472 style-local-2603-c9 position-relative h-element\">\n                  <!---->\n                  <div class=\"h-global-transition-all caption-wrapper-full\"><div id='colibri-2603-c9' class='gallery-wrapper'>    <style type=\"text\/css\">\n\n        @media (min-width: 1023px) {        #colibri-2603-c9        dl {\n            float: left;\n            width: 33.333333333333% !important;\n            max-width: 33.333333333333% !important;\n            min-width: 33.333333333333% !important;\n        }\n\n        #colibri-2603-c9        dl:nth-of-type(3n +1 ) {\n            clear: both;\n        }\n\n        }@media (min-width: 768px) and (max-width: 1023px) {        #colibri-2603-c9        dl {\n            float: left;\n            width: 33.333333333333% !important;\n            max-width: 33.333333333333% !important;\n            min-width: 33.333333333333% !important;\n        }\n\n        #colibri-2603-c9        dl:nth-of-type(3n +1 ) {\n            clear: both;\n        }\n\n        }@media (max-width: 767px) {        #colibri-2603-c9        dl {\n            float: left;\n            width: 33.333333333333% !important;\n            max-width: 33.333333333333% !important;\n            min-width: 33.333333333333% !important;\n        }\n\n        #colibri-2603-c9        dl:nth-of-type(3n +1 ) {\n            clear: both;\n        }\n\n        }\n        #colibri-2603-c9        .gallery-item {\n            position: relative;\n        }\n\n        \n    <\/style>\n    <div   class='colibri-2603-c9-dls-wrapper gallery-items-wrapper' ><dl class='gallery-item masonry-item'>\n\t\t\t<dt class='gallery-icon landscape'>\n\t\t\t\t<a data-fancybox=\"colibri-2603-c9-group\" href='https:\/\/etnografia.inah.gob.mx\/wp-content\/uploads\/2022\/05\/Acosta-A.-2021-Materiales-de-archivo.-Guadalajara-Fotografia-Centro-INAH-Jalisco.jpg'><img loading=\"lazy\" decoding=\"async\"  width=\"300\" height=\"225\" src=\"https:\/\/etnografia.inah.gob.mx\/wp-content\/uploads\/2022\/05\/Acosta-A.-2021-Materiales-de-archivo.-Guadalajara-Fotografia-Centro-INAH-Jalisco-300x225.jpg\"  class='colibri-2603-c9-image' alt=\"\" aria-describedby=\"gallery-1-3114\" srcset=\"https:\/\/etnografia.inah.gob.mx\/wp-content\/uploads\/2022\/05\/Acosta-A.-2021-Materiales-de-archivo.-Guadalajara-Fotografia-Centro-INAH-Jalisco-300x225.jpg 300w, https:\/\/etnografia.inah.gob.mx\/wp-content\/uploads\/2022\/05\/Acosta-A.-2021-Materiales-de-archivo.-Guadalajara-Fotografia-Centro-INAH-Jalisco-768x576.jpg 768w, https:\/\/etnografia.inah.gob.mx\/wp-content\/uploads\/2022\/05\/Acosta-A.-2021-Materiales-de-archivo.-Guadalajara-Fotografia-Centro-INAH-Jalisco.jpg 1024w\" sizes=\"auto, (max-width: 300px) 100vw, 300px\" \/><\/a>\n\t\t\t<\/dt>\n\t\t\t\t<div class=\"gallery-caption__wrapper\"><dd class='wp-caption-text gallery-caption' id='gallery-1-3114'>\n\t\t\t\tAcosta, A. (2021) Materiales de archivo. Guadalajara, [Fotograf\u00eda], Centro INAH Jalisco\n\t\t\t\t<\/dd><\/div><\/dl><dl class='gallery-item masonry-item'>\n\t\t\t<dt class='gallery-icon landscape'>\n\t\t\t\t<a data-fancybox=\"colibri-2603-c9-group\" href='https:\/\/etnografia.inah.gob.mx\/wp-content\/uploads\/2022\/05\/Sanchez-J.-S_F-Altar-Tepehuano-Fotografia-Chapala-Jalisco.jpg'><img loading=\"lazy\" decoding=\"async\"  width=\"300\" height=\"225\" src=\"https:\/\/etnografia.inah.gob.mx\/wp-content\/uploads\/2022\/05\/Sanchez-J.-S_F-Altar-Tepehuano-Fotografia-Chapala-Jalisco-300x225.jpg\"  class='colibri-2603-c9-image' alt=\"\" aria-describedby=\"gallery-1-3115\" srcset=\"https:\/\/etnografia.inah.gob.mx\/wp-content\/uploads\/2022\/05\/Sanchez-J.-S_F-Altar-Tepehuano-Fotografia-Chapala-Jalisco-300x225.jpg 300w, https:\/\/etnografia.inah.gob.mx\/wp-content\/uploads\/2022\/05\/Sanchez-J.-S_F-Altar-Tepehuano-Fotografia-Chapala-Jalisco-768x576.jpg 768w, https:\/\/etnografia.inah.gob.mx\/wp-content\/uploads\/2022\/05\/Sanchez-J.-S_F-Altar-Tepehuano-Fotografia-Chapala-Jalisco.jpg 1024w\" sizes=\"auto, (max-width: 300px) 100vw, 300px\" \/><\/a>\n\t\t\t<\/dt>\n\t\t\t\t<div class=\"gallery-caption__wrapper\"><dd class='wp-caption-text gallery-caption' id='gallery-1-3115'>\n\t\t\t\tS\u00e1nchez, J. (S\/F) Altar Tepehuano [Fotograf\u00eda]  Chapala, Jalisco\n\t\t\t\t<\/dd><\/div><\/dl><dl class='gallery-item masonry-item'>\n\t\t\t<dt class='gallery-icon landscape'>\n\t\t\t\t<a data-fancybox=\"colibri-2603-c9-group\" href='https:\/\/etnografia.inah.gob.mx\/wp-content\/uploads\/2022\/05\/Sanchez-J.-S_F-Altar-Tepehuano-Fotografia-Durango.jpg'><img loading=\"lazy\" decoding=\"async\"  width=\"300\" height=\"225\" src=\"https:\/\/etnografia.inah.gob.mx\/wp-content\/uploads\/2022\/05\/Sanchez-J.-S_F-Altar-Tepehuano-Fotografia-Durango-300x225.jpg\"  class='colibri-2603-c9-image' alt=\"\" aria-describedby=\"gallery-1-3116\" srcset=\"https:\/\/etnografia.inah.gob.mx\/wp-content\/uploads\/2022\/05\/Sanchez-J.-S_F-Altar-Tepehuano-Fotografia-Durango-300x225.jpg 300w, https:\/\/etnografia.inah.gob.mx\/wp-content\/uploads\/2022\/05\/Sanchez-J.-S_F-Altar-Tepehuano-Fotografia-Durango-768x576.jpg 768w, https:\/\/etnografia.inah.gob.mx\/wp-content\/uploads\/2022\/05\/Sanchez-J.-S_F-Altar-Tepehuano-Fotografia-Durango.jpg 1024w\" sizes=\"auto, (max-width: 300px) 100vw, 300px\" \/><\/a>\n\t\t\t<\/dt>\n\t\t\t\t<div class=\"gallery-caption__wrapper\"><dd class='wp-caption-text gallery-caption' id='gallery-1-3116'>\n\t\t\t\tS\u00e1nchez, J. (S\/F) Altar Tepehuano, [Fotograf\u00eda] Durango\n\t\t\t\t<\/dd><\/div><\/dl><dl class='gallery-item masonry-item'>\n\t\t\t<dt class='gallery-icon landscape'>\n\t\t\t\t<a data-fancybox=\"colibri-2603-c9-group\" href='https:\/\/etnografia.inah.gob.mx\/wp-content\/uploads\/2022\/05\/Sanchez-J.-S_F-Hombre-Tepehuano-Fotografia-Durang.jpg'><img loading=\"lazy\" decoding=\"async\"  width=\"300\" height=\"225\" src=\"https:\/\/etnografia.inah.gob.mx\/wp-content\/uploads\/2022\/05\/Sanchez-J.-S_F-Hombre-Tepehuano-Fotografia-Durang-300x225.jpg\"  class='colibri-2603-c9-image' alt=\"\" aria-describedby=\"gallery-1-3117\" srcset=\"https:\/\/etnografia.inah.gob.mx\/wp-content\/uploads\/2022\/05\/Sanchez-J.-S_F-Hombre-Tepehuano-Fotografia-Durang-300x225.jpg 300w, https:\/\/etnografia.inah.gob.mx\/wp-content\/uploads\/2022\/05\/Sanchez-J.-S_F-Hombre-Tepehuano-Fotografia-Durang-768x576.jpg 768w, https:\/\/etnografia.inah.gob.mx\/wp-content\/uploads\/2022\/05\/Sanchez-J.-S_F-Hombre-Tepehuano-Fotografia-Durang.jpg 1024w\" sizes=\"auto, (max-width: 300px) 100vw, 300px\" \/><\/a>\n\t\t\t<\/dt>\n\t\t\t\t<div class=\"gallery-caption__wrapper\"><dd class='wp-caption-text gallery-caption' id='gallery-1-3117'>\n\t\t\t\tS\u00e1nchez, J. (S\/F) Hombre Tepehuano, [Fotograf\u00eda] Durango\n\t\t\t\t<\/dd><\/div><\/dl><dl class='gallery-item masonry-item'>\n\t\t\t<dt class='gallery-icon portrait'>\n\t\t\t\t<a data-fancybox=\"colibri-2603-c9-group\" href='https:\/\/etnografia.inah.gob.mx\/wp-content\/uploads\/2022\/05\/Sanchez-J.-S_F-Microclimas-en-el-Lago-de-Chapala-Ilustracion-Chapala-Jalisco.jpg'><img loading=\"lazy\" decoding=\"async\"  width=\"225\" height=\"300\" src=\"https:\/\/etnografia.inah.gob.mx\/wp-content\/uploads\/2022\/05\/Sanchez-J.-S_F-Microclimas-en-el-Lago-de-Chapala-Ilustracion-Chapala-Jalisco-225x300.jpg\"  class='colibri-2603-c9-image' alt=\"\" aria-describedby=\"gallery-1-3118\" srcset=\"https:\/\/etnografia.inah.gob.mx\/wp-content\/uploads\/2022\/05\/Sanchez-J.-S_F-Microclimas-en-el-Lago-de-Chapala-Ilustracion-Chapala-Jalisco-225x300.jpg 225w, https:\/\/etnografia.inah.gob.mx\/wp-content\/uploads\/2022\/05\/Sanchez-J.-S_F-Microclimas-en-el-Lago-de-Chapala-Ilustracion-Chapala-Jalisco.jpg 768w\" sizes=\"auto, (max-width: 225px) 100vw, 225px\" \/><\/a>\n\t\t\t<\/dt>\n\t\t\t\t<div class=\"gallery-caption__wrapper\"><dd class='wp-caption-text gallery-caption' id='gallery-1-3118'>\n\t\t\t\tS\u00e1nchez, J. (S\/F) Microclimas en el Lago de Chapala, [Ilustraci\u00f3n],  Chapala, Jalisco\n\t\t\t\t<\/dd><\/div><\/dl><dl class='gallery-item masonry-item'>\n\t\t\t<dt class='gallery-icon portrait'>\n\t\t\t\t<a data-fancybox=\"colibri-2603-c9-group\" href='https:\/\/etnografia.inah.gob.mx\/wp-content\/uploads\/2022\/05\/Sanchez-J.-S_F-Mujer-Tepehuana-trabajando-con-fibras-vegetales-Fotografia-Durango.jpg'><img loading=\"lazy\" decoding=\"async\"  width=\"225\" height=\"300\" src=\"https:\/\/etnografia.inah.gob.mx\/wp-content\/uploads\/2022\/05\/Sanchez-J.-S_F-Mujer-Tepehuana-trabajando-con-fibras-vegetales-Fotografia-Durango-225x300.jpg\"  class='colibri-2603-c9-image' alt=\"\" aria-describedby=\"gallery-1-3119\" srcset=\"https:\/\/etnografia.inah.gob.mx\/wp-content\/uploads\/2022\/05\/Sanchez-J.-S_F-Mujer-Tepehuana-trabajando-con-fibras-vegetales-Fotografia-Durango-225x300.jpg 225w, https:\/\/etnografia.inah.gob.mx\/wp-content\/uploads\/2022\/05\/Sanchez-J.-S_F-Mujer-Tepehuana-trabajando-con-fibras-vegetales-Fotografia-Durango.jpg 768w\" sizes=\"auto, (max-width: 225px) 100vw, 225px\" \/><\/a>\n\t\t\t<\/dt>\n\t\t\t\t<div class=\"gallery-caption__wrapper\"><dd class='wp-caption-text gallery-caption' id='gallery-1-3119'>\n\t\t\t\tS\u00e1nchez, J. (S\/F) Mujer Tepehuana trabajando con fibras vegetales, [Fotograf\u00eda] Durango\n\t\t\t\t<\/dd><\/div><\/dl><dl class='gallery-item masonry-item'>\n\t\t\t<dt class='gallery-icon landscape'>\n\t\t\t\t<a data-fancybox=\"colibri-2603-c9-group\" href='https:\/\/etnografia.inah.gob.mx\/wp-content\/uploads\/2022\/05\/Sanchez-J.-S_F-Mujeres-Tepehuanas-Fotografia-Durango.jpg'><img loading=\"lazy\" decoding=\"async\"  width=\"300\" height=\"225\" src=\"https:\/\/etnografia.inah.gob.mx\/wp-content\/uploads\/2022\/05\/Sanchez-J.-S_F-Mujeres-Tepehuanas-Fotografia-Durango-300x225.jpg\"  class='colibri-2603-c9-image' alt=\"\" aria-describedby=\"gallery-1-3120\" srcset=\"https:\/\/etnografia.inah.gob.mx\/wp-content\/uploads\/2022\/05\/Sanchez-J.-S_F-Mujeres-Tepehuanas-Fotografia-Durango-300x225.jpg 300w, https:\/\/etnografia.inah.gob.mx\/wp-content\/uploads\/2022\/05\/Sanchez-J.-S_F-Mujeres-Tepehuanas-Fotografia-Durango-768x576.jpg 768w, https:\/\/etnografia.inah.gob.mx\/wp-content\/uploads\/2022\/05\/Sanchez-J.-S_F-Mujeres-Tepehuanas-Fotografia-Durango.jpg 1024w\" sizes=\"auto, (max-width: 300px) 100vw, 300px\" \/><\/a>\n\t\t\t<\/dt>\n\t\t\t\t<div class=\"gallery-caption__wrapper\"><dd class='wp-caption-text gallery-caption' id='gallery-1-3120'>\n\t\t\t\tS\u00e1nchez, J. (S\/F) Mujeres Tepehuanas, [Fotograf\u00eda], Durango\n\t\t\t\t<\/dd><\/div><\/dl><dl class='gallery-item masonry-item'>\n\t\t\t<dt class='gallery-icon landscape'>\n\t\t\t\t<a data-fancybox=\"colibri-2603-c9-group\" href='https:\/\/etnografia.inah.gob.mx\/wp-content\/uploads\/2022\/05\/Sanchez-J.-S_F-Representacion-de-hombre-cultivando-TabacoIlustracion.jpg'><img loading=\"lazy\" decoding=\"async\"  width=\"300\" height=\"225\" src=\"https:\/\/etnografia.inah.gob.mx\/wp-content\/uploads\/2022\/05\/Sanchez-J.-S_F-Representacion-de-hombre-cultivando-TabacoIlustracion-300x225.jpg\"  class='colibri-2603-c9-image' alt=\"\" aria-describedby=\"gallery-1-3121\" srcset=\"https:\/\/etnografia.inah.gob.mx\/wp-content\/uploads\/2022\/05\/Sanchez-J.-S_F-Representacion-de-hombre-cultivando-TabacoIlustracion-300x225.jpg 300w, https:\/\/etnografia.inah.gob.mx\/wp-content\/uploads\/2022\/05\/Sanchez-J.-S_F-Representacion-de-hombre-cultivando-TabacoIlustracion-768x576.jpg 768w, https:\/\/etnografia.inah.gob.mx\/wp-content\/uploads\/2022\/05\/Sanchez-J.-S_F-Representacion-de-hombre-cultivando-TabacoIlustracion.jpg 1024w\" sizes=\"auto, (max-width: 300px) 100vw, 300px\" \/><\/a>\n\t\t\t<\/dt>\n\t\t\t\t<div class=\"gallery-caption__wrapper\"><dd class='wp-caption-text gallery-caption' id='gallery-1-3121'>\n\t\t\t\tS\u00e1nchez, J. (S\/F) Representaci\u00f3n de hombre cultivando Tabaco,[Ilustraci\u00f3n]\n\t\t\t\t<\/dd><\/div><\/dl><dl class='gallery-item masonry-item'>\n\t\t\t<dt class='gallery-icon landscape'>\n\t\t\t\t<a data-fancybox=\"colibri-2603-c9-group\" href='https:\/\/etnografia.inah.gob.mx\/wp-content\/uploads\/2022\/05\/Sanchez-J.-S_F-Tipos-de-embarcaciones-en-el-Lago-de-Chapala.-Ilustracion-Chapala-Jalisco.jpg'><img loading=\"lazy\" decoding=\"async\"  width=\"300\" height=\"225\" src=\"https:\/\/etnografia.inah.gob.mx\/wp-content\/uploads\/2022\/05\/Sanchez-J.-S_F-Tipos-de-embarcaciones-en-el-Lago-de-Chapala.-Ilustracion-Chapala-Jalisco-300x225.jpg\"  class='colibri-2603-c9-image' alt=\"\" aria-describedby=\"gallery-1-3122\" srcset=\"https:\/\/etnografia.inah.gob.mx\/wp-content\/uploads\/2022\/05\/Sanchez-J.-S_F-Tipos-de-embarcaciones-en-el-Lago-de-Chapala.-Ilustracion-Chapala-Jalisco-300x225.jpg 300w, https:\/\/etnografia.inah.gob.mx\/wp-content\/uploads\/2022\/05\/Sanchez-J.-S_F-Tipos-de-embarcaciones-en-el-Lago-de-Chapala.-Ilustracion-Chapala-Jalisco-768x576.jpg 768w, https:\/\/etnografia.inah.gob.mx\/wp-content\/uploads\/2022\/05\/Sanchez-J.-S_F-Tipos-de-embarcaciones-en-el-Lago-de-Chapala.-Ilustracion-Chapala-Jalisco.jpg 1024w\" sizes=\"auto, (max-width: 300px) 100vw, 300px\" \/><\/a>\n\t\t\t<\/dt>\n\t\t\t\t<div class=\"gallery-caption__wrapper\"><dd class='wp-caption-text gallery-caption' id='gallery-1-3122'>\n\t\t\t\tS\u00e1nchez, J. (S\/F) Tipos de embarcaciones en el Lago de Chapala. [Ilustraci\u00f3n] Chapala, Jalisco\n\t\t\t\t<\/dd><\/div><\/dl>\n\t\t\t\n\t\t<\/div>\n<style>#colibri-2603-c9 .wp-caption-text.gallery-caption{display:none;}<\/style><\/div><\/div>\n                <\/div>\n              <\/div>\n            <\/div>\n          <\/div>\n        <\/div>\n      <\/div>\n    <\/div>\n  <\/div>\n<\/div>","protected":false},"excerpt":{"rendered":"<p>L\u00ednea de investigaci\u00f3n: Diversidad cultural, identidad y memoria en el contexto de los problemas nacionales Eje: Patrimonios en riesgo y procesos de patrimonializaci\u00f3n Nombre de proyecto: Nuevas fronteras del arte\/ artesan\u00eda ind\u00edgena y el consumo cultural en la globalizaci\u00f3n Palabras clave: Arte ind\u00edgena, Consumo cultural, Artesan\u00eda y globalizaci\u00f3n, Zoque, Mayanse Una etnograf\u00eda multisituada de los [&hellip;]<\/p>\n","protected":false},"author":1,"featured_media":0,"parent":0,"menu_order":0,"comment_status":"closed","ping_status":"closed","template":"page-templates\/full-width-page.php","meta":{"footnotes":""},"class_list":["post-2603","page","type-page","status-publish","hentry"],"_links":{"self":[{"href":"https:\/\/etnografia.inah.gob.mx\/index.php?rest_route=\/wp\/v2\/pages\/2603","targetHints":{"allow":["GET"]}}],"collection":[{"href":"https:\/\/etnografia.inah.gob.mx\/index.php?rest_route=\/wp\/v2\/pages"}],"about":[{"href":"https:\/\/etnografia.inah.gob.mx\/index.php?rest_route=\/wp\/v2\/types\/page"}],"author":[{"embeddable":true,"href":"https:\/\/etnografia.inah.gob.mx\/index.php?rest_route=\/wp\/v2\/users\/1"}],"replies":[{"embeddable":true,"href":"https:\/\/etnografia.inah.gob.mx\/index.php?rest_route=%2Fwp%2Fv2%2Fcomments&post=2603"}],"version-history":[{"count":2,"href":"https:\/\/etnografia.inah.gob.mx\/index.php?rest_route=\/wp\/v2\/pages\/2603\/revisions"}],"predecessor-version":[{"id":3124,"href":"https:\/\/etnografia.inah.gob.mx\/index.php?rest_route=\/wp\/v2\/pages\/2603\/revisions\/3124"}],"wp:attachment":[{"href":"https:\/\/etnografia.inah.gob.mx\/index.php?rest_route=%2Fwp%2Fv2%2Fmedia&parent=2603"}],"curies":[{"name":"wp","href":"https:\/\/api.w.org\/{rel}","templated":true}]}}