{"id":2601,"date":"2022-04-28T12:03:52","date_gmt":"2022-04-28T17:03:52","guid":{"rendered":"https:\/\/etnografia.convocatoriaprone.mx\/?page_id=2601"},"modified":"2022-05-11T14:18:40","modified_gmt":"2022-05-11T19:18:40","slug":"2-nuevas-fronteras-del-arte-artesania-indigena-y-el-consumo-cultural-en-la-globalizacion","status":"publish","type":"page","link":"https:\/\/etnografia.inah.gob.mx\/?page_id=2601","title":{"rendered":"2. Nuevas fronteras del arte\/ artesan\u00eda ind\u00edgena y el consumo cultural en la globalizaci\u00f3n"},"content":{"rendered":"<div data-colibri-id=\"2601-c1\" class=\"style-1446 style-local-2601-c1 position-relative\">\n  <!---->\n  <div data-colibri-component=\"section\" data-colibri-id=\"2601-c2\" id=\"reusable-sections\" class=\"h-section h-section-global-spacing d-flex align-items-lg-center align-items-md-center align-items-center style-1447 style-local-2601-c2 position-relative\">\n    <!---->\n    <!---->\n    <div class=\"h-section-grid-container h-section-boxed-container\">\n      <!---->\n      <div data-colibri-id=\"2601-c3\" class=\"h-row-container gutters-row-lg-2 gutters-row-md-2 gutters-row-0 gutters-row-v-lg-2 gutters-row-v-md-2 gutters-row-v-2 style-1448 style-local-2601-c3 position-relative\">\n        <!---->\n        <div class=\"h-row justify-content-lg-center justify-content-md-center justify-content-center align-items-lg-stretch align-items-md-stretch align-items-stretch gutters-col-lg-2 gutters-col-md-2 gutters-col-0 gutters-col-v-lg-2 gutters-col-v-md-2 gutters-col-v-2\">\n          <!---->\n          <div class=\"h-column h-column-container d-flex h-col-lg-auto h-col-md-auto h-col-auto style-1449-outer style-local-2601-c4-outer\">\n            <div data-colibri-id=\"2601-c4\" class=\"d-flex h-flex-basis h-column__inner h-px-lg-2 h-px-md-2 h-px-2 v-inner-lg-2 v-inner-md-2 v-inner-2 style-1449 style-local-2601-c4 position-relative\">\n              <!---->\n              <!---->\n              <div class=\"w-100 h-y-container h-column__content h-column__v-align flex-basis-100 align-self-lg-start align-self-md-start align-self-start\">\n                <!---->\n                <div data-colibri-id=\"2601-c5\" data-aos=\"zoomIn\" class=\"h-text h-text-component style-1450 style-local-2601-c5 position-relative h-element\">\n                  <!---->\n                  <!---->\n                  <div class=\"\">\n                    <p><strong style=\"font-weight: 400; color: rgb(0, 0, 0); font-family: Montserrat, sans-serif; font-size: 98%;\">L\u00ednea de investigaci\u00f3n<em>: Diversidad cultural, identidad y memoria en el contexto de los problemas nacionales<\/em><\/strong><\/p>\n                    <p><strong style=\"font-weight: 400; color: rgb(0, 0, 0); font-family: Montserrat, sans-serif; font-size: 98%;\">Eje: <em>Patrimonios en riesgo y procesos de patrimonializaci\u00f3n<\/em><\/strong><\/p>\n                    <p><strong style=\"font-weight: 400; color: rgb(0, 0, 0); font-family: Montserrat, sans-serif; font-size: 98%;\">Nombre de proyecto: <em>Nuevas fronteras del arte\/ artesan\u00eda ind\u00edgena y el consumo cultural en la globalizaci\u00f3n<\/em><\/strong><\/p>\n                    <p><strong style=\"font-weight: 400; color: rgb(0, 0, 0); font-family: Montserrat, sans-serif; font-size: 98%;\">Palabras clave: <em>Arte ind\u00edgena, Consumo cultural, Artesan\u00eda y globalizaci\u00f3n, Zoque, Mayanse<\/em><\/strong><\/p>\n                    <p><strong style=\"font-weight: 400; color: rgb(0, 0, 0); font-family: Montserrat, sans-serif; font-size: 98%;\">Una etnograf\u00eda multisituada de los procesos de creaci\u00f3n art\u00edstica en la globalizaci\u00f3n como respuesta de los artistas ind\u00edgenas zoques y mayanses ante los patrones del consumo cultural propios de distintos sectores sociales con los que interact\u00faan, i.e. turistas, acad\u00e9micos, funcionarios gubernamentales, promotores culturales y comerciantes. A trav\u00e9s de una mirada multidiscipinaria se indaga el rol del arte\/ artesan\u00eda en sociedades ind\u00edgenas contempor\u00e1neas.<\/strong><\/p>\n                    <p><strong style=\"font-weight: 400; color: rgb(0, 0, 0); font-family: Montserrat, sans-serif; font-size: 98%;\">Responsable de proyecto<\/strong><\/p>\n                    <p><strong style=\"font-weight: 400; color: rgb(0, 0, 0); font-family: Montserrat, sans-serif; font-size: 98%;\">Marina Alonso Bola\u00f1os<\/strong><\/p>\n                    <p><strong style=\"font-weight: 400; color: rgb(0, 0, 0); font-family: Montserrat, sans-serif; font-size: 98%;\">marina_alonso@inah.gob.mx<\/strong><\/p>\n                    <p><strong style=\"font-weight: 400; color: rgb(0, 0, 0); font-family: Montserrat, sans-serif; font-size: 98%;\">Subdirecci\u00f3n de Fonoteca<\/strong><\/p>\n                    <p><strong style=\"font-weight: 400; color: rgb(0, 0, 0); font-family: Montserrat, sans-serif; font-size: 98%;\">Ferm\u00edn Ledesma Dom\u00ednguez<\/strong><\/p>\n                    <p><strong style=\"font-weight: 400; color: rgb(0, 0, 0); font-family: Montserrat, sans-serif; font-size: 98%;\">fer.ledesma.d@gmail.com<\/strong><\/p>\n                    <p><strong style=\"font-weight: 400; color: rgb(0, 0, 0); font-family: Montserrat, sans-serif; font-size: 98%;\">UAM<\/strong><\/p>\n                    <p><strong style=\"font-weight: 400; color: rgb(0, 0, 0); font-family: Montserrat, sans-serif; font-size: 98%;\">&nbsp;Rosalba Tadeo Castro<\/strong><\/p>\n                    <p><strong style=\"font-weight: 400; color: rgb(0, 0, 0); font-family: Montserrat, sans-serif; font-size: 98%;\">roxoxpepen@gmail.com<\/strong><\/p>\n                  <\/div>\n                <\/div>\n              <\/div>\n            <\/div>\n          <\/div>\n        <\/div>\n      <\/div>\n    <\/div>\n  <\/div>\n  <div data-colibri-component=\"section\" data-colibri-id=\"2601-c6\" id=\"reusable-sections-2\" class=\"h-section h-section-global-spacing d-flex align-items-lg-center align-items-md-center align-items-center style-1451 style-local-2601-c6 position-relative\">\n    <!---->\n    <!---->\n    <div class=\"h-section-grid-container h-section-boxed-container\">\n      <!---->\n      <div data-colibri-id=\"2601-c7\" class=\"h-row-container gutters-row-lg-2 gutters-row-md-2 gutters-row-0 gutters-row-v-lg-2 gutters-row-v-md-2 gutters-row-v-2 style-1452 style-local-2601-c7 position-relative\">\n        <!---->\n        <div class=\"h-row justify-content-lg-center justify-content-md-center justify-content-center align-items-lg-stretch align-items-md-stretch align-items-stretch gutters-col-lg-2 gutters-col-md-2 gutters-col-0 gutters-col-v-lg-2 gutters-col-v-md-2 gutters-col-v-2\">\n          <!---->\n          <div class=\"h-column h-column-container d-flex h-col-lg-auto h-col-md-auto h-col-auto style-1453-outer style-local-2601-c8-outer\">\n            <div data-colibri-id=\"2601-c8\" class=\"d-flex h-flex-basis h-column__inner h-px-lg-2 h-px-md-2 h-px-2 v-inner-lg-2 v-inner-md-2 v-inner-2 style-1453 style-local-2601-c8 position-relative\">\n              <!---->\n              <!---->\n              <div class=\"w-100 h-y-container h-column__content h-column__v-align flex-basis-100 align-self-lg-start align-self-md-start align-self-start\">\n                <!---->\n                <div data-colibri-component=\"masonry\" data-colibri-id=\"2601-c9\" class=\"h-photo-gallery margin-none caption-overImage full-width caption-vertical-align-bottom photo-gallery--with-hover-effect photo-gallery--with-hover-effect--glow style-1454 style-local-2601-c9 position-relative h-element\">\n                  <!---->\n                  <div class=\"h-global-transition-all caption-wrapper-full\"><div id='colibri-2601-c9' class='gallery-wrapper'>    <style type=\"text\/css\">\n\n        @media (min-width: 1023px) {        #colibri-2601-c9        dl {\n            float: left;\n            width: 33.333333333333% !important;\n            max-width: 33.333333333333% !important;\n            min-width: 33.333333333333% !important;\n        }\n\n        #colibri-2601-c9        dl:nth-of-type(3n +1 ) {\n            clear: both;\n        }\n\n        }@media (min-width: 768px) and (max-width: 1023px) {        #colibri-2601-c9        dl {\n            float: left;\n            width: 33.333333333333% !important;\n            max-width: 33.333333333333% !important;\n            min-width: 33.333333333333% !important;\n        }\n\n        #colibri-2601-c9        dl:nth-of-type(3n +1 ) {\n            clear: both;\n        }\n\n        }@media (max-width: 767px) {        #colibri-2601-c9        dl {\n            float: left;\n            width: 33.333333333333% !important;\n            max-width: 33.333333333333% !important;\n            min-width: 33.333333333333% !important;\n        }\n\n        #colibri-2601-c9        dl:nth-of-type(3n +1 ) {\n            clear: both;\n        }\n\n        }\n        #colibri-2601-c9        .gallery-item {\n            position: relative;\n        }\n\n        \n    <\/style>\n    <div   class='colibri-2601-c9-dls-wrapper gallery-items-wrapper' ><dl class='gallery-item masonry-item'>\n\t\t\t<dt class='gallery-icon landscape'>\n\t\t\t\t<a data-fancybox=\"colibri-2601-c9-group\" href='https:\/\/etnografia.inah.gob.mx\/wp-content\/uploads\/2022\/05\/Foto-1.-Venta-en-crepusculo.jpg'><img loading=\"lazy\" decoding=\"async\"  width=\"300\" height=\"225\" src=\"https:\/\/etnografia.inah.gob.mx\/wp-content\/uploads\/2022\/05\/Foto-1.-Venta-en-crepusculo-300x225.jpg\"  class='colibri-2601-c9-image' alt=\"\" aria-describedby=\"gallery-1-3089\" srcset=\"https:\/\/etnografia.inah.gob.mx\/wp-content\/uploads\/2022\/05\/Foto-1.-Venta-en-crepusculo-300x225.jpg 300w, https:\/\/etnografia.inah.gob.mx\/wp-content\/uploads\/2022\/05\/Foto-1.-Venta-en-crepusculo-768x576.jpg 768w, https:\/\/etnografia.inah.gob.mx\/wp-content\/uploads\/2022\/05\/Foto-1.-Venta-en-crepusculo.jpg 1024w\" sizes=\"auto, (max-width: 300px) 100vw, 300px\" \/><\/a>\n\t\t\t<\/dt>\n\t\t\t\t<div class=\"gallery-caption__wrapper\"><dd class='wp-caption-text gallery-caption' id='gallery-1-3089'>\n\t\t\t\tFoto 1. Venta en crep\u00fasculo\n\t\t\t\t<\/dd><\/div><\/dl><dl class='gallery-item masonry-item'>\n\t\t\t<dt class='gallery-icon landscape'>\n\t\t\t\t<a data-fancybox=\"colibri-2601-c9-group\" href='https:\/\/etnografia.inah.gob.mx\/wp-content\/uploads\/2022\/05\/Foto-2.-Flores-y-Fridas-para-el-Sol.jpg'><img loading=\"lazy\" decoding=\"async\"  width=\"300\" height=\"225\" src=\"https:\/\/etnografia.inah.gob.mx\/wp-content\/uploads\/2022\/05\/Foto-2.-Flores-y-Fridas-para-el-Sol-300x225.jpg\"  class='colibri-2601-c9-image' alt=\"\" aria-describedby=\"gallery-1-3090\" srcset=\"https:\/\/etnografia.inah.gob.mx\/wp-content\/uploads\/2022\/05\/Foto-2.-Flores-y-Fridas-para-el-Sol-300x225.jpg 300w, https:\/\/etnografia.inah.gob.mx\/wp-content\/uploads\/2022\/05\/Foto-2.-Flores-y-Fridas-para-el-Sol-768x576.jpg 768w, https:\/\/etnografia.inah.gob.mx\/wp-content\/uploads\/2022\/05\/Foto-2.-Flores-y-Fridas-para-el-Sol.jpg 1024w\" sizes=\"auto, (max-width: 300px) 100vw, 300px\" \/><\/a>\n\t\t\t<\/dt>\n\t\t\t\t<div class=\"gallery-caption__wrapper\"><dd class='wp-caption-text gallery-caption' id='gallery-1-3090'>\n\t\t\t\tFoto 2. Flores y Fridas para el Sol\n\t\t\t\t<\/dd><\/div><\/dl><dl class='gallery-item masonry-item'>\n\t\t\t<dt class='gallery-icon landscape'>\n\t\t\t\t<a data-fancybox=\"colibri-2601-c9-group\" href='https:\/\/etnografia.inah.gob.mx\/wp-content\/uploads\/2022\/05\/Foto-3.-Parachicos-y-flores-en-tocado-femenino.-Rosalba-Tadeo-Castro.jpg'><img loading=\"lazy\" decoding=\"async\"  width=\"300\" height=\"199\" src=\"https:\/\/etnografia.inah.gob.mx\/wp-content\/uploads\/2022\/05\/Foto-3.-Parachicos-y-flores-en-tocado-femenino.-Rosalba-Tadeo-Castro-300x199.jpg\"  class='colibri-2601-c9-image' alt=\"\" aria-describedby=\"gallery-1-3091\" srcset=\"https:\/\/etnografia.inah.gob.mx\/wp-content\/uploads\/2022\/05\/Foto-3.-Parachicos-y-flores-en-tocado-femenino.-Rosalba-Tadeo-Castro-300x199.jpg 300w, https:\/\/etnografia.inah.gob.mx\/wp-content\/uploads\/2022\/05\/Foto-3.-Parachicos-y-flores-en-tocado-femenino.-Rosalba-Tadeo-Castro-1024x678.jpg 1024w, https:\/\/etnografia.inah.gob.mx\/wp-content\/uploads\/2022\/05\/Foto-3.-Parachicos-y-flores-en-tocado-femenino.-Rosalba-Tadeo-Castro-768x508.jpg 768w, https:\/\/etnografia.inah.gob.mx\/wp-content\/uploads\/2022\/05\/Foto-3.-Parachicos-y-flores-en-tocado-femenino.-Rosalba-Tadeo-Castro.jpg 1280w\" sizes=\"auto, (max-width: 300px) 100vw, 300px\" \/><\/a>\n\t\t\t<\/dt>\n\t\t\t\t<div class=\"gallery-caption__wrapper\"><dd class='wp-caption-text gallery-caption' id='gallery-1-3091'>\n\t\t\t\tFoto 3. Parachicos y flores en tocado femenino. Rosalba Tadeo Castro\n\t\t\t\t<\/dd><\/div><\/dl>\n\t\t\t\n\t\t<\/div>\n<style>#colibri-2601-c9 .wp-caption-text.gallery-caption{display:none;}<\/style><\/div><\/div>\n                <\/div>\n              <\/div>\n            <\/div>\n          <\/div>\n        <\/div>\n      <\/div>\n    <\/div>\n  <\/div>\n<\/div>","protected":false},"excerpt":{"rendered":"<p>L\u00ednea de investigaci\u00f3n: Diversidad cultural, identidad y memoria en el contexto de los problemas nacionales Eje: Patrimonios en riesgo y procesos de patrimonializaci\u00f3n Nombre de proyecto: Nuevas fronteras del arte\/ artesan\u00eda ind\u00edgena y el consumo cultural en la globalizaci\u00f3n Palabras clave: Arte ind\u00edgena, Consumo cultural, Artesan\u00eda y globalizaci\u00f3n, Zoque, Mayanse Una etnograf\u00eda multisituada de los [&hellip;]<\/p>\n","protected":false},"author":1,"featured_media":0,"parent":0,"menu_order":0,"comment_status":"closed","ping_status":"closed","template":"page-templates\/full-width-page.php","meta":{"footnotes":""},"class_list":["post-2601","page","type-page","status-publish","hentry"],"_links":{"self":[{"href":"https:\/\/etnografia.inah.gob.mx\/index.php?rest_route=\/wp\/v2\/pages\/2601","targetHints":{"allow":["GET"]}}],"collection":[{"href":"https:\/\/etnografia.inah.gob.mx\/index.php?rest_route=\/wp\/v2\/pages"}],"about":[{"href":"https:\/\/etnografia.inah.gob.mx\/index.php?rest_route=\/wp\/v2\/types\/page"}],"author":[{"embeddable":true,"href":"https:\/\/etnografia.inah.gob.mx\/index.php?rest_route=\/wp\/v2\/users\/1"}],"replies":[{"embeddable":true,"href":"https:\/\/etnografia.inah.gob.mx\/index.php?rest_route=%2Fwp%2Fv2%2Fcomments&post=2601"}],"version-history":[{"count":2,"href":"https:\/\/etnografia.inah.gob.mx\/index.php?rest_route=\/wp\/v2\/pages\/2601\/revisions"}],"predecessor-version":[{"id":3093,"href":"https:\/\/etnografia.inah.gob.mx\/index.php?rest_route=\/wp\/v2\/pages\/2601\/revisions\/3093"}],"wp:attachment":[{"href":"https:\/\/etnografia.inah.gob.mx\/index.php?rest_route=%2Fwp%2Fv2%2Fmedia&parent=2601"}],"curies":[{"name":"wp","href":"https:\/\/api.w.org\/{rel}","templated":true}]}}