{"id":2596,"date":"2022-04-28T12:03:52","date_gmt":"2022-04-28T17:03:52","guid":{"rendered":"https:\/\/etnografia.convocatoriaprone.mx\/?page_id=2596"},"modified":"2022-05-10T16:36:01","modified_gmt":"2022-05-10T21:36:01","slug":"5-memorias-colectiva-y-autobiografica-como-procesos-sociocognitivos-de-dos-comunidades-de-guerrero","status":"publish","type":"page","link":"https:\/\/etnografia.inah.gob.mx\/?page_id=2596","title":{"rendered":"5. Memorias colectiva y autobiogr\u00e1fica como procesos sociocognitivos de dos comunidades de Guerrero"},"content":{"rendered":"<div data-colibri-id=\"2596-c1\" class=\"style-1405 style-local-2596-c1 position-relative\">\n  <!---->\n  <div data-colibri-component=\"section\" data-colibri-id=\"2596-c2\" id=\"reusable-sections\" class=\"h-section h-section-global-spacing d-flex align-items-lg-center align-items-md-center align-items-center style-1406 style-local-2596-c2 position-relative\">\n    <!---->\n    <!---->\n    <div class=\"h-section-grid-container h-section-boxed-container\">\n      <!---->\n      <div data-colibri-id=\"2596-c3\" class=\"h-row-container gutters-row-lg-2 gutters-row-md-2 gutters-row-0 gutters-row-v-lg-2 gutters-row-v-md-2 gutters-row-v-2 style-1407 style-local-2596-c3 position-relative\">\n        <!---->\n        <div class=\"h-row justify-content-lg-center justify-content-md-center justify-content-center align-items-lg-stretch align-items-md-stretch align-items-stretch gutters-col-lg-2 gutters-col-md-2 gutters-col-0 gutters-col-v-lg-2 gutters-col-v-md-2 gutters-col-v-2\">\n          <!---->\n          <div class=\"h-column h-column-container d-flex h-col-lg-auto h-col-md-auto h-col-auto style-1408-outer style-local-2596-c4-outer\">\n            <div data-colibri-id=\"2596-c4\" class=\"d-flex h-flex-basis h-column__inner h-px-lg-2 h-px-md-2 h-px-2 v-inner-lg-2 v-inner-md-2 v-inner-2 style-1408 style-local-2596-c4 position-relative\">\n              <!---->\n              <!---->\n              <div class=\"w-100 h-y-container h-column__content h-column__v-align flex-basis-100 align-self-lg-start align-self-md-start align-self-start\">\n                <!---->\n                <div data-colibri-id=\"2596-c5\" data-aos=\"zoomIn\" class=\"h-text h-text-component style-1409 style-local-2596-c5 position-relative h-element\">\n                  <!---->\n                  <!---->\n                  <div class=\"\">\n                    <p><strong style=\"font-weight: 400; color: rgb(0, 0, 0); font-family: Montserrat, sans-serif; font-size: 98%;\">L\u00ednea de investigaci\u00f3n<em>: Diversidad cultural, identidad y memoria en el contexto de los problemas nacionales<\/em><\/strong><\/p>\n                    <p><strong style=\"font-weight: 400; color: rgb(0, 0, 0); font-family: Montserrat, sans-serif; font-size: 98%;\">Eje: <em>Lengua, alteridad, identidad, memoria y otros saberes<\/em><\/strong><\/p>\n                    <p><strong style=\"font-weight: 400; color: rgb(0, 0, 0); font-family: Montserrat, sans-serif; font-size: 98%;\">Nombre de proyecto: <em>Memorias autobiogr\u00e1fica y colectiva como procesos sociocognitivos. Un estudio en dos comunidades de Guerrero<\/em><\/strong><\/p>\n                    <p><strong style=\"font-weight: 400; color: rgb(0, 0, 0); font-family: Montserrat, sans-serif; font-size: 98%;\">Palabras clave: <em>Violencia, Historias, Monta\u00f1a, Costa, Documentaci\u00f3n<\/em><\/strong><\/p>\n                    <p><strong style=\"font-weight: 400; color: rgb(0, 0, 0); font-family: Montserrat, sans-serif; font-size: 98%;\">En el proyecto se documentan narraciones en m\u00e8&#8217;ph\u00e0\u00e0 y espa\u00f1ol que tienen que ver con los contextos de violencia y discriminaci\u00f3n que se han vivido en Uni\u00f3n de las Peras y Huehuet\u00e1n (Guerrero). Con dichas narraciones se revisar\u00e1n los principios ling\u00fc\u00edsticos, cognitivos y antropol\u00f3gicos que rigen la memoria autobiogr\u00e1fica y la memoria colectiva de una comunidad ind\u00edgena y una afrodescendiente.<\/strong><\/p>\n                    <p><strong style=\"font-weight: 400; color: rgb(0, 0, 0); font-family: Montserrat, sans-serif; font-size: 98%;\">Responsable de proyecto<\/strong><\/p>\n                    <p><strong style=\"font-weight: 400; color: rgb(0, 0, 0); font-family: Montserrat, sans-serif; font-size: 98%;\">H. Antonio Garc\u00eda Z\u00fa\u00f1iga<\/strong><\/p>\n                    <p><strong style=\"font-weight: 400; color: rgb(0, 0, 0); font-family: Montserrat, sans-serif; font-size: 98%;\">hamlet_garcia@inah.gob.mx<\/strong><\/p>\n                    <p><strong style=\"font-weight: 400; color: rgb(0, 0, 0); font-family: Montserrat, sans-serif; font-size: 98%;\">Museo Nacional de la Culturas<\/strong><\/p>\n                    <p><strong style=\"font-weight: 400; color: rgb(0, 0, 0); font-family: Montserrat, sans-serif; font-size: 98%;\">Daniela Monroy Fraustro<\/strong><\/p>\n                    <p><strong style=\"font-weight: 400; color: rgb(0, 0, 0); font-family: Montserrat, sans-serif; font-size: 98%;\">daniela.myfo@gmail.com<\/strong><\/p>\n                    <p><strong style=\"font-weight: 400; color: rgb(0, 0, 0); font-family: Montserrat, sans-serif; font-size: 98%;\">UNAM<\/strong><\/p>\n                  <\/div>\n                <\/div>\n              <\/div>\n            <\/div>\n          <\/div>\n        <\/div>\n      <\/div>\n    <\/div>\n  <\/div>\n  <div data-colibri-component=\"section\" data-colibri-id=\"2596-c6\" id=\"reusable-sections-2\" class=\"h-section h-section-global-spacing d-flex align-items-lg-center align-items-md-center align-items-center style-1410 style-local-2596-c6 position-relative\">\n    <!---->\n    <!---->\n    <div class=\"h-section-grid-container h-section-boxed-container\">\n      <!---->\n      <div data-colibri-id=\"2596-c7\" class=\"h-row-container gutters-row-lg-2 gutters-row-md-2 gutters-row-0 gutters-row-v-lg-2 gutters-row-v-md-2 gutters-row-v-2 style-1411 style-local-2596-c7 position-relative\">\n        <!---->\n        <div class=\"h-row justify-content-lg-center justify-content-md-center justify-content-center align-items-lg-stretch align-items-md-stretch align-items-stretch gutters-col-lg-2 gutters-col-md-2 gutters-col-0 gutters-col-v-lg-2 gutters-col-v-md-2 gutters-col-v-2\">\n          <!---->\n          <div class=\"h-column h-column-container d-flex h-col-lg-auto h-col-md-auto h-col-auto style-1412-outer style-local-2596-c8-outer\">\n            <div data-colibri-id=\"2596-c8\" class=\"d-flex h-flex-basis h-column__inner h-px-lg-2 h-px-md-2 h-px-2 v-inner-lg-2 v-inner-md-2 v-inner-2 style-1412 style-local-2596-c8 position-relative\">\n              <!---->\n              <!---->\n              <div class=\"w-100 h-y-container h-column__content h-column__v-align flex-basis-100 align-self-lg-start align-self-md-start align-self-start\">\n                <!---->\n                <div data-colibri-component=\"masonry\" data-colibri-id=\"2596-c9\" class=\"h-photo-gallery margin-none caption-overImage full-width caption-vertical-align-bottom photo-gallery--with-hover-effect photo-gallery--with-hover-effect--glow style-1413 style-local-2596-c9 position-relative h-element\">\n                  <!---->\n                  <div class=\"h-global-transition-all caption-wrapper-full\"><div id='colibri-2596-c9' class='gallery-wrapper'>    <style type=\"text\/css\">\n\n        @media (min-width: 1023px) {        #colibri-2596-c9        dl {\n            float: left;\n            width: 33.333333333333% !important;\n            max-width: 33.333333333333% !important;\n            min-width: 33.333333333333% !important;\n        }\n\n        #colibri-2596-c9        dl:nth-of-type(3n +1 ) {\n            clear: both;\n        }\n\n        }@media (min-width: 768px) and (max-width: 1023px) {        #colibri-2596-c9        dl {\n            float: left;\n            width: 33.333333333333% !important;\n            max-width: 33.333333333333% !important;\n            min-width: 33.333333333333% !important;\n        }\n\n        #colibri-2596-c9        dl:nth-of-type(3n +1 ) {\n            clear: both;\n        }\n\n        }@media (max-width: 767px) {        #colibri-2596-c9        dl {\n            float: left;\n            width: 33.333333333333% !important;\n            max-width: 33.333333333333% !important;\n            min-width: 33.333333333333% !important;\n        }\n\n        #colibri-2596-c9        dl:nth-of-type(3n +1 ) {\n            clear: both;\n        }\n\n        }\n        #colibri-2596-c9        .gallery-item {\n            position: relative;\n        }\n\n        \n    <\/style>\n    <div   class='colibri-2596-c9-dls-wrapper gallery-items-wrapper' ><dl class='gallery-item masonry-item'>\n\t\t\t<dt class='gallery-icon landscape'>\n\t\t\t\t<a data-fancybox=\"colibri-2596-c9-group\" href='https:\/\/etnografia.inah.gob.mx\/wp-content\/uploads\/2022\/05\/logo-hamlet.jpg'><img loading=\"lazy\" decoding=\"async\"  width=\"300\" height=\"300\" src=\"https:\/\/etnografia.inah.gob.mx\/wp-content\/uploads\/2022\/05\/logo-hamlet-300x300.jpg\"  class='colibri-2596-c9-image' alt=\"\" aria-describedby=\"gallery-1-2930\" srcset=\"https:\/\/etnografia.inah.gob.mx\/wp-content\/uploads\/2022\/05\/logo-hamlet-300x300.jpg 300w, https:\/\/etnografia.inah.gob.mx\/wp-content\/uploads\/2022\/05\/logo-hamlet-150x150.jpg 150w, https:\/\/etnografia.inah.gob.mx\/wp-content\/uploads\/2022\/05\/logo-hamlet.jpg 484w\" sizes=\"auto, (max-width: 300px) 100vw, 300px\" \/><\/a>\n\t\t\t<\/dt>\n\t\t\t\t<div class=\"gallery-caption__wrapper\"><dd class='wp-caption-text gallery-caption' id='gallery-1-2930'>\n\t\t\t\tLogo Hamlet\n\t\t\t\t<\/dd><\/div><\/dl>\n\t\t\t\n\t\t<\/div>\n<style>#colibri-2596-c9 .wp-caption-text.gallery-caption{display:none;}<\/style><\/div><\/div>\n                <\/div>\n              <\/div>\n            <\/div>\n          <\/div>\n        <\/div>\n      <\/div>\n    <\/div>\n  <\/div>\n<\/div>","protected":false},"excerpt":{"rendered":"<p>L\u00ednea de investigaci\u00f3n: Diversidad cultural, identidad y memoria en el contexto de los problemas nacionales Eje: Lengua, alteridad, identidad, memoria y otros saberes Nombre de proyecto: Memorias autobiogr\u00e1fica y colectiva como procesos sociocognitivos. Un estudio en dos comunidades de Guerrero Palabras clave: Violencia, Historias, Monta\u00f1a, Costa, Documentaci\u00f3n En el proyecto se documentan narraciones en m\u00e8&#8217;ph\u00e0\u00e0 [&hellip;]<\/p>\n","protected":false},"author":1,"featured_media":0,"parent":0,"menu_order":0,"comment_status":"closed","ping_status":"closed","template":"page-templates\/full-width-page.php","meta":{"footnotes":""},"class_list":["post-2596","page","type-page","status-publish","hentry"],"_links":{"self":[{"href":"https:\/\/etnografia.inah.gob.mx\/index.php?rest_route=\/wp\/v2\/pages\/2596","targetHints":{"allow":["GET"]}}],"collection":[{"href":"https:\/\/etnografia.inah.gob.mx\/index.php?rest_route=\/wp\/v2\/pages"}],"about":[{"href":"https:\/\/etnografia.inah.gob.mx\/index.php?rest_route=\/wp\/v2\/types\/page"}],"author":[{"embeddable":true,"href":"https:\/\/etnografia.inah.gob.mx\/index.php?rest_route=\/wp\/v2\/users\/1"}],"replies":[{"embeddable":true,"href":"https:\/\/etnografia.inah.gob.mx\/index.php?rest_route=%2Fwp%2Fv2%2Fcomments&post=2596"}],"version-history":[{"count":2,"href":"https:\/\/etnografia.inah.gob.mx\/index.php?rest_route=\/wp\/v2\/pages\/2596\/revisions"}],"predecessor-version":[{"id":2932,"href":"https:\/\/etnografia.inah.gob.mx\/index.php?rest_route=\/wp\/v2\/pages\/2596\/revisions\/2932"}],"wp:attachment":[{"href":"https:\/\/etnografia.inah.gob.mx\/index.php?rest_route=%2Fwp%2Fv2%2Fmedia&parent=2596"}],"curies":[{"name":"wp","href":"https:\/\/api.w.org\/{rel}","templated":true}]}}