{"id":2595,"date":"2022-04-28T12:03:52","date_gmt":"2022-04-28T17:03:52","guid":{"rendered":"https:\/\/etnografia.convocatoriaprone.mx\/?page_id=2595"},"modified":"2022-05-10T16:29:58","modified_gmt":"2022-05-10T21:29:58","slug":"4-identidades-y-diversidad-cultural-jovenes-universitarios-indigenas-en-baja-california","status":"publish","type":"page","link":"https:\/\/etnografia.inah.gob.mx\/?page_id=2595","title":{"rendered":"4.  Identidades y diversidad cultural: jo\u0301venes universitarios indi\u0301genas en Baja California."},"content":{"rendered":"<div data-colibri-id=\"2595-c1\" class=\"style-1396 style-local-2595-c1 position-relative\">\n  <!---->\n  <div data-colibri-component=\"section\" data-colibri-id=\"2595-c2\" id=\"reusable-sections\" class=\"h-section h-section-global-spacing d-flex align-items-lg-center align-items-md-center align-items-center style-1397 style-local-2595-c2 position-relative\">\n    <!---->\n    <!---->\n    <div class=\"h-section-grid-container h-section-boxed-container\">\n      <!---->\n      <div data-colibri-id=\"2595-c3\" class=\"h-row-container gutters-row-lg-2 gutters-row-md-2 gutters-row-0 gutters-row-v-lg-2 gutters-row-v-md-2 gutters-row-v-2 style-1398 style-local-2595-c3 position-relative\">\n        <!---->\n        <div class=\"h-row justify-content-lg-center justify-content-md-center justify-content-center align-items-lg-stretch align-items-md-stretch align-items-stretch gutters-col-lg-2 gutters-col-md-2 gutters-col-0 gutters-col-v-lg-2 gutters-col-v-md-2 gutters-col-v-2\">\n          <!---->\n          <div class=\"h-column h-column-container d-flex h-col-lg-auto h-col-md-auto h-col-auto style-1399-outer style-local-2595-c4-outer\">\n            <div data-colibri-id=\"2595-c4\" class=\"d-flex h-flex-basis h-column__inner h-px-lg-2 h-px-md-2 h-px-2 v-inner-lg-2 v-inner-md-2 v-inner-2 style-1399 style-local-2595-c4 position-relative\">\n              <!---->\n              <!---->\n              <div class=\"w-100 h-y-container h-column__content h-column__v-align flex-basis-100 align-self-lg-start align-self-md-start align-self-start\">\n                <!---->\n                <div data-colibri-id=\"2595-c5\" data-aos=\"zoomIn\" class=\"h-text h-text-component style-1400 style-local-2595-c5 position-relative h-element\">\n                  <!---->\n                  <!---->\n                  <div class=\"\">\n                    <p><strong style=\"font-weight: 400; color: rgb(0, 0, 0); font-family: Montserrat, sans-serif; font-size: 98%;\">L\u00ednea de investigaci\u00f3n<em>: Diversidad cultural, identidad y memoria en el contexto de los problemas nacionales<\/em><\/strong><\/p>\n                    <p><strong style=\"font-weight: 400; color: rgb(0, 0, 0); font-family: Montserrat, sans-serif; font-size: 98%;\">Eje: <em>Lengua, alteridad, identidad, memoria y otros saberes<\/em><\/strong><\/p>\n                    <p><strong style=\"font-weight: 400; color: rgb(0, 0, 0); font-family: Montserrat, sans-serif; font-size: 98%;\">Nombre de proyecto: <em>Identidades y diversidad cultural: j\u00f3venes universitarios ind\u00edgenas en Baja California<\/em><\/strong><\/p>\n                    <p><strong style=\"font-weight: 400; color: rgb(0, 0, 0); font-family: Montserrat, sans-serif; font-size: 98%;\">Palabras clave: <em>Identidad cultural, Joven, Estudiante universitario<\/em><\/strong><\/p>\n                    <p><strong style=\"font-weight: 400; color: rgb(0, 0, 0); font-family: Montserrat, sans-serif; font-size: 98%;\">La construcci\u00f3n de las identidades se da a partir de procesos din\u00e1micos y cambiantes. El estado de Baja California presenta peculiaridades con respecto a la poblaci\u00f3n, de los m\u00e1s de 280,000 ind\u00edgenas que reporta el INEGI, menos del 1% (2,000 personas aproximadamente) representa a poblaci\u00f3n ind\u00edgena nativa, es decir, descendientes de los grupos que se encontraban antes de la llegada de los misioneros a la pen\u00ednsula bajacaliforniana. El resto de la poblaci\u00f3n ind\u00edgena en el estado fue llegando desde mediados del siglo XX proveniente de distintos lugares del pa\u00eds, conformando as\u00ed un crisol cultural donde se visualizan problemas como la desigualdad social y la discriminaci\u00f3n. A trav\u00e9s del di\u00e1logo horizontal con universitarios y en conjunto con la sociedad en general, analizamos las din\u00e1micas y problem\u00e1ticas que viven los j\u00f3venes universitarios ind\u00edgenas en Baja California, de esta manera, reconocemos las diferentes identidades y problem\u00e1ticas en el nivel educativo a trav\u00e9s de di\u00e1logos horizontales en contextos acad\u00e9micos. Es a trav\u00e9s del reconocimiento, trabajo colaborativo y coparticipativo que proponemos en acciones en conjunto tales como creaci\u00f3n de materiales acad\u00e9micos en colaboraci\u00f3n y coautor\u00eda con j\u00f3venes universitarios acerca de su identidad, relaciones y procesos relativos a la apropiaci\u00f3n cultural.<\/strong><\/p>\n                    <p><strong style=\"font-weight: 400; color: rgb(0, 0, 0); font-family: Montserrat, sans-serif; font-size: 98%;\">Responsable de proyecto<\/strong><\/p>\n                    <p><strong style=\"font-weight: 400; color: rgb(0, 0, 0); font-family: Montserrat, sans-serif; font-size: 98%;\">Ana Daniela Leyva Gonz\u00e1lez<\/strong><\/p>\n                    <p><strong style=\"font-weight: 400; color: rgb(0, 0, 0); font-family: Montserrat, sans-serif; font-size: 98%;\">ana_leyva@inah.gob.mx<\/strong><\/p>\n                    <p><strong style=\"font-weight: 400; color: rgb(0, 0, 0); font-family: Montserrat, sans-serif; font-size: 98%;\">Centro INAH Baja California<\/strong><\/p>\n                    <p><strong style=\"font-weight: 400; color: rgb(0, 0, 0); font-family: Montserrat, sans-serif; font-size: 98%;\">Guillermo Hern\u00e1ndez Santana<\/strong><\/p>\n                    <p><strong style=\"font-weight: 400; color: rgb(0, 0, 0); font-family: Montserrat, sans-serif; font-size: 98%;\">guillermo_hernandez@inah.gob.mx<\/strong><\/p>\n                    <p><strong style=\"font-weight: 400; color: rgb(0, 0, 0); font-family: Montserrat, sans-serif; font-size: 98%;\">UNAM<\/strong><\/p>\n                  <\/div>\n                <\/div>\n              <\/div>\n            <\/div>\n          <\/div>\n        <\/div>\n      <\/div>\n    <\/div>\n  <\/div>\n  <div data-colibri-component=\"section\" data-colibri-id=\"2595-c6\" id=\"reusable-sections-2\" class=\"h-section h-section-global-spacing d-flex align-items-lg-center align-items-md-center align-items-center style-1401 style-local-2595-c6 position-relative\">\n    <!---->\n    <!---->\n    <div class=\"h-section-grid-container h-section-boxed-container\">\n      <!---->\n      <div data-colibri-id=\"2595-c7\" class=\"h-row-container gutters-row-lg-2 gutters-row-md-2 gutters-row-0 gutters-row-v-lg-2 gutters-row-v-md-2 gutters-row-v-2 style-1402 style-local-2595-c7 position-relative\">\n        <!---->\n        <div class=\"h-row justify-content-lg-center justify-content-md-center justify-content-center align-items-lg-stretch align-items-md-stretch align-items-stretch gutters-col-lg-2 gutters-col-md-2 gutters-col-0 gutters-col-v-lg-2 gutters-col-v-md-2 gutters-col-v-2\">\n          <!---->\n          <div class=\"h-column h-column-container d-flex h-col-lg-auto h-col-md-auto h-col-auto style-1403-outer style-local-2595-c8-outer\">\n            <div data-colibri-id=\"2595-c8\" class=\"d-flex h-flex-basis h-column__inner h-px-lg-2 h-px-md-2 h-px-2 v-inner-lg-2 v-inner-md-2 v-inner-2 style-1403 style-local-2595-c8 position-relative\">\n              <!---->\n              <!---->\n              <div class=\"w-100 h-y-container h-column__content h-column__v-align flex-basis-100 align-self-lg-start align-self-md-start align-self-start\">\n                <!---->\n                <div data-colibri-component=\"masonry\" data-colibri-id=\"2595-c9\" class=\"h-photo-gallery margin-none caption-overImage full-width caption-vertical-align-bottom photo-gallery--with-hover-effect photo-gallery--with-hover-effect--glow style-1404 style-local-2595-c9 position-relative h-element\">\n                  <!---->\n                  <div class=\"h-global-transition-all caption-wrapper-full\"><div id='colibri-2595-c9' class='gallery-wrapper'>    <style type=\"text\/css\">\n\n        @media (min-width: 1023px) {        #colibri-2595-c9        dl {\n            float: left;\n            width: 33.333333333333% !important;\n            max-width: 33.333333333333% !important;\n            min-width: 33.333333333333% !important;\n        }\n\n        #colibri-2595-c9        dl:nth-of-type(3n +1 ) {\n            clear: both;\n        }\n\n        }@media (min-width: 768px) and (max-width: 1023px) {        #colibri-2595-c9        dl {\n            float: left;\n            width: 33.333333333333% !important;\n            max-width: 33.333333333333% !important;\n            min-width: 33.333333333333% !important;\n        }\n\n        #colibri-2595-c9        dl:nth-of-type(3n +1 ) {\n            clear: both;\n        }\n\n        }@media (max-width: 767px) {        #colibri-2595-c9        dl {\n            float: left;\n            width: 33.333333333333% !important;\n            max-width: 33.333333333333% !important;\n            min-width: 33.333333333333% !important;\n        }\n\n        #colibri-2595-c9        dl:nth-of-type(3n +1 ) {\n            clear: both;\n        }\n\n        }\n        #colibri-2595-c9        .gallery-item {\n            position: relative;\n        }\n\n        \n    <\/style>\n    <div   class='colibri-2595-c9-dls-wrapper gallery-items-wrapper' ><dl class='gallery-item masonry-item'>\n\t\t\t<dt class='gallery-icon landscape'>\n\t\t\t\t<a data-fancybox=\"colibri-2595-c9-group\" href='https:\/\/etnografia.inah.gob.mx\/wp-content\/uploads\/2022\/05\/1.-Sin-titulo-Baja-California-2019.-Fotografia_-Guillermo-Hernandez-Santana-scaled.jpg'><img loading=\"lazy\" decoding=\"async\"  width=\"300\" height=\"200\" src=\"https:\/\/etnografia.inah.gob.mx\/wp-content\/uploads\/2022\/05\/1.-Sin-titulo-Baja-California-2019.-Fotografia_-Guillermo-Hernandez-Santana-300x200.jpg\"  class='colibri-2595-c9-image' alt=\"\" aria-describedby=\"gallery-1-2916\" srcset=\"https:\/\/etnografia.inah.gob.mx\/wp-content\/uploads\/2022\/05\/1.-Sin-titulo-Baja-California-2019.-Fotografia_-Guillermo-Hernandez-Santana-300x200.jpg 300w, https:\/\/etnografia.inah.gob.mx\/wp-content\/uploads\/2022\/05\/1.-Sin-titulo-Baja-California-2019.-Fotografia_-Guillermo-Hernandez-Santana-1024x683.jpg 1024w, https:\/\/etnografia.inah.gob.mx\/wp-content\/uploads\/2022\/05\/1.-Sin-titulo-Baja-California-2019.-Fotografia_-Guillermo-Hernandez-Santana-768x512.jpg 768w, https:\/\/etnografia.inah.gob.mx\/wp-content\/uploads\/2022\/05\/1.-Sin-titulo-Baja-California-2019.-Fotografia_-Guillermo-Hernandez-Santana-1536x1025.jpg 1536w, https:\/\/etnografia.inah.gob.mx\/wp-content\/uploads\/2022\/05\/1.-Sin-titulo-Baja-California-2019.-Fotografia_-Guillermo-Hernandez-Santana-2048x1367.jpg 2048w\" sizes=\"auto, (max-width: 300px) 100vw, 300px\" \/><\/a>\n\t\t\t<\/dt>\n\t\t\t\t<div class=\"gallery-caption__wrapper\"><dd class='wp-caption-text gallery-caption' id='gallery-1-2916'>\n\t\t\t\tSin t\u00edtulo, Baja California, 2019. Fotograf\u00eda_ Guillermo Hern\u00e1ndez Santana\n\t\t\t\t<\/dd><\/div><\/dl><dl class='gallery-item masonry-item'>\n\t\t\t<dt class='gallery-icon landscape'>\n\t\t\t\t<a data-fancybox=\"colibri-2595-c9-group\" href='https:\/\/etnografia.inah.gob.mx\/wp-content\/uploads\/2022\/05\/2.-Sin-titulo-Baja-California-2019.-Fotografia_-Guillermo-Hernandez-Santana-scaled.jpg'><img loading=\"lazy\" decoding=\"async\"  width=\"300\" height=\"200\" src=\"https:\/\/etnografia.inah.gob.mx\/wp-content\/uploads\/2022\/05\/2.-Sin-titulo-Baja-California-2019.-Fotografia_-Guillermo-Hernandez-Santana-300x200.jpg\"  class='colibri-2595-c9-image' alt=\"\" aria-describedby=\"gallery-1-2917\" srcset=\"https:\/\/etnografia.inah.gob.mx\/wp-content\/uploads\/2022\/05\/2.-Sin-titulo-Baja-California-2019.-Fotografia_-Guillermo-Hernandez-Santana-300x200.jpg 300w, https:\/\/etnografia.inah.gob.mx\/wp-content\/uploads\/2022\/05\/2.-Sin-titulo-Baja-California-2019.-Fotografia_-Guillermo-Hernandez-Santana-1024x683.jpg 1024w, https:\/\/etnografia.inah.gob.mx\/wp-content\/uploads\/2022\/05\/2.-Sin-titulo-Baja-California-2019.-Fotografia_-Guillermo-Hernandez-Santana-768x512.jpg 768w, https:\/\/etnografia.inah.gob.mx\/wp-content\/uploads\/2022\/05\/2.-Sin-titulo-Baja-California-2019.-Fotografia_-Guillermo-Hernandez-Santana-1536x1025.jpg 1536w, https:\/\/etnografia.inah.gob.mx\/wp-content\/uploads\/2022\/05\/2.-Sin-titulo-Baja-California-2019.-Fotografia_-Guillermo-Hernandez-Santana-2048x1367.jpg 2048w\" sizes=\"auto, (max-width: 300px) 100vw, 300px\" \/><\/a>\n\t\t\t<\/dt>\n\t\t\t\t<div class=\"gallery-caption__wrapper\"><dd class='wp-caption-text gallery-caption' id='gallery-1-2917'>\n\t\t\t\tSin t\u00edtulo, Baja California, 2019. Fotograf\u00eda_ Guillermo Hern\u00e1ndez Santana\n\t\t\t\t<\/dd><\/div><\/dl><dl class='gallery-item masonry-item'>\n\t\t\t<dt class='gallery-icon landscape'>\n\t\t\t\t<a data-fancybox=\"colibri-2595-c9-group\" href='https:\/\/etnografia.inah.gob.mx\/wp-content\/uploads\/2022\/05\/3.-Sin-titulo-Baja-California-2019.-Fotografia_-Guillermo-Hernandez-Santana-scaled.jpg'><img loading=\"lazy\" decoding=\"async\"  width=\"300\" height=\"200\" src=\"https:\/\/etnografia.inah.gob.mx\/wp-content\/uploads\/2022\/05\/3.-Sin-titulo-Baja-California-2019.-Fotografia_-Guillermo-Hernandez-Santana-300x200.jpg\"  class='colibri-2595-c9-image' alt=\"\" aria-describedby=\"gallery-1-2918\" srcset=\"https:\/\/etnografia.inah.gob.mx\/wp-content\/uploads\/2022\/05\/3.-Sin-titulo-Baja-California-2019.-Fotografia_-Guillermo-Hernandez-Santana-300x200.jpg 300w, https:\/\/etnografia.inah.gob.mx\/wp-content\/uploads\/2022\/05\/3.-Sin-titulo-Baja-California-2019.-Fotografia_-Guillermo-Hernandez-Santana-1024x683.jpg 1024w, https:\/\/etnografia.inah.gob.mx\/wp-content\/uploads\/2022\/05\/3.-Sin-titulo-Baja-California-2019.-Fotografia_-Guillermo-Hernandez-Santana-768x512.jpg 768w, https:\/\/etnografia.inah.gob.mx\/wp-content\/uploads\/2022\/05\/3.-Sin-titulo-Baja-California-2019.-Fotografia_-Guillermo-Hernandez-Santana-1536x1025.jpg 1536w, https:\/\/etnografia.inah.gob.mx\/wp-content\/uploads\/2022\/05\/3.-Sin-titulo-Baja-California-2019.-Fotografia_-Guillermo-Hernandez-Santana-2048x1367.jpg 2048w\" sizes=\"auto, (max-width: 300px) 100vw, 300px\" \/><\/a>\n\t\t\t<\/dt>\n\t\t\t\t<div class=\"gallery-caption__wrapper\"><dd class='wp-caption-text gallery-caption' id='gallery-1-2918'>\n\t\t\t\tSin t\u00edtulo, Baja California, 2019. Fotograf\u00eda_ Guillermo Hern\u00e1ndez Santana\n\t\t\t\t<\/dd><\/div><\/dl><dl class='gallery-item masonry-item'>\n\t\t\t<dt class='gallery-icon landscape'>\n\t\t\t\t<a data-fancybox=\"colibri-2595-c9-group\" href='https:\/\/etnografia.inah.gob.mx\/wp-content\/uploads\/2022\/05\/4.-Sin-titulo-Baja-California-2019.-Fotografia_-Guillermo-Hernandez-Santana-scaled.jpg'><img loading=\"lazy\" decoding=\"async\"  width=\"300\" height=\"200\" src=\"https:\/\/etnografia.inah.gob.mx\/wp-content\/uploads\/2022\/05\/4.-Sin-titulo-Baja-California-2019.-Fotografia_-Guillermo-Hernandez-Santana-300x200.jpg\"  class='colibri-2595-c9-image' alt=\"\" aria-describedby=\"gallery-1-2919\" srcset=\"https:\/\/etnografia.inah.gob.mx\/wp-content\/uploads\/2022\/05\/4.-Sin-titulo-Baja-California-2019.-Fotografia_-Guillermo-Hernandez-Santana-300x200.jpg 300w, https:\/\/etnografia.inah.gob.mx\/wp-content\/uploads\/2022\/05\/4.-Sin-titulo-Baja-California-2019.-Fotografia_-Guillermo-Hernandez-Santana-1024x683.jpg 1024w, https:\/\/etnografia.inah.gob.mx\/wp-content\/uploads\/2022\/05\/4.-Sin-titulo-Baja-California-2019.-Fotografia_-Guillermo-Hernandez-Santana-768x512.jpg 768w, https:\/\/etnografia.inah.gob.mx\/wp-content\/uploads\/2022\/05\/4.-Sin-titulo-Baja-California-2019.-Fotografia_-Guillermo-Hernandez-Santana-1536x1025.jpg 1536w, https:\/\/etnografia.inah.gob.mx\/wp-content\/uploads\/2022\/05\/4.-Sin-titulo-Baja-California-2019.-Fotografia_-Guillermo-Hernandez-Santana-2048x1367.jpg 2048w\" sizes=\"auto, (max-width: 300px) 100vw, 300px\" \/><\/a>\n\t\t\t<\/dt>\n\t\t\t\t<div class=\"gallery-caption__wrapper\"><dd class='wp-caption-text gallery-caption' id='gallery-1-2919'>\n\t\t\t\tSin t\u00edtulo, Baja California, 2019. Fotograf\u00eda_ Guillermo Hern\u00e1ndez Santana\n\t\t\t\t<\/dd><\/div><\/dl><dl class='gallery-item masonry-item'>\n\t\t\t<dt class='gallery-icon landscape'>\n\t\t\t\t<a data-fancybox=\"colibri-2595-c9-group\" href='https:\/\/etnografia.inah.gob.mx\/wp-content\/uploads\/2022\/05\/5.-Sin-titulo-Baja-California-2019.-Fotografia_-Guillermo-Hernandez-Santana-scaled.jpg'><img loading=\"lazy\" decoding=\"async\"  width=\"300\" height=\"200\" src=\"https:\/\/etnografia.inah.gob.mx\/wp-content\/uploads\/2022\/05\/5.-Sin-titulo-Baja-California-2019.-Fotografia_-Guillermo-Hernandez-Santana-300x200.jpg\"  class='colibri-2595-c9-image' alt=\"\" aria-describedby=\"gallery-1-2920\" srcset=\"https:\/\/etnografia.inah.gob.mx\/wp-content\/uploads\/2022\/05\/5.-Sin-titulo-Baja-California-2019.-Fotografia_-Guillermo-Hernandez-Santana-300x200.jpg 300w, https:\/\/etnografia.inah.gob.mx\/wp-content\/uploads\/2022\/05\/5.-Sin-titulo-Baja-California-2019.-Fotografia_-Guillermo-Hernandez-Santana-1024x683.jpg 1024w, https:\/\/etnografia.inah.gob.mx\/wp-content\/uploads\/2022\/05\/5.-Sin-titulo-Baja-California-2019.-Fotografia_-Guillermo-Hernandez-Santana-768x512.jpg 768w, https:\/\/etnografia.inah.gob.mx\/wp-content\/uploads\/2022\/05\/5.-Sin-titulo-Baja-California-2019.-Fotografia_-Guillermo-Hernandez-Santana-1536x1025.jpg 1536w, https:\/\/etnografia.inah.gob.mx\/wp-content\/uploads\/2022\/05\/5.-Sin-titulo-Baja-California-2019.-Fotografia_-Guillermo-Hernandez-Santana-2048x1367.jpg 2048w\" sizes=\"auto, (max-width: 300px) 100vw, 300px\" \/><\/a>\n\t\t\t<\/dt>\n\t\t\t\t<div class=\"gallery-caption__wrapper\"><dd class='wp-caption-text gallery-caption' id='gallery-1-2920'>\n\t\t\t\tSin t\u00edtulo, Baja California, 2019. Fotograf\u00eda_ Guillermo Hern\u00e1ndez Santana\n\t\t\t\t<\/dd><\/div><\/dl><dl class='gallery-item masonry-item'>\n\t\t\t<dt class='gallery-icon landscape'>\n\t\t\t\t<a data-fancybox=\"colibri-2595-c9-group\" href='https:\/\/etnografia.inah.gob.mx\/wp-content\/uploads\/2022\/05\/6.-Sin-titulo-Baja-California-2019.-Fotografia_-Guillermo-Hernandez-Santana-scaled.jpg'><img loading=\"lazy\" decoding=\"async\"  width=\"300\" height=\"200\" src=\"https:\/\/etnografia.inah.gob.mx\/wp-content\/uploads\/2022\/05\/6.-Sin-titulo-Baja-California-2019.-Fotografia_-Guillermo-Hernandez-Santana-300x200.jpg\"  class='colibri-2595-c9-image' alt=\"\" aria-describedby=\"gallery-1-2921\" srcset=\"https:\/\/etnografia.inah.gob.mx\/wp-content\/uploads\/2022\/05\/6.-Sin-titulo-Baja-California-2019.-Fotografia_-Guillermo-Hernandez-Santana-300x200.jpg 300w, https:\/\/etnografia.inah.gob.mx\/wp-content\/uploads\/2022\/05\/6.-Sin-titulo-Baja-California-2019.-Fotografia_-Guillermo-Hernandez-Santana-1024x683.jpg 1024w, https:\/\/etnografia.inah.gob.mx\/wp-content\/uploads\/2022\/05\/6.-Sin-titulo-Baja-California-2019.-Fotografia_-Guillermo-Hernandez-Santana-768x512.jpg 768w, https:\/\/etnografia.inah.gob.mx\/wp-content\/uploads\/2022\/05\/6.-Sin-titulo-Baja-California-2019.-Fotografia_-Guillermo-Hernandez-Santana-1536x1025.jpg 1536w, https:\/\/etnografia.inah.gob.mx\/wp-content\/uploads\/2022\/05\/6.-Sin-titulo-Baja-California-2019.-Fotografia_-Guillermo-Hernandez-Santana-2048x1367.jpg 2048w\" sizes=\"auto, (max-width: 300px) 100vw, 300px\" \/><\/a>\n\t\t\t<\/dt>\n\t\t\t\t<div class=\"gallery-caption__wrapper\"><dd class='wp-caption-text gallery-caption' id='gallery-1-2921'>\n\t\t\t\tSin t\u00edtulo, Baja California, 2019. Fotograf\u00eda_ Guillermo Hern\u00e1ndez Santana\n\t\t\t\t<\/dd><\/div><\/dl><dl class='gallery-item masonry-item'>\n\t\t\t<dt class='gallery-icon landscape'>\n\t\t\t\t<a data-fancybox=\"colibri-2595-c9-group\" href='https:\/\/etnografia.inah.gob.mx\/wp-content\/uploads\/2022\/05\/7.-Sin-titulo-Baja-California-2019.-Fotografia_-Guillermo-Hernandez-Santana.jpg'><img loading=\"lazy\" decoding=\"async\"  width=\"300\" height=\"200\" src=\"https:\/\/etnografia.inah.gob.mx\/wp-content\/uploads\/2022\/05\/7.-Sin-titulo-Baja-California-2019.-Fotografia_-Guillermo-Hernandez-Santana-300x200.jpg\"  class='colibri-2595-c9-image' alt=\"\" aria-describedby=\"gallery-1-2922\" srcset=\"https:\/\/etnografia.inah.gob.mx\/wp-content\/uploads\/2022\/05\/7.-Sin-titulo-Baja-California-2019.-Fotografia_-Guillermo-Hernandez-Santana-300x200.jpg 300w, https:\/\/etnografia.inah.gob.mx\/wp-content\/uploads\/2022\/05\/7.-Sin-titulo-Baja-California-2019.-Fotografia_-Guillermo-Hernandez-Santana-1024x683.jpg 1024w, https:\/\/etnografia.inah.gob.mx\/wp-content\/uploads\/2022\/05\/7.-Sin-titulo-Baja-California-2019.-Fotografia_-Guillermo-Hernandez-Santana-768x512.jpg 768w, https:\/\/etnografia.inah.gob.mx\/wp-content\/uploads\/2022\/05\/7.-Sin-titulo-Baja-California-2019.-Fotografia_-Guillermo-Hernandez-Santana.jpg 1280w\" sizes=\"auto, (max-width: 300px) 100vw, 300px\" \/><\/a>\n\t\t\t<\/dt>\n\t\t\t\t<div class=\"gallery-caption__wrapper\"><dd class='wp-caption-text gallery-caption' id='gallery-1-2922'>\n\t\t\t\tSin t\u00edtulo, Baja California, 2019. Fotograf\u00eda_ Guillermo Hern\u00e1ndez Santana\n\t\t\t\t<\/dd><\/div><\/dl>\n\t\t\t\n\t\t<\/div>\n<style>#colibri-2595-c9 .wp-caption-text.gallery-caption{display:none;}<\/style><\/div><\/div>\n                <\/div>\n              <\/div>\n            <\/div>\n          <\/div>\n        <\/div>\n      <\/div>\n    <\/div>\n  <\/div>\n<\/div>","protected":false},"excerpt":{"rendered":"<p>L\u00ednea de investigaci\u00f3n: Diversidad cultural, identidad y memoria en el contexto de los problemas nacionales Eje: Lengua, alteridad, identidad, memoria y otros saberes Nombre de proyecto: Identidades y diversidad cultural: j\u00f3venes universitarios ind\u00edgenas en Baja California Palabras clave: Identidad cultural, Joven, Estudiante universitario La construcci\u00f3n de las identidades se da a partir de procesos din\u00e1micos [&hellip;]<\/p>\n","protected":false},"author":1,"featured_media":0,"parent":0,"menu_order":0,"comment_status":"closed","ping_status":"closed","template":"page-templates\/full-width-page.php","meta":{"footnotes":""},"class_list":["post-2595","page","type-page","status-publish","hentry"],"_links":{"self":[{"href":"https:\/\/etnografia.inah.gob.mx\/index.php?rest_route=\/wp\/v2\/pages\/2595","targetHints":{"allow":["GET"]}}],"collection":[{"href":"https:\/\/etnografia.inah.gob.mx\/index.php?rest_route=\/wp\/v2\/pages"}],"about":[{"href":"https:\/\/etnografia.inah.gob.mx\/index.php?rest_route=\/wp\/v2\/types\/page"}],"author":[{"embeddable":true,"href":"https:\/\/etnografia.inah.gob.mx\/index.php?rest_route=\/wp\/v2\/users\/1"}],"replies":[{"embeddable":true,"href":"https:\/\/etnografia.inah.gob.mx\/index.php?rest_route=%2Fwp%2Fv2%2Fcomments&post=2595"}],"version-history":[{"count":2,"href":"https:\/\/etnografia.inah.gob.mx\/index.php?rest_route=\/wp\/v2\/pages\/2595\/revisions"}],"predecessor-version":[{"id":2924,"href":"https:\/\/etnografia.inah.gob.mx\/index.php?rest_route=\/wp\/v2\/pages\/2595\/revisions\/2924"}],"wp:attachment":[{"href":"https:\/\/etnografia.inah.gob.mx\/index.php?rest_route=%2Fwp%2Fv2%2Fmedia&parent=2595"}],"curies":[{"name":"wp","href":"https:\/\/api.w.org\/{rel}","templated":true}]}}