{"id":2581,"date":"2022-04-27T18:10:36","date_gmt":"2022-04-27T23:10:36","guid":{"rendered":"https:\/\/etnografia.convocatoriaprone.mx\/?page_id=2581"},"modified":"2022-05-03T17:20:48","modified_gmt":"2022-05-03T22:20:48","slug":"4-identidades-migrantes-etnografias-historicas-y-multilocales-en-espacios-migratorios","status":"publish","type":"page","link":"https:\/\/etnografia.inah.gob.mx\/?page_id=2581","title":{"rendered":"4. Identidades migrantes. Etnograf\u00edas hist\u00f3ricas y multilocales en espacios migratorios"},"content":{"rendered":"<div data-colibri-id=\"2581-c1\" class=\"style-1353 style-local-2581-c1 position-relative\">\n  <!---->\n  <div data-colibri-component=\"section\" data-colibri-id=\"2581-c2\" id=\"reusable-sections\" class=\"h-section h-section-global-spacing d-flex align-items-lg-center align-items-md-center align-items-center style-1354 style-local-2581-c2 position-relative\">\n    <!---->\n    <!---->\n    <div class=\"h-section-grid-container h-section-boxed-container\">\n      <!---->\n      <div data-colibri-id=\"2581-c3\" class=\"h-row-container gutters-row-lg-2 gutters-row-md-2 gutters-row-0 gutters-row-v-lg-2 gutters-row-v-md-2 gutters-row-v-2 style-1355 style-local-2581-c3 position-relative\">\n        <!---->\n        <div class=\"h-row justify-content-lg-center justify-content-md-center justify-content-center align-items-lg-stretch align-items-md-stretch align-items-stretch gutters-col-lg-2 gutters-col-md-2 gutters-col-0 gutters-col-v-lg-2 gutters-col-v-md-2 gutters-col-v-2\">\n          <!---->\n          <div class=\"h-column h-column-container d-flex h-col-lg-auto h-col-md-auto h-col-auto style-1356-outer style-local-2581-c4-outer\">\n            <div data-colibri-id=\"2581-c4\" class=\"d-flex h-flex-basis h-column__inner h-px-lg-2 h-px-md-2 h-px-2 v-inner-lg-2 v-inner-md-2 v-inner-2 style-1356 style-local-2581-c4 position-relative\">\n              <!---->\n              <!---->\n              <div class=\"w-100 h-y-container h-column__content h-column__v-align flex-basis-100 align-self-lg-start align-self-md-start align-self-start\">\n                <!---->\n                <div data-colibri-id=\"2581-c5\" data-aos=\"zoomIn\" class=\"h-text h-text-component style-1357 style-local-2581-c5 position-relative h-element\">\n                  <!---->\n                  <!---->\n                  <div class=\"\">\n                    <p><strong style=\"font-weight: 400; color: rgb(0, 0, 0); font-family: Montserrat, sans-serif; font-size: 98%;\">L\u00ednea de investigaci\u00f3n<em>: Diversidad cultural, identidad y memoria en el contexto de los problemas nacionales<\/em><\/strong><\/p>\n                    <p><strong style=\"font-weight: 400; color: rgb(0, 0, 0); font-family: Montserrat, sans-serif; font-size: 98%;\">Eje: <em>Diversidad cultural, conflicto y agencia ante los problemas nacionales<\/em><\/strong><\/p>\n                    <p><strong style=\"font-weight: 400; color: rgb(0, 0, 0); font-family: Montserrat, sans-serif; font-size: 98%;\">Nombre de proyecto: <em>Identidades migrantes. Etnograf\u00edas hist\u00f3ricas y multilocales en espacios migratorios<\/em><\/strong><\/p>\n                    <p><strong style=\"font-weight: 400; color: rgb(0, 0, 0); font-family: Montserrat, sans-serif; font-size: 98%;\">Palabras clave: <em>Historias migratorias, Identidades, Etnograf\u00eda e historia multisituadas, G\u00e9nero, Siglo XX<\/em><\/strong><\/p>\n                    <p><strong style=\"font-weight: 400; color: rgb(0, 0, 0); font-family: Montserrat, sans-serif; font-size: 98%;\">La migraci\u00f3n transnacional e interna ha sido un fen\u00f3meno social que ha marcado a nuestro pa\u00eds desde fines del siglo XIX, XX y principios del XXI. M\u00e9xico tiene un lugar estrat\u00e9gico en el continente americano; por un lado, colinda con un pa\u00eds potencia mundial como lo es Estados Unidos; por el otro lado, hace frontera con Guatemala y Belice. Simult\u00e1neamente, al interior de M\u00e9xico los desplazamientos de poblaci\u00f3n se han dado, mayoritariamente, de zonas rurales e ind\u00edgenas a centros urbanos, reflejo de un devenir hist\u00f3rico desigual entre regiones.En este sentido, las migraciones trasnacionales e internas reflejan desigualdades estructurales (econ\u00f3micas, pol\u00edticas y sociales) entre pa\u00edses vecinos y entre regiones de un mismo pa\u00eds. No obstante, la migraci\u00f3n ha permitido que las personas que se desplazan hacia otros lugares de manera intermitente, temporal e incluso definitiva, tomen consciencia de su historia e identidad como migrantes y generen lazos sociales entre sus comunidades de origen y destino, logrando con ello defender su derecho a la movilidad, el respeto a sus derechos humanos y poseer una historia e identidad migratoria que los caracteriza. Lamentablemente, acompa\u00f1ado de una toma de consciencia y luchas por el reconocimiento e identidad social, los migrantes se han enfrentado hist\u00f3ricamente a vulnerabilidades y violencias de diversa \u00edndole que, en muchas ocasiones, los ha llevado a padecer violencias emocionales y f\u00edsicas.<\/strong><\/p>\n                    <p><strong style=\"font-weight: 400; color: rgb(0, 0, 0); font-family: Montserrat, sans-serif; font-size: 98%;\">El presente proyecto tiene por objetivo principal realizar una etnograf\u00eda hist\u00f3rica y multilocal en dos espacios migratorios regionalmente diferentes pero interconectados a trav\u00e9s de la migraci\u00f3n de 1940 a 1960. El primero, un espacio de migraci\u00f3n interna y transnacional en una localidad del centro norte de M\u00e9xico (Jerez, Zacatecas). El segundo, un espacio de migraci\u00f3n interna en una localidad fronteriza del sur del pa\u00eds (Candelaria, Campeche). Ambos contextos permitir\u00e1n realizar un estudio para conocer las conexiones, particularidades, semejanzas y diferencias del fen\u00f3meno migratorio en el M\u00e9xico de mediados del siglo XX. Para ello se emprender\u00e1 una etnograf\u00eda multisituada con el fin de continuar, reforzar, cuestionar o proponer nuevas estrategias metodol\u00f3gicas sobre este tipo de abordaje etnogr\u00e1fico para el estudio de las migraciones. Paralelamente se realizar\u00e1 una etnograf\u00eda hist\u00f3rica tomando como marco temporal: 1942-1964 para el caso de Jerez, Zacatecas y 1962-1964 para Candelaria, Campeche. Por tal motivo, la propuesta aqu\u00ed presentada se apoyar\u00e1 de la revisi\u00f3n de archivos hist\u00f3ricos nacionales y locales, hemerograf\u00eda, historias orales y trabajo de campo en localidades diversas dentro de estos dos espacios migratorios.<\/strong><\/p>\n                    <p><strong style=\"font-weight: 400; color: rgb(0, 0, 0); font-family: Montserrat, sans-serif; font-size: 98%;\">Responsable de proyecto<\/strong><\/p>\n                    <p><strong style=\"font-weight: 400; color: rgb(0, 0, 0); font-family: Montserrat, sans-serif; font-size: 98%;\">Juan Miguel Sarricolea Torres<\/strong><\/p>\n                    <p><strong style=\"font-weight: 400; color: rgb(0, 0, 0); font-family: Montserrat, sans-serif; font-size: 98%;\">juan_sarricolea@inah.gob.mx<\/strong><\/p>\n                    <p><strong style=\"font-weight: 400; color: rgb(0, 0, 0); font-family: Montserrat, sans-serif; font-size: 98%;\">Escuela de Antropolog\u00eda e Historia del Norte de M\u00e9xico<\/strong><\/p>\n                  <\/div>\n                <\/div>\n              <\/div>\n            <\/div>\n          <\/div>\n        <\/div>\n      <\/div>\n    <\/div>\n  <\/div>\n<\/div>","protected":false},"excerpt":{"rendered":"<p>L\u00ednea de investigaci\u00f3n: Diversidad cultural, identidad y memoria en el contexto de los problemas nacionales Eje: Diversidad cultural, conflicto y agencia ante los problemas nacionales Nombre de proyecto: Identidades migrantes. Etnograf\u00edas hist\u00f3ricas y multilocales en espacios migratorios Palabras clave: Historias migratorias, Identidades, Etnograf\u00eda e historia multisituadas, G\u00e9nero, Siglo XX La migraci\u00f3n transnacional e interna ha [&hellip;]<\/p>\n","protected":false},"author":1,"featured_media":0,"parent":0,"menu_order":0,"comment_status":"closed","ping_status":"closed","template":"page-templates\/full-width-page.php","meta":{"footnotes":""},"class_list":["post-2581","page","type-page","status-publish","hentry"],"_links":{"self":[{"href":"https:\/\/etnografia.inah.gob.mx\/index.php?rest_route=\/wp\/v2\/pages\/2581","targetHints":{"allow":["GET"]}}],"collection":[{"href":"https:\/\/etnografia.inah.gob.mx\/index.php?rest_route=\/wp\/v2\/pages"}],"about":[{"href":"https:\/\/etnografia.inah.gob.mx\/index.php?rest_route=\/wp\/v2\/types\/page"}],"author":[{"embeddable":true,"href":"https:\/\/etnografia.inah.gob.mx\/index.php?rest_route=\/wp\/v2\/users\/1"}],"replies":[{"embeddable":true,"href":"https:\/\/etnografia.inah.gob.mx\/index.php?rest_route=%2Fwp%2Fv2%2Fcomments&post=2581"}],"version-history":[{"count":2,"href":"https:\/\/etnografia.inah.gob.mx\/index.php?rest_route=\/wp\/v2\/pages\/2581\/revisions"}],"predecessor-version":[{"id":2789,"href":"https:\/\/etnografia.inah.gob.mx\/index.php?rest_route=\/wp\/v2\/pages\/2581\/revisions\/2789"}],"wp:attachment":[{"href":"https:\/\/etnografia.inah.gob.mx\/index.php?rest_route=%2Fwp%2Fv2%2Fmedia&parent=2581"}],"curies":[{"name":"wp","href":"https:\/\/api.w.org\/{rel}","templated":true}]}}