{"id":2564,"date":"2022-04-27T18:09:00","date_gmt":"2022-04-27T23:09:00","guid":{"rendered":"https:\/\/etnografia.convocatoriaprone.mx\/?page_id=2564"},"modified":"2022-05-03T15:43:20","modified_gmt":"2022-05-03T20:43:20","slug":"2-vulnerabilidad-y-resiliencia-la-experiencia-de-la-epidemia-de-covid-19-en-dos-contextos-ciudad-de-mexico-y-cepeda-peraza-yucatan","status":"publish","type":"page","link":"https:\/\/etnografia.inah.gob.mx\/?page_id=2564","title":{"rendered":"2. Vulnerabilidad y resiliencia. La experiencia de la epidemia de COVID-19 en dos contextos, Ciudad de M\u00e9xico y Cepeda Peraza, Yucat\u00e1n"},"content":{"rendered":"<div data-colibri-id=\"2564-c1\" class=\"style-1329 style-local-2564-c1 position-relative\">\n  <!---->\n  <div data-colibri-component=\"section\" data-colibri-id=\"2564-c5\" id=\"reusable-sections\" class=\"h-section h-section-global-spacing d-flex align-items-lg-center align-items-md-center align-items-center style-1333 style-local-2564-c5 position-relative\">\n    <!---->\n    <!---->\n    <div class=\"h-section-grid-container h-section-boxed-container\">\n      <!---->\n      <div data-colibri-id=\"2564-c6\" class=\"h-row-container gutters-row-lg-2 gutters-row-md-2 gutters-row-0 gutters-row-v-lg-2 gutters-row-v-md-2 gutters-row-v-2 style-1334 style-local-2564-c6 position-relative\">\n        <!---->\n        <div class=\"h-row justify-content-lg-center justify-content-md-center justify-content-center align-items-lg-stretch align-items-md-stretch align-items-stretch gutters-col-lg-2 gutters-col-md-2 gutters-col-0 gutters-col-v-lg-2 gutters-col-v-md-2 gutters-col-v-2\">\n          <!---->\n          <div class=\"h-column h-column-container d-flex h-col-lg-auto h-col-md-auto h-col-auto style-1335-outer style-local-2564-c7-outer\">\n            <div data-colibri-id=\"2564-c7\" class=\"d-flex h-flex-basis h-column__inner h-px-lg-2 h-px-md-2 h-px-2 v-inner-lg-2 v-inner-md-2 v-inner-2 style-1335 style-local-2564-c7 position-relative\">\n              <!---->\n              <!---->\n              <div class=\"w-100 h-y-container h-column__content h-column__v-align flex-basis-100 align-self-lg-start align-self-md-start align-self-start\">\n                <!---->\n                <div data-colibri-id=\"2564-c8\" data-aos=\"zoomIn\" class=\"h-text h-text-component style-1336 style-local-2564-c8 position-relative h-element\">\n                  <!---->\n                  <!---->\n                  <div class=\"\">\n                    <p><strong style=\"font-size: 98%; font-family: Montserrat, sans-serif; color: rgb(0, 0, 0); font-weight: 400;\">L\u00ednea de investigaci\u00f3n<em>: Diversidad cultural, identidad y memoria en el contexto de los problemas nacionales<\/em><\/strong><\/p>\n                    <p><strong style=\"font-size: 98%; font-family: Montserrat, sans-serif; color: rgb(0, 0, 0); font-weight: 400;\">Eje: <em>Diversidad cultural, conflicto y agencia ante los problemas nacionales<\/em><\/strong><\/p>\n                    <p><strong style=\"font-size: 98%; font-family: Montserrat, sans-serif; color: rgb(0, 0, 0); font-weight: 400;\">Nombre de proyecto: <em>Vulnerabilidad y resiliencia. La experiencia de la epidemia de COVID-19 en dos contextos, Ciudad de M\u00e9xico y Cepeda Peraza, Yucat\u00e1n.<\/em><\/strong><\/p>\n                    <p><strong style=\"font-size: 98%; font-family: Montserrat, sans-serif; color: rgb(0, 0, 0); font-weight: 400;\">Palabras clave: <em>Vulnerabilidad, Covid 19, Ciudad de M\u00e9xico, Comunidad maya<\/em><\/strong><\/p>\n                    <p><strong style=\"font-size: 98%; font-family: Montserrat, sans-serif; color: rgb(0, 0, 0); font-weight: 400;\">La pandemia de la COVID-19 afect\u00f3 a todos, pero de manera particular. Esta investigaci\u00f3n tiene por objetivo identificar cu\u00e1les son las condiciones que hacen vulnerables ante esta enfermedad a las personas que viven en la Ciudad de M\u00e9xico y Cepeda Peraza. Este proyecto interdisciplinario, utiliza metodolog\u00edas mixtas para ubicar las problem\u00e1ticas locales y globales, de esta manera, muestra la complejidad biosocial ante la crisis actual.<\/strong><\/p>\n                    <p><strong style=\"font-size: 98%; font-family: Montserrat, sans-serif; color: rgb(0, 0, 0); font-weight: 400;\">Responsable de proyecto<\/strong><\/p>\n                    <p><strong style=\"font-size: 98%; font-family: Montserrat, sans-serif; color: rgb(0, 0, 0); font-weight: 400;\">Geraldine Guadalupe Granados V\u00e1zquez<\/strong><\/p>\n                    <p><strong style=\"font-size: 98%; font-family: Montserrat, sans-serif; color: rgb(0, 0, 0); font-weight: 400;\">geraldine_granados@inah.gob.mx<\/strong><\/p>\n                    <p><strong style=\"font-size: 98%; font-family: Montserrat, sans-serif; color: rgb(0, 0, 0); font-weight: 400;\">Direcci\u00f3n de Antropolog\u00eda F\u00edsica<\/strong><\/p>\n                    <p><strong style=\"font-size: 98%; font-family: Montserrat, sans-serif; color: rgb(0, 0, 0); font-weight: 400;\">Aidin N. N\u00fa\u00f1ez Minjares<\/strong><\/p>\n                    <p><strong style=\"font-size: 98%; font-family: Montserrat, sans-serif; color: rgb(0, 0, 0); font-weight: 400;\">120160164@gmail.com<\/strong><\/p>\n                    <p><strong style=\"font-size: 98%; font-family: Montserrat, sans-serif; color: rgb(0, 0, 0); font-weight: 400;\">ENAH<\/strong><\/p>\n                    <p><strong style=\"font-size: 98%; font-family: Montserrat, sans-serif; color: rgb(0, 0, 0); font-weight: 400;\">&nbsp;Alfonso Manuel Gallardo Vel\u00e1zquez<\/strong><\/p>\n                    <p><strong style=\"font-size: 98%; font-family: Montserrat, sans-serif; color: rgb(0, 0, 0); font-weight: 400;\">gallvelalf56@gmail.com<\/strong><\/p>\n                    <p><strong style=\"font-size: 98%; font-family: Montserrat, sans-serif; color: rgb(0, 0, 0); font-weight: 400;\">Centro INAH Yucat\u00e1n<\/strong><\/p>\n                    <p><strong style=\"font-size: 98%; font-family: Montserrat, sans-serif; color: rgb(0, 0, 0); font-weight: 400;\">&nbsp;<\/strong><\/p>\n                    <p><strong style=\"font-size: 98%; font-family: Montserrat, sans-serif; color: rgb(0, 0, 0); font-weight: 400;\">Jorge Gonz\u00e1lez Guti\u00e9rrez<\/strong><\/p>\n                    <p><strong style=\"font-size: 98%; font-family: Montserrat, sans-serif; color: rgb(0, 0, 0); font-weight: 400;\">jorgegoonzalezgog@aragon.unam.mx<\/strong><\/p>\n                    <p><strong style=\"font-size: 98%; font-family: Montserrat, sans-serif; color: rgb(0, 0, 0); font-weight: 400;\">FES- Arag\u00f3n UNAM<\/strong><\/p>\n                    <p><strong style=\"font-size: 98%; font-family: Montserrat, sans-serif; color: rgb(0, 0, 0); font-weight: 400;\">Mar\u00eda Martha Gabriela Pimienta Merl\u00edn<\/strong><\/p>\n                    <p><strong style=\"font-size: 98%; font-family: Montserrat, sans-serif; color: rgb(0, 0, 0); font-weight: 400;\">pimientamerlinmartha@gmail.com<\/strong><\/p>\n                    <p><strong style=\"font-size: 98%; font-family: Montserrat, sans-serif; color: rgb(0, 0, 0); font-weight: 400;\">UNAM<\/strong><\/p>\n                    <p><strong style=\"font-size: 98%; font-family: Montserrat, sans-serif; color: rgb(0, 0, 0); font-weight: 400;\">Oana Del Castillo Ch\u00e1vez<\/strong><\/p>\n                    <p><strong style=\"font-size: 98%; font-family: Montserrat, sans-serif; color: rgb(0, 0, 0); font-weight: 400;\">oanadelcastillochavez@gmail.com<\/strong><\/p>\n                    <p><strong style=\"font-size: 98%; font-family: Montserrat, sans-serif; color: rgb(0, 0, 0); font-weight: 400;\">Centro INAH Yucat\u00e1n<\/strong><\/p>\n                  <\/div>\n                <\/div>\n              <\/div>\n            <\/div>\n          <\/div>\n        <\/div>\n      <\/div>\n    <\/div>\n  <\/div>\n  <div data-colibri-component=\"section\" data-colibri-id=\"2564-c9\" id=\"reusable-sections-2\" class=\"h-section h-section-global-spacing d-flex align-items-lg-center align-items-md-center align-items-center style-1337 style-local-2564-c9 position-relative\">\n    <!---->\n    <!---->\n    <div class=\"h-section-grid-container h-section-boxed-container\">\n      <!---->\n      <div data-colibri-id=\"2564-c10\" class=\"h-row-container gutters-row-lg-2 gutters-row-md-2 gutters-row-0 gutters-row-v-lg-2 gutters-row-v-md-2 gutters-row-v-2 style-1338 style-local-2564-c10 position-relative\">\n        <!---->\n        <div class=\"h-row justify-content-lg-center justify-content-md-center justify-content-center align-items-lg-stretch align-items-md-stretch align-items-stretch gutters-col-lg-2 gutters-col-md-2 gutters-col-0 gutters-col-v-lg-2 gutters-col-v-md-2 gutters-col-v-2\">\n          <!---->\n          <div class=\"h-column h-column-container d-flex h-col-lg-auto h-col-md-auto h-col-auto style-1339-outer style-local-2564-c11-outer\">\n            <div data-colibri-id=\"2564-c11\" class=\"d-flex h-flex-basis h-column__inner h-px-lg-2 h-px-md-2 h-px-2 v-inner-lg-2 v-inner-md-2 v-inner-2 style-1339 style-local-2564-c11 position-relative\">\n              <!---->\n              <!---->\n              <div class=\"w-100 h-y-container h-column__content h-column__v-align flex-basis-100 align-self-lg-start align-self-md-start align-self-start\">\n                <!---->\n                <div data-colibri-component=\"masonry\" data-colibri-id=\"2564-c12\" class=\"h-photo-gallery margin-none caption-overImage full-width caption-vertical-align-bottom photo-gallery--with-hover-effect photo-gallery--with-hover-effect--glow style-1340 style-local-2564-c12 position-relative h-element\">\n                  <!---->\n                  <div class=\"h-global-transition-all caption-wrapper-full\"><div id='colibri-2564-c12' class='gallery-wrapper'>    <style type=\"text\/css\">\n\n        @media (min-width: 1023px) {        #colibri-2564-c12        dl {\n            float: left;\n            width: 33.333333333333% !important;\n            max-width: 33.333333333333% !important;\n            min-width: 33.333333333333% !important;\n        }\n\n        #colibri-2564-c12        dl:nth-of-type(3n +1 ) {\n            clear: both;\n        }\n\n        }@media (min-width: 768px) and (max-width: 1023px) {        #colibri-2564-c12        dl {\n            float: left;\n            width: 33.333333333333% !important;\n            max-width: 33.333333333333% !important;\n            min-width: 33.333333333333% !important;\n        }\n\n        #colibri-2564-c12        dl:nth-of-type(3n +1 ) {\n            clear: both;\n        }\n\n        }@media (max-width: 767px) {        #colibri-2564-c12        dl {\n            float: left;\n            width: 33.333333333333% !important;\n            max-width: 33.333333333333% !important;\n            min-width: 33.333333333333% !important;\n        }\n\n        #colibri-2564-c12        dl:nth-of-type(3n +1 ) {\n            clear: both;\n        }\n\n        }\n        #colibri-2564-c12        .gallery-item {\n            position: relative;\n        }\n\n        \n    <\/style>\n    <div   class='colibri-2564-c12-dls-wrapper gallery-items-wrapper' ><dl class='gallery-item masonry-item'>\n\t\t\t<dt class='gallery-icon landscape'>\n\t\t\t\t<a data-fancybox=\"colibri-2564-c12-group\" href='https:\/\/etnografia.inah.gob.mx\/wp-content\/uploads\/2022\/05\/1.-Cepeda-Cepeda-Peraza-2019.-Fotografia-Alfonso-Gallardo.png'><img loading=\"lazy\" decoding=\"async\"  width=\"300\" height=\"225\" src=\"https:\/\/etnografia.inah.gob.mx\/wp-content\/uploads\/2022\/05\/1.-Cepeda-Cepeda-Peraza-2019.-Fotografia-Alfonso-Gallardo-300x225.png\"  class='colibri-2564-c12-image' alt=\"\" aria-describedby=\"gallery-1-2734\" srcset=\"https:\/\/etnografia.inah.gob.mx\/wp-content\/uploads\/2022\/05\/1.-Cepeda-Cepeda-Peraza-2019.-Fotografia-Alfonso-Gallardo-300x225.png 300w, https:\/\/etnografia.inah.gob.mx\/wp-content\/uploads\/2022\/05\/1.-Cepeda-Cepeda-Peraza-2019.-Fotografia-Alfonso-Gallardo-768x576.png 768w, https:\/\/etnografia.inah.gob.mx\/wp-content\/uploads\/2022\/05\/1.-Cepeda-Cepeda-Peraza-2019.-Fotografia-Alfonso-Gallardo.png 1024w\" sizes=\"auto, (max-width: 300px) 100vw, 300px\" \/><\/a>\n\t\t\t<\/dt>\n\t\t\t\t<div class=\"gallery-caption__wrapper\"><dd class='wp-caption-text gallery-caption' id='gallery-1-2734'>\n\t\t\t\tCepeda, Cepeda Peraza, 2019. Fotograf\u00eda Alfonso Gallardo\n\t\t\t\t<\/dd><\/div><\/dl><dl class='gallery-item masonry-item'>\n\t\t\t<dt class='gallery-icon landscape'>\n\t\t\t\t<a data-fancybox=\"colibri-2564-c12-group\" href='https:\/\/etnografia.inah.gob.mx\/wp-content\/uploads\/2022\/05\/2.-Gente-metrobus-Ciudad-de-Mexico-2022.-Fotografia-America-Santillan..jpg'><img loading=\"lazy\" decoding=\"async\"  width=\"300\" height=\"200\" src=\"https:\/\/etnografia.inah.gob.mx\/wp-content\/uploads\/2022\/05\/2.-Gente-metrobus-Ciudad-de-Mexico-2022.-Fotografia-America-Santillan.-300x200.jpg\"  class='colibri-2564-c12-image' alt=\"\" aria-describedby=\"gallery-1-2735\" srcset=\"https:\/\/etnografia.inah.gob.mx\/wp-content\/uploads\/2022\/05\/2.-Gente-metrobus-Ciudad-de-Mexico-2022.-Fotografia-America-Santillan.-300x200.jpg 300w, https:\/\/etnografia.inah.gob.mx\/wp-content\/uploads\/2022\/05\/2.-Gente-metrobus-Ciudad-de-Mexico-2022.-Fotografia-America-Santillan.-768x512.jpg 768w, https:\/\/etnografia.inah.gob.mx\/wp-content\/uploads\/2022\/05\/2.-Gente-metrobus-Ciudad-de-Mexico-2022.-Fotografia-America-Santillan..jpg 1024w\" sizes=\"auto, (max-width: 300px) 100vw, 300px\" \/><\/a>\n\t\t\t<\/dt>\n\t\t\t\t<div class=\"gallery-caption__wrapper\"><dd class='wp-caption-text gallery-caption' id='gallery-1-2735'>\n\t\t\t\tGente metrob\u00fas, Ciudad de M\u00e9xico, 2022. Fotograf\u00eda Am\u00e9rica Santill\u00e1n.\n\t\t\t\t<\/dd><\/div><\/dl><dl class='gallery-item masonry-item'>\n\t\t\t<dt class='gallery-icon landscape'>\n\t\t\t\t<a data-fancybox=\"colibri-2564-c12-group\" href='https:\/\/etnografia.inah.gob.mx\/wp-content\/uploads\/2022\/05\/3.-Imagen-del-proyecto-Ciudad-de-Mexico-2022.-Fotografia-America-Santillan..jpg'><img loading=\"lazy\" decoding=\"async\"  width=\"300\" height=\"202\" src=\"https:\/\/etnografia.inah.gob.mx\/wp-content\/uploads\/2022\/05\/3.-Imagen-del-proyecto-Ciudad-de-Mexico-2022.-Fotografia-America-Santillan.-300x202.jpg\"  class='colibri-2564-c12-image' alt=\"\" aria-describedby=\"gallery-1-2736\" srcset=\"https:\/\/etnografia.inah.gob.mx\/wp-content\/uploads\/2022\/05\/3.-Imagen-del-proyecto-Ciudad-de-Mexico-2022.-Fotografia-America-Santillan.-300x202.jpg 300w, https:\/\/etnografia.inah.gob.mx\/wp-content\/uploads\/2022\/05\/3.-Imagen-del-proyecto-Ciudad-de-Mexico-2022.-Fotografia-America-Santillan.-768x516.jpg 768w, https:\/\/etnografia.inah.gob.mx\/wp-content\/uploads\/2022\/05\/3.-Imagen-del-proyecto-Ciudad-de-Mexico-2022.-Fotografia-America-Santillan..jpg 1024w\" sizes=\"auto, (max-width: 300px) 100vw, 300px\" \/><\/a>\n\t\t\t<\/dt>\n\t\t\t\t<div class=\"gallery-caption__wrapper\"><dd class='wp-caption-text gallery-caption' id='gallery-1-2736'>\n\t\t\t\tImagen del proyecto, Ciudad de M\u00e9xico, 2022. Fotograf\u00eda Am\u00e9rica Santill\u00e1n.\n\t\t\t\t<\/dd><\/div><\/dl><dl class='gallery-item masonry-item'>\n\t\t\t<dt class='gallery-icon portrait'>\n\t\t\t\t<a data-fancybox=\"colibri-2564-c12-group\" href='https:\/\/etnografia.inah.gob.mx\/wp-content\/uploads\/2022\/05\/5.-Puesto-en-el-mercado-de-Tekax-Tekax-Yucatan-Fotografia-Oana-Del-Castillo.jpg'><img loading=\"lazy\" decoding=\"async\"  width=\"225\" height=\"300\" src=\"https:\/\/etnografia.inah.gob.mx\/wp-content\/uploads\/2022\/05\/5.-Puesto-en-el-mercado-de-Tekax-Tekax-Yucatan-Fotografia-Oana-Del-Castillo-225x300.jpg\"  class='colibri-2564-c12-image' alt=\"\" aria-describedby=\"gallery-1-2737\" srcset=\"https:\/\/etnografia.inah.gob.mx\/wp-content\/uploads\/2022\/05\/5.-Puesto-en-el-mercado-de-Tekax-Tekax-Yucatan-Fotografia-Oana-Del-Castillo-225x300.jpg 225w, https:\/\/etnografia.inah.gob.mx\/wp-content\/uploads\/2022\/05\/5.-Puesto-en-el-mercado-de-Tekax-Tekax-Yucatan-Fotografia-Oana-Del-Castillo-768x1023.jpg 768w, https:\/\/etnografia.inah.gob.mx\/wp-content\/uploads\/2022\/05\/5.-Puesto-en-el-mercado-de-Tekax-Tekax-Yucatan-Fotografia-Oana-Del-Castillo-1153x1536.jpg 1153w, https:\/\/etnografia.inah.gob.mx\/wp-content\/uploads\/2022\/05\/5.-Puesto-en-el-mercado-de-Tekax-Tekax-Yucatan-Fotografia-Oana-Del-Castillo.jpg 1200w\" sizes=\"auto, (max-width: 225px) 100vw, 225px\" \/><\/a>\n\t\t\t<\/dt>\n\t\t\t\t<div class=\"gallery-caption__wrapper\"><dd class='wp-caption-text gallery-caption' id='gallery-1-2737'>\n\t\t\t\tPuesto en el mercado de Tekax, Tekax Yucat\u00e1n, Fotograf\u00eda Oana Del Castillo\n\t\t\t\t<\/dd><\/div><\/dl><dl class='gallery-item masonry-item'>\n\t\t\t<dt class='gallery-icon portrait'>\n\t\t\t\t<a data-fancybox=\"colibri-2564-c12-group\" href='https:\/\/etnografia.inah.gob.mx\/wp-content\/uploads\/2022\/05\/6.-Dona-Toni-preparando-el-desayuno.-Cepeda-Peraza-Tekax-Yucatan-Fotografia-Oana-Del-Castillo..jpg'><img loading=\"lazy\" decoding=\"async\"  width=\"225\" height=\"300\" src=\"https:\/\/etnografia.inah.gob.mx\/wp-content\/uploads\/2022\/05\/6.-Dona-Toni-preparando-el-desayuno.-Cepeda-Peraza-Tekax-Yucatan-Fotografia-Oana-Del-Castillo.-225x300.jpg\"  class='colibri-2564-c12-image' alt=\"\" aria-describedby=\"gallery-1-2738\" srcset=\"https:\/\/etnografia.inah.gob.mx\/wp-content\/uploads\/2022\/05\/6.-Dona-Toni-preparando-el-desayuno.-Cepeda-Peraza-Tekax-Yucatan-Fotografia-Oana-Del-Castillo.-225x300.jpg 225w, https:\/\/etnografia.inah.gob.mx\/wp-content\/uploads\/2022\/05\/6.-Dona-Toni-preparando-el-desayuno.-Cepeda-Peraza-Tekax-Yucatan-Fotografia-Oana-Del-Castillo.-768x1023.jpg 768w, https:\/\/etnografia.inah.gob.mx\/wp-content\/uploads\/2022\/05\/6.-Dona-Toni-preparando-el-desayuno.-Cepeda-Peraza-Tekax-Yucatan-Fotografia-Oana-Del-Castillo.-1153x1536.jpg 1153w, https:\/\/etnografia.inah.gob.mx\/wp-content\/uploads\/2022\/05\/6.-Dona-Toni-preparando-el-desayuno.-Cepeda-Peraza-Tekax-Yucatan-Fotografia-Oana-Del-Castillo..jpg 1200w\" sizes=\"auto, (max-width: 225px) 100vw, 225px\" \/><\/a>\n\t\t\t<\/dt>\n\t\t\t\t<div class=\"gallery-caption__wrapper\"><dd class='wp-caption-text gallery-caption' id='gallery-1-2738'>\n\t\t\t\tDo\u00f1a Toni preparando el desayuno. Cepeda Peraza, Tekax Yucat\u00e1n, Fotograf\u00eda Oana Del Castillo.\n\t\t\t\t<\/dd><\/div><\/dl><dl class='gallery-item masonry-item'>\n\t\t\t<dt class='gallery-icon landscape'>\n\t\t\t\t<a data-fancybox=\"colibri-2564-c12-group\" href='https:\/\/etnografia.inah.gob.mx\/wp-content\/uploads\/2022\/05\/7.-Senor-en-catedral.-Ciudad-de-Mexico-Fotografia-America-Santillan.jpg'><img loading=\"lazy\" decoding=\"async\"  width=\"300\" height=\"200\" src=\"https:\/\/etnografia.inah.gob.mx\/wp-content\/uploads\/2022\/05\/7.-Senor-en-catedral.-Ciudad-de-Mexico-Fotografia-America-Santillan-300x200.jpg\"  class='colibri-2564-c12-image' alt=\"\" aria-describedby=\"gallery-1-2739\" srcset=\"https:\/\/etnografia.inah.gob.mx\/wp-content\/uploads\/2022\/05\/7.-Senor-en-catedral.-Ciudad-de-Mexico-Fotografia-America-Santillan-300x200.jpg 300w, https:\/\/etnografia.inah.gob.mx\/wp-content\/uploads\/2022\/05\/7.-Senor-en-catedral.-Ciudad-de-Mexico-Fotografia-America-Santillan-768x512.jpg 768w, https:\/\/etnografia.inah.gob.mx\/wp-content\/uploads\/2022\/05\/7.-Senor-en-catedral.-Ciudad-de-Mexico-Fotografia-America-Santillan.jpg 1024w\" sizes=\"auto, (max-width: 300px) 100vw, 300px\" \/><\/a>\n\t\t\t<\/dt>\n\t\t\t\t<div class=\"gallery-caption__wrapper\"><dd class='wp-caption-text gallery-caption' id='gallery-1-2739'>\n\t\t\t\tSe\u00f1or en catedral. Ciudad de M\u00e9xico, Fotograf\u00eda Am\u00e9rica Santill\u00e1n\n\t\t\t\t<\/dd><\/div><\/dl><dl class='gallery-item masonry-item'>\n\t\t\t<dt class='gallery-icon landscape'>\n\t\t\t\t<a data-fancybox=\"colibri-2564-c12-group\" href='https:\/\/etnografia.inah.gob.mx\/wp-content\/uploads\/2022\/05\/Lustrador-Ciudad-de-Mexico-2022.-Fotografia-America-Santillan..jpg'><img loading=\"lazy\" decoding=\"async\"  width=\"300\" height=\"205\" src=\"https:\/\/etnografia.inah.gob.mx\/wp-content\/uploads\/2022\/05\/Lustrador-Ciudad-de-Mexico-2022.-Fotografia-America-Santillan.-300x205.jpg\"  class='colibri-2564-c12-image' alt=\"\" aria-describedby=\"gallery-1-2740\" srcset=\"https:\/\/etnografia.inah.gob.mx\/wp-content\/uploads\/2022\/05\/Lustrador-Ciudad-de-Mexico-2022.-Fotografia-America-Santillan.-300x205.jpg 300w, https:\/\/etnografia.inah.gob.mx\/wp-content\/uploads\/2022\/05\/Lustrador-Ciudad-de-Mexico-2022.-Fotografia-America-Santillan.-768x526.jpg 768w, https:\/\/etnografia.inah.gob.mx\/wp-content\/uploads\/2022\/05\/Lustrador-Ciudad-de-Mexico-2022.-Fotografia-America-Santillan..jpg 1024w\" sizes=\"auto, (max-width: 300px) 100vw, 300px\" \/><\/a>\n\t\t\t<\/dt>\n\t\t\t\t<div class=\"gallery-caption__wrapper\"><dd class='wp-caption-text gallery-caption' id='gallery-1-2740'>\n\t\t\t\tLustrador, Ciudad de M\u00e9xico, 2022. Fotograf\u00eda Am\u00e9rica Santill\u00e1n.\n\t\t\t\t<\/dd><\/div><\/dl>\n\t\t\t\n\t\t<\/div>\n<style>#colibri-2564-c12 .wp-caption-text.gallery-caption{display:none;}<\/style><\/div><\/div>\n                <\/div>\n              <\/div>\n            <\/div>\n          <\/div>\n        <\/div>\n      <\/div>\n    <\/div>\n  <\/div>\n<\/div>","protected":false},"excerpt":{"rendered":"<p>L\u00ednea de investigaci\u00f3n: Diversidad cultural, identidad y memoria en el contexto de los problemas nacionales Eje: Diversidad cultural, conflicto y agencia ante los problemas nacionales Nombre de proyecto: Vulnerabilidad y resiliencia. La experiencia de la epidemia de COVID-19 en dos contextos, Ciudad de M\u00e9xico y Cepeda Peraza, Yucat\u00e1n. Palabras clave: Vulnerabilidad, Covid 19, Ciudad de [&hellip;]<\/p>\n","protected":false},"author":1,"featured_media":0,"parent":0,"menu_order":0,"comment_status":"closed","ping_status":"closed","template":"page-templates\/full-width-page.php","meta":{"footnotes":""},"class_list":["post-2564","page","type-page","status-publish","hentry"],"_links":{"self":[{"href":"https:\/\/etnografia.inah.gob.mx\/index.php?rest_route=\/wp\/v2\/pages\/2564","targetHints":{"allow":["GET"]}}],"collection":[{"href":"https:\/\/etnografia.inah.gob.mx\/index.php?rest_route=\/wp\/v2\/pages"}],"about":[{"href":"https:\/\/etnografia.inah.gob.mx\/index.php?rest_route=\/wp\/v2\/types\/page"}],"author":[{"embeddable":true,"href":"https:\/\/etnografia.inah.gob.mx\/index.php?rest_route=\/wp\/v2\/users\/1"}],"replies":[{"embeddable":true,"href":"https:\/\/etnografia.inah.gob.mx\/index.php?rest_route=%2Fwp%2Fv2%2Fcomments&post=2564"}],"version-history":[{"count":3,"href":"https:\/\/etnografia.inah.gob.mx\/index.php?rest_route=\/wp\/v2\/pages\/2564\/revisions"}],"predecessor-version":[{"id":2749,"href":"https:\/\/etnografia.inah.gob.mx\/index.php?rest_route=\/wp\/v2\/pages\/2564\/revisions\/2749"}],"wp:attachment":[{"href":"https:\/\/etnografia.inah.gob.mx\/index.php?rest_route=%2Fwp%2Fv2%2Fmedia&parent=2564"}],"curies":[{"name":"wp","href":"https:\/\/api.w.org\/{rel}","templated":true}]}}