{"id":2563,"date":"2022-04-27T18:09:00","date_gmt":"2022-04-27T23:09:00","guid":{"rendered":"https:\/\/etnografia.convocatoriaprone.mx\/?page_id=2563"},"modified":"2022-05-03T15:26:40","modified_gmt":"2022-05-03T20:26:40","slug":"1-la-genesis-de-asociaciones-entre-menonitas-raramuri-y-mexicanos-un-estudio-etnografico-sobre-las-redes-heterogeneas-en-chihuahua","status":"publish","type":"page","link":"https:\/\/etnografia.inah.gob.mx\/?page_id=2563","title":{"rendered":"1. La g\u00e9nesis de asociaciones entre menonitas, rar\u00e1muri y mexicanos.  Un estudio etnogr\u00e1fico sobre las redes heterog\u00e9neas en Chihuahua."},"content":{"rendered":"<div data-colibri-id=\"2563-c1\" class=\"style-1296 style-local-2563-c1 position-relative\">\n  <!---->\n  <div data-colibri-component=\"section\" data-colibri-id=\"2563-c18\" id=\"custom\" class=\"h-section h-section-global-spacing d-flex align-items-lg-center align-items-md-center align-items-center style-1313 style-local-2563-c18 position-relative\">\n    <!---->\n    <!---->\n    <div class=\"h-section-grid-container h-section-boxed-container\">\n      <!---->\n      <div data-colibri-id=\"2563-c21\" class=\"h-row-container gutters-row-lg-2 gutters-row-md-2 gutters-row-0 gutters-row-v-lg-2 gutters-row-v-md-2 gutters-row-v-2 style-1316 style-local-2563-c21 position-relative\">\n        <!---->\n        <div class=\"h-row justify-content-lg-center justify-content-md-center justify-content-center align-items-lg-stretch align-items-md-stretch align-items-stretch gutters-col-lg-2 gutters-col-md-2 gutters-col-0 gutters-col-v-lg-2 gutters-col-v-md-2 gutters-col-v-2\">\n          <!---->\n          <div class=\"h-column h-column-container d-flex h-col-lg-auto h-col-md-auto h-col-auto style-1317-outer style-local-2563-c22-outer\">\n            <div data-colibri-id=\"2563-c22\" class=\"d-flex h-flex-basis h-column__inner h-px-lg-2 h-px-md-2 h-px-2 v-inner-lg-2 v-inner-md-2 v-inner-2 style-1317 style-local-2563-c22 position-relative\">\n              <!---->\n              <!---->\n              <div class=\"w-100 h-y-container h-column__content h-column__v-align flex-basis-100 align-self-lg-start align-self-md-start align-self-start\">\n                <!---->\n                <div data-colibri-id=\"2563-c23\" class=\"h-text h-text-component style-1318 style-local-2563-c23 position-relative h-element\" data-aos=\"zoomIn\">\n                  <!---->\n                  <!---->\n                  <div class=\"\">\n                    <p><strong style=\"font-size: 101%; font-family: Montserrat, sans-serif; color: rgb(0, 0, 0); font-weight: 400;\">L\u00ednea de investigaci\u00f3n<em>: Diversidad cultural, identidad y memoria en el contexto de los problemas nacionales<\/em><\/strong><\/p>\n                    <p><strong style=\"font-size: 101%; font-family: Montserrat, sans-serif; color: rgb(0, 0, 0); font-weight: 400;\">Eje: <em>Diversidad cultural, conflicto y agencia ante los problemas nacionales<\/em><\/strong><\/p>\n                    <p><strong style=\"font-size: 101%; font-family: Montserrat, sans-serif; color: rgb(0, 0, 0); font-weight: 400;\">Nombre de proyecto: <em>La g\u00e9nesis de asociaciones entre menonitas, rar\u00e1muri y mexicanos.&nbsp;Un estudio etnogr\u00e1fico sobre las redes heterog\u00e9neas en Chihuahua.<\/em><\/strong><\/p>\n                    <p><strong style=\"font-size: 101%; font-family: Montserrat, sans-serif; color: rgb(0, 0, 0); font-weight: 400;\">Palabras clave: <em>Redes, Actantes, Cuauht\u00e9moc Chihuahua, Menonitas, Rar\u00e1muri<\/em><\/strong><\/p>\n                    <p><strong style=\"font-size: 101%; font-family: Montserrat, sans-serif; color: rgb(0, 0, 0); font-weight: 400;\">El presente proyecto est\u00e1 enfocado en la descripci\u00f3n de la configuraci\u00f3n de grupos y redes entre rar\u00e1muri, menonitas y mestizos (llamados \u201cmexicanos\u201d) en distintas ciudades de Chihuahua como Cuauht\u00e9moc, Rubio y Namiquipa. Las ciudades como Cuauht\u00e9moc se han caracterizado por la presencia de grupos diferenciados en t\u00e9rminos culturales debido, entre otros aspectos, a la alta actividad agr\u00edcola. Estas ciudades reciben desde hace varias d\u00e9cadas a los distintos grupos ind\u00edgenas de la sierra Madre Occidental tanto de Chihuahua como de Sonora, para el trabajo en las huertas manzaneras. Adem\u00e1s, desde principios del siglo XX, a la ciudad de Cuauht\u00e9moc lleg\u00f3 un contingente de menonitas procedentes de Manitoba, Canad\u00e1. Estas caracter\u00edsticas y eventos hist\u00f3ricos hacen de las ciudades multiculturales como Cuauht\u00e9moc, un laboratorio para entender las relaciones inter\u00e9tnicas entre distintos grupos y la configuraci\u00f3n de agrupaciones. En este sentido, este proyecto se propone describir las situaciones donde se presentan las interacciones entre estos grupos y analizar los ensambles que se desprenden de la misma interacci\u00f3n.&nbsp;&nbsp;&nbsp;&nbsp;&nbsp;&nbsp;&nbsp;&nbsp;&nbsp;&nbsp;&nbsp;&nbsp;&nbsp;&nbsp;&nbsp;&nbsp;&nbsp;&nbsp;&nbsp;&nbsp;&nbsp;&nbsp;&nbsp;&nbsp;&nbsp;&nbsp;&nbsp;&nbsp;&nbsp;&nbsp;&nbsp;&nbsp;&nbsp;&nbsp;&nbsp;&nbsp;&nbsp;&nbsp;&nbsp;&nbsp;&nbsp;&nbsp;&nbsp;&nbsp;&nbsp;&nbsp;&nbsp;&nbsp;&nbsp;&nbsp;&nbsp;&nbsp;&nbsp;&nbsp;&nbsp;&nbsp;&nbsp;&nbsp;&nbsp;&nbsp;&nbsp;&nbsp;&nbsp;&nbsp;&nbsp;&nbsp;&nbsp;&nbsp;&nbsp;<\/strong><\/p>\n                    <p><strong style=\"font-size: 101%; font-family: Montserrat, sans-serif; color: rgb(0, 0, 0); font-weight: 400;\">Pero la descripci\u00f3n no solo implica considerar las acciones entre los humanos participantes, tambi\u00e9n se propone describir y rastrear los objetos y tecnolog\u00edas que median en las relaciones entre los humanos. De acuerdo con la Teor\u00eda del Actor-Red (TAR), los objetos-actores son parte de las acciones donde participan los humanos. En este sentido, la descripci\u00f3n permitir\u00e1 destacar el papel de la tecnolog\u00eda en la conformaci\u00f3n -g\u00e9nesis- de estas redes. La pregunta principal del proyecto es: \u00bfqu\u00e9 tipo de objetos-actores han sido determinantes en la conformaci\u00f3n de relaciones inter\u00e9tnicas? Y la pregunta secundaria es: \u00bfCu\u00e1les son los cambios en la tecnolog\u00eda que han ido modificando el tipo de configuraciones humanas?<\/strong><\/p>\n                    <p><strong style=\"font-size: 101%; font-family: Montserrat, sans-serif; color: rgb(0, 0, 0); font-weight: 400;\">Responsable de proyecto<\/strong><\/p>\n                    <p><strong style=\"font-size: 101%; font-family: Montserrat, sans-serif; color: rgb(0, 0, 0); font-weight: 400;\">Andr\u00e9s Oseguera Montiel<\/strong><\/p>\n                    <p><strong style=\"font-size: 101%; font-family: Montserrat, sans-serif; color: rgb(0, 0, 0); font-weight: 400;\">andres_oseguera@inah.gob.mx<\/strong><\/p>\n                    <p><strong style=\"font-size: 101%; font-family: Montserrat, sans-serif; color: rgb(0, 0, 0); font-weight: 400;\">Escuela de Antropolog\u00eda e Historia del Norte de M\u00e9xico<\/strong><\/p>\n                  <\/div>\n                <\/div>\n              <\/div>\n            <\/div>\n          <\/div>\n        <\/div>\n      <\/div>\n    <\/div>\n  <\/div>\n  <div data-colibri-component=\"section\" data-colibri-id=\"2563-c24\" id=\"custom-2\" class=\"h-section h-section-global-spacing d-flex align-items-lg-center align-items-md-center align-items-center style-1319 style-local-2563-c24 position-relative\" data-aos=\"fadeIn\">\n    <!---->\n    <!---->\n    <div class=\"h-section-grid-container h-section-boxed-container\">\n      <!---->\n      <div data-colibri-id=\"2563-c27\" class=\"h-row-container gutters-row-lg-2 gutters-row-md-2 gutters-row-0 gutters-row-v-lg-2 gutters-row-v-md-2 gutters-row-v-2 style-1322 style-local-2563-c27 position-relative\">\n        <!---->\n        <div class=\"h-row justify-content-lg-center justify-content-md-center justify-content-center align-items-lg-stretch align-items-md-stretch align-items-stretch gutters-col-lg-2 gutters-col-md-2 gutters-col-0 gutters-col-v-lg-2 gutters-col-v-md-2 gutters-col-v-2\">\n          <!---->\n          <div class=\"h-column h-column-container d-flex h-col-lg-auto h-col-md-auto h-col-auto style-1323-outer style-local-2563-c28-outer\">\n            <div data-colibri-id=\"2563-c28\" class=\"d-flex h-flex-basis h-column__inner h-px-lg-2 h-px-md-2 h-px-2 v-inner-lg-2 v-inner-md-2 v-inner-2 style-1323 style-local-2563-c28 position-relative\">\n              <!---->\n              <!---->\n              <div class=\"w-100 h-y-container h-column__content h-column__v-align flex-basis-100 align-self-lg-start align-self-md-start align-self-start\">\n                <!---->\n                <div data-colibri-component=\"masonry\" data-colibri-id=\"2563-c29\" class=\"h-photo-gallery margin-none caption-overImage full-width caption-vertical-align-bottom photo-gallery--with-hover-effect photo-gallery--with-hover-effect--glow style-1324 style-local-2563-c29 position-relative h-element\">\n                  <!---->\n                  <div class=\"h-global-transition-all caption-wrapper-full\"><div id='colibri-2563-c29' class='gallery-wrapper'>    <style type=\"text\/css\">\n\n        @media (min-width: 1023px) {        #colibri-2563-c29        dl {\n            float: left;\n            width: 33.333333333333% !important;\n            max-width: 33.333333333333% !important;\n            min-width: 33.333333333333% !important;\n        }\n\n        #colibri-2563-c29        dl:nth-of-type(3n +1 ) {\n            clear: both;\n        }\n\n        }@media (min-width: 768px) and (max-width: 1023px) {        #colibri-2563-c29        dl {\n            float: left;\n            width: 33.333333333333% !important;\n            max-width: 33.333333333333% !important;\n            min-width: 33.333333333333% !important;\n        }\n\n        #colibri-2563-c29        dl:nth-of-type(3n +1 ) {\n            clear: both;\n        }\n\n        }@media (max-width: 767px) {        #colibri-2563-c29        dl {\n            float: left;\n            width: 33.333333333333% !important;\n            max-width: 33.333333333333% !important;\n            min-width: 33.333333333333% !important;\n        }\n\n        #colibri-2563-c29        dl:nth-of-type(3n +1 ) {\n            clear: both;\n        }\n\n        }\n        #colibri-2563-c29        .gallery-item {\n            position: relative;\n        }\n\n        \n    <\/style>\n    <div   class='colibri-2563-c29-dls-wrapper gallery-items-wrapper' ><dl class='gallery-item masonry-item'>\n\t\t\t<dt class='gallery-icon landscape'>\n\t\t\t\t<a data-fancybox=\"colibri-2563-c29-group\" href='https:\/\/etnografia.inah.gob.mx\/wp-content\/uploads\/2022\/05\/Foto-1_-Mujer-menonita-y-tecnologia-Cuauhtemoc-2018-Fotografia_-Andres-Oseguera-scaled.jpg'><img loading=\"lazy\" decoding=\"async\"  width=\"300\" height=\"225\" src=\"https:\/\/etnografia.inah.gob.mx\/wp-content\/uploads\/2022\/05\/Foto-1_-Mujer-menonita-y-tecnologia-Cuauhtemoc-2018-Fotografia_-Andres-Oseguera-300x225.jpg\"  class='colibri-2563-c29-image' alt=\"\" aria-describedby=\"gallery-1-2659\" srcset=\"https:\/\/etnografia.inah.gob.mx\/wp-content\/uploads\/2022\/05\/Foto-1_-Mujer-menonita-y-tecnologia-Cuauhtemoc-2018-Fotografia_-Andres-Oseguera-300x225.jpg 300w, https:\/\/etnografia.inah.gob.mx\/wp-content\/uploads\/2022\/05\/Foto-1_-Mujer-menonita-y-tecnologia-Cuauhtemoc-2018-Fotografia_-Andres-Oseguera-1024x768.jpg 1024w, https:\/\/etnografia.inah.gob.mx\/wp-content\/uploads\/2022\/05\/Foto-1_-Mujer-menonita-y-tecnologia-Cuauhtemoc-2018-Fotografia_-Andres-Oseguera-768x576.jpg 768w, https:\/\/etnografia.inah.gob.mx\/wp-content\/uploads\/2022\/05\/Foto-1_-Mujer-menonita-y-tecnologia-Cuauhtemoc-2018-Fotografia_-Andres-Oseguera-1536x1152.jpg 1536w, https:\/\/etnografia.inah.gob.mx\/wp-content\/uploads\/2022\/05\/Foto-1_-Mujer-menonita-y-tecnologia-Cuauhtemoc-2018-Fotografia_-Andres-Oseguera-2048x1536.jpg 2048w\" sizes=\"auto, (max-width: 300px) 100vw, 300px\" \/><\/a>\n\t\t\t<\/dt>\n\t\t\t\t<div class=\"gallery-caption__wrapper\"><dd class='wp-caption-text gallery-caption' id='gallery-1-2659'>\n\t\t\t\tMujer menonita y tecnolog\u00eda, Cuauht\u00e9moc, 2018, Fotograf\u00eda: Andr\u00e9s Oseguera\n\t\t\t\t<\/dd><\/div><\/dl><dl class='gallery-item masonry-item'>\n\t\t\t<dt class='gallery-icon landscape'>\n\t\t\t\t<a data-fancybox=\"colibri-2563-c29-group\" href='https:\/\/etnografia.inah.gob.mx\/wp-content\/uploads\/2022\/05\/Foto-2_-Musicos-menonitas-Cuauhtemoc-2018-Fotografia_-Andres-Oseguera-scaled.jpg'><img loading=\"lazy\" decoding=\"async\"  width=\"300\" height=\"225\" src=\"https:\/\/etnografia.inah.gob.mx\/wp-content\/uploads\/2022\/05\/Foto-2_-Musicos-menonitas-Cuauhtemoc-2018-Fotografia_-Andres-Oseguera-300x225.jpg\"  class='colibri-2563-c29-image' alt=\"\" aria-describedby=\"gallery-1-2660\" srcset=\"https:\/\/etnografia.inah.gob.mx\/wp-content\/uploads\/2022\/05\/Foto-2_-Musicos-menonitas-Cuauhtemoc-2018-Fotografia_-Andres-Oseguera-300x225.jpg 300w, https:\/\/etnografia.inah.gob.mx\/wp-content\/uploads\/2022\/05\/Foto-2_-Musicos-menonitas-Cuauhtemoc-2018-Fotografia_-Andres-Oseguera-1024x768.jpg 1024w, https:\/\/etnografia.inah.gob.mx\/wp-content\/uploads\/2022\/05\/Foto-2_-Musicos-menonitas-Cuauhtemoc-2018-Fotografia_-Andres-Oseguera-768x576.jpg 768w, https:\/\/etnografia.inah.gob.mx\/wp-content\/uploads\/2022\/05\/Foto-2_-Musicos-menonitas-Cuauhtemoc-2018-Fotografia_-Andres-Oseguera-1536x1152.jpg 1536w, https:\/\/etnografia.inah.gob.mx\/wp-content\/uploads\/2022\/05\/Foto-2_-Musicos-menonitas-Cuauhtemoc-2018-Fotografia_-Andres-Oseguera-2048x1536.jpg 2048w\" sizes=\"auto, (max-width: 300px) 100vw, 300px\" \/><\/a>\n\t\t\t<\/dt>\n\t\t\t\t<div class=\"gallery-caption__wrapper\"><dd class='wp-caption-text gallery-caption' id='gallery-1-2660'>\n\t\t\t\tM\u00fasicos menonitas, Cuauht\u00e9moc, 2018, Fotograf\u00eda: Andr\u00e9s Oseguera\n\t\t\t\t<\/dd><\/div><\/dl><dl class='gallery-item masonry-item'>\n\t\t\t<dt class='gallery-icon landscape'>\n\t\t\t\t<a data-fancybox=\"colibri-2563-c29-group\" href='https:\/\/etnografia.inah.gob.mx\/wp-content\/uploads\/2022\/05\/Foto-3_-Tecnologia-menonita-Cuauhtemoc-2018-Fotografia_-Andres-Oseguera-scaled.jpg'><img loading=\"lazy\" decoding=\"async\"  width=\"300\" height=\"225\" src=\"https:\/\/etnografia.inah.gob.mx\/wp-content\/uploads\/2022\/05\/Foto-3_-Tecnologia-menonita-Cuauhtemoc-2018-Fotografia_-Andres-Oseguera-300x225.jpg\"  class='colibri-2563-c29-image' alt=\"\" aria-describedby=\"gallery-1-2661\" srcset=\"https:\/\/etnografia.inah.gob.mx\/wp-content\/uploads\/2022\/05\/Foto-3_-Tecnologia-menonita-Cuauhtemoc-2018-Fotografia_-Andres-Oseguera-300x225.jpg 300w, https:\/\/etnografia.inah.gob.mx\/wp-content\/uploads\/2022\/05\/Foto-3_-Tecnologia-menonita-Cuauhtemoc-2018-Fotografia_-Andres-Oseguera-1024x768.jpg 1024w, https:\/\/etnografia.inah.gob.mx\/wp-content\/uploads\/2022\/05\/Foto-3_-Tecnologia-menonita-Cuauhtemoc-2018-Fotografia_-Andres-Oseguera-768x576.jpg 768w, https:\/\/etnografia.inah.gob.mx\/wp-content\/uploads\/2022\/05\/Foto-3_-Tecnologia-menonita-Cuauhtemoc-2018-Fotografia_-Andres-Oseguera-1536x1152.jpg 1536w, https:\/\/etnografia.inah.gob.mx\/wp-content\/uploads\/2022\/05\/Foto-3_-Tecnologia-menonita-Cuauhtemoc-2018-Fotografia_-Andres-Oseguera-2048x1536.jpg 2048w\" sizes=\"auto, (max-width: 300px) 100vw, 300px\" \/><\/a>\n\t\t\t<\/dt>\n\t\t\t\t<div class=\"gallery-caption__wrapper\"><dd class='wp-caption-text gallery-caption' id='gallery-1-2661'>\n\t\t\t\tTecnolog\u00eda menonita, Cuauht\u00e9moc, 2018, Fotograf\u00eda: Andr\u00e9s Oseguera\n\t\t\t\t<\/dd><\/div><\/dl><dl class='gallery-item masonry-item'>\n\t\t\t<dt class='gallery-icon landscape'>\n\t\t\t\t<a data-fancybox=\"colibri-2563-c29-group\" href='https:\/\/etnografia.inah.gob.mx\/wp-content\/uploads\/2022\/05\/Foto-4_-Colonia-Rayenali-Cuauhtemoc-2018-Fotografia_-Andres-Oseguera-scaled.jpg'><img loading=\"lazy\" decoding=\"async\"  width=\"300\" height=\"199\" src=\"https:\/\/etnografia.inah.gob.mx\/wp-content\/uploads\/2022\/05\/Foto-4_-Colonia-Rayenali-Cuauhtemoc-2018-Fotografia_-Andres-Oseguera-300x199.jpg\"  class='colibri-2563-c29-image' alt=\"\" aria-describedby=\"gallery-1-2662\" srcset=\"https:\/\/etnografia.inah.gob.mx\/wp-content\/uploads\/2022\/05\/Foto-4_-Colonia-Rayenali-Cuauhtemoc-2018-Fotografia_-Andres-Oseguera-300x199.jpg 300w, https:\/\/etnografia.inah.gob.mx\/wp-content\/uploads\/2022\/05\/Foto-4_-Colonia-Rayenali-Cuauhtemoc-2018-Fotografia_-Andres-Oseguera-1024x678.jpg 1024w, https:\/\/etnografia.inah.gob.mx\/wp-content\/uploads\/2022\/05\/Foto-4_-Colonia-Rayenali-Cuauhtemoc-2018-Fotografia_-Andres-Oseguera-768x509.jpg 768w, https:\/\/etnografia.inah.gob.mx\/wp-content\/uploads\/2022\/05\/Foto-4_-Colonia-Rayenali-Cuauhtemoc-2018-Fotografia_-Andres-Oseguera-1536x1017.jpg 1536w, https:\/\/etnografia.inah.gob.mx\/wp-content\/uploads\/2022\/05\/Foto-4_-Colonia-Rayenali-Cuauhtemoc-2018-Fotografia_-Andres-Oseguera-2048x1356.jpg 2048w\" sizes=\"auto, (max-width: 300px) 100vw, 300px\" \/><\/a>\n\t\t\t<\/dt>\n\t\t\t\t<div class=\"gallery-caption__wrapper\"><dd class='wp-caption-text gallery-caption' id='gallery-1-2662'>\n\t\t\t\tColonia Ray\u00e9nali, Cuauht\u00e9moc, 2018, Fotograf\u00eda: Andr\u00e9s Oseguera\n\t\t\t\t<\/dd><\/div><\/dl><dl class='gallery-item masonry-item'>\n\t\t\t<dt class='gallery-icon landscape'>\n\t\t\t\t<a data-fancybox=\"colibri-2563-c29-group\" href='https:\/\/etnografia.inah.gob.mx\/wp-content\/uploads\/2022\/05\/Foto-5_-Ninos-raramuri-y-comida-ritual-Cuauhtemoc-2018-Fotografia_-Andres-Oseguera-scaled.jpg'><img loading=\"lazy\" decoding=\"async\"  width=\"300\" height=\"199\" src=\"https:\/\/etnografia.inah.gob.mx\/wp-content\/uploads\/2022\/05\/Foto-5_-Ninos-raramuri-y-comida-ritual-Cuauhtemoc-2018-Fotografia_-Andres-Oseguera-300x199.jpg\"  class='colibri-2563-c29-image' alt=\"\" aria-describedby=\"gallery-1-2663\" srcset=\"https:\/\/etnografia.inah.gob.mx\/wp-content\/uploads\/2022\/05\/Foto-5_-Ninos-raramuri-y-comida-ritual-Cuauhtemoc-2018-Fotografia_-Andres-Oseguera-300x199.jpg 300w, https:\/\/etnografia.inah.gob.mx\/wp-content\/uploads\/2022\/05\/Foto-5_-Ninos-raramuri-y-comida-ritual-Cuauhtemoc-2018-Fotografia_-Andres-Oseguera-1024x678.jpg 1024w, https:\/\/etnografia.inah.gob.mx\/wp-content\/uploads\/2022\/05\/Foto-5_-Ninos-raramuri-y-comida-ritual-Cuauhtemoc-2018-Fotografia_-Andres-Oseguera-768x509.jpg 768w, https:\/\/etnografia.inah.gob.mx\/wp-content\/uploads\/2022\/05\/Foto-5_-Ninos-raramuri-y-comida-ritual-Cuauhtemoc-2018-Fotografia_-Andres-Oseguera-1536x1017.jpg 1536w, https:\/\/etnografia.inah.gob.mx\/wp-content\/uploads\/2022\/05\/Foto-5_-Ninos-raramuri-y-comida-ritual-Cuauhtemoc-2018-Fotografia_-Andres-Oseguera-2048x1356.jpg 2048w\" sizes=\"auto, (max-width: 300px) 100vw, 300px\" \/><\/a>\n\t\t\t<\/dt>\n\t\t\t\t<div class=\"gallery-caption__wrapper\"><dd class='wp-caption-text gallery-caption' id='gallery-1-2663'>\n\t\t\t\tNi\u00f1os rar\u00e1muri y comida ritual, Cuauht\u00e9moc, 2018, Fotograf\u00eda: Andr\u00e9s Oseguera\n\t\t\t\t<\/dd><\/div><\/dl><dl class='gallery-item masonry-item'>\n\t\t\t<dt class='gallery-icon landscape'>\n\t\t\t\t<a data-fancybox=\"colibri-2563-c29-group\" href='https:\/\/etnografia.inah.gob.mx\/wp-content\/uploads\/2022\/05\/Foto-6_-Nina-raramuri-y-bicicleta-Cuauhtemoc-2018-Fotografia_-Andres-Oseguerajpg.jpg'><img loading=\"lazy\" decoding=\"async\"  width=\"300\" height=\"199\" src=\"https:\/\/etnografia.inah.gob.mx\/wp-content\/uploads\/2022\/05\/Foto-6_-Nina-raramuri-y-bicicleta-Cuauhtemoc-2018-Fotografia_-Andres-Oseguerajpg-300x199.jpg\"  class='colibri-2563-c29-image' alt=\"\" aria-describedby=\"gallery-1-2664\" srcset=\"https:\/\/etnografia.inah.gob.mx\/wp-content\/uploads\/2022\/05\/Foto-6_-Nina-raramuri-y-bicicleta-Cuauhtemoc-2018-Fotografia_-Andres-Oseguerajpg-300x199.jpg 300w, https:\/\/etnografia.inah.gob.mx\/wp-content\/uploads\/2022\/05\/Foto-6_-Nina-raramuri-y-bicicleta-Cuauhtemoc-2018-Fotografia_-Andres-Oseguerajpg-1024x678.jpg 1024w, https:\/\/etnografia.inah.gob.mx\/wp-content\/uploads\/2022\/05\/Foto-6_-Nina-raramuri-y-bicicleta-Cuauhtemoc-2018-Fotografia_-Andres-Oseguerajpg-768x508.jpg 768w, https:\/\/etnografia.inah.gob.mx\/wp-content\/uploads\/2022\/05\/Foto-6_-Nina-raramuri-y-bicicleta-Cuauhtemoc-2018-Fotografia_-Andres-Oseguerajpg.jpg 1280w\" sizes=\"auto, (max-width: 300px) 100vw, 300px\" \/><\/a>\n\t\t\t<\/dt>\n\t\t\t\t<div class=\"gallery-caption__wrapper\"><dd class='wp-caption-text gallery-caption' id='gallery-1-2664'>\n\t\t\t\tNi\u00f1a rar\u00e1muri y bicicleta, Cuauht\u00e9moc, 2018, Fotograf\u00eda: Andr\u00e9s Oseguera\n\t\t\t\t<\/dd><\/div><\/dl>\n\t\t\t\n\t\t<\/div>\n<style>#colibri-2563-c29 .wp-caption-text.gallery-caption{display:none;}<\/style><\/div><\/div>\n                <\/div>\n              <\/div>\n            <\/div>\n          <\/div>\n        <\/div>\n      <\/div>\n    <\/div>\n  <\/div>\n<\/div>","protected":false},"excerpt":{"rendered":"<p>L\u00ednea de investigaci\u00f3n: Diversidad cultural, identidad y memoria en el contexto de los problemas nacionales Eje: Diversidad cultural, conflicto y agencia ante los problemas nacionales Nombre de proyecto: La g\u00e9nesis de asociaciones entre menonitas, rar\u00e1muri y mexicanos.&nbsp;Un estudio etnogr\u00e1fico sobre las redes heterog\u00e9neas en Chihuahua. Palabras clave: Redes, Actantes, Cuauht\u00e9moc Chihuahua, Menonitas, Rar\u00e1muri El presente [&hellip;]<\/p>\n","protected":false},"author":1,"featured_media":0,"parent":0,"menu_order":0,"comment_status":"closed","ping_status":"closed","template":"page-templates\/full-width-page.php","meta":{"footnotes":""},"class_list":["post-2563","page","type-page","status-publish","hentry"],"_links":{"self":[{"href":"https:\/\/etnografia.inah.gob.mx\/index.php?rest_route=\/wp\/v2\/pages\/2563","targetHints":{"allow":["GET"]}}],"collection":[{"href":"https:\/\/etnografia.inah.gob.mx\/index.php?rest_route=\/wp\/v2\/pages"}],"about":[{"href":"https:\/\/etnografia.inah.gob.mx\/index.php?rest_route=\/wp\/v2\/types\/page"}],"author":[{"embeddable":true,"href":"https:\/\/etnografia.inah.gob.mx\/index.php?rest_route=\/wp\/v2\/users\/1"}],"replies":[{"embeddable":true,"href":"https:\/\/etnografia.inah.gob.mx\/index.php?rest_route=%2Fwp%2Fv2%2Fcomments&post=2563"}],"version-history":[{"count":10,"href":"https:\/\/etnografia.inah.gob.mx\/index.php?rest_route=\/wp\/v2\/pages\/2563\/revisions"}],"predecessor-version":[{"id":2728,"href":"https:\/\/etnografia.inah.gob.mx\/index.php?rest_route=\/wp\/v2\/pages\/2563\/revisions\/2728"}],"wp:attachment":[{"href":"https:\/\/etnografia.inah.gob.mx\/index.php?rest_route=%2Fwp%2Fv2%2Fmedia&parent=2563"}],"curies":[{"name":"wp","href":"https:\/\/api.w.org\/{rel}","templated":true}]}}